{"id":117873,"date":"2025-05-09T12:40:56","date_gmt":"2025-05-09T10:40:56","guid":{"rendered":"https:\/\/poppers-online.ch\/produkt\/plug-anale-fantasy-con-telecomando\/"},"modified":"2025-05-19T11:12:18","modified_gmt":"2025-05-19T09:12:18","slug":"plug-anale-fantasy-con-telecomando","status":"publish","type":"product","link":"https:\/\/poppers-online.ch\/it\/prodotto\/plug-anale-fantasy-con-telecomando\/","title":{"rendered":"Plug anale fantasy con telecomando"},"content":{"rendered":"","protected":false},"excerpt":{"rendered":"<div>Il <strong>plug anale fantasy con telecomando<\/strong> \u00e8 ideale per i principianti ed \u00e8 facile da inserire grazie alla sua punta arrotondata. Grazie alle sue 10 diverse modalit\u00e0 di vibrazione, potrai sperimentare la penetrazione anale a un livello completamente nuovo. <\/div>\n<div><\/div>\n<div>Il silicone igienico \u00e8 privo di ftalati e pu\u00f2 essere facilmente pulito sotto l&#8217;acqua corrente con sapone o detergente per giocattoli. La spina \u00e8 impermeabile. <\/div>\n<div>Ti consigliamo di utilizzare un lubrificante a base d&#8217;acqua per poter godere a lungo del tuo nuovo plug anale fantasy con telecomando.<\/div>\n<div><\/div>\n<ul>\n<li>Punta arrotondata per un facile inserimento<\/li>\n<li>10 intensit\u00e0 di vibrazione<\/li>\n<li>Telecomando senza fili per un facile utilizzo<\/li>\n<li>Silicone premium privo di ftalati<\/li>\n<\/ul>\n<div><\/div>\n<div>Lunghezza: circa 10 cm<br \/>\nLunghezza inseribile: circa 8,5 cm<br \/>\nDiametro: circa 1,4 &#8211; 3,5 cm<br \/>\nBatteria: ricaricabile con USB (cavo incluso)<br \/>\nMateriale: silicone<br \/>\nColore: nero<\/div>\n","protected":false},"featured_media":117871,"comment_status":"open","ping_status":"closed","template":"","meta":{"_acf_changed":false,"iawp_total_views":0,"_glsr_average":0,"_glsr_ranking":0,"_glsr_reviews":0},"product_brand":[],"product_cat":[2086,172],"product_tag":[],"class_list":{"0":"post-117873","1":"product","2":"type-product","3":"status-publish","4":"has-post-thumbnail","6":"product_cat-anal-play","7":"product_cat-sex-toys","9":"first","10":"outofstock","11":"taxable","12":"shipping-taxable","13":"purchasable","14":"product-type-simple"},"acf":[],"_links":{"self":[{"href":"https:\/\/poppers-online.ch\/it\/wp-json\/wp\/v2\/product\/117873","targetHints":{"allow":["GET"]}}],"collection":[{"href":"https:\/\/poppers-online.ch\/it\/wp-json\/wp\/v2\/product"}],"about":[{"href":"https:\/\/poppers-online.ch\/it\/wp-json\/wp\/v2\/types\/product"}],"replies":[{"embeddable":true,"href":"https:\/\/poppers-online.ch\/it\/wp-json\/wp\/v2\/comments?post=117873"}],"wp:featuredmedia":[{"embeddable":true,"href":"https:\/\/poppers-online.ch\/it\/wp-json\/wp\/v2\/media\/117871"}],"wp:attachment":[{"href":"https:\/\/poppers-online.ch\/it\/wp-json\/wp\/v2\/media?parent=117873"}],"wp:term":[{"taxonomy":"product_brand","embeddable":true,"href":"https:\/\/poppers-online.ch\/it\/wp-json\/wp\/v2\/product_brand?post=117873"},{"taxonomy":"product_cat","embeddable":true,"href":"https:\/\/poppers-online.ch\/it\/wp-json\/wp\/v2\/product_cat?post=117873"},{"taxonomy":"product_tag","embeddable":true,"href":"https:\/\/poppers-online.ch\/it\/wp-json\/wp\/v2\/product_tag?post=117873"}],"curies":[{"name":"wp","href":"https:\/\/api.w.org\/{rel}","templated":true}]}}