{"id":116965,"date":"2025-04-24T16:56:24","date_gmt":"2025-04-24T14:56:24","guid":{"rendered":"https:\/\/poppers-online.ch\/produkt\/rush-di-schiuma-25ml-retro\/"},"modified":"2026-04-13T00:01:58","modified_gmt":"2026-04-12T22:01:58","slug":"rush-di-schiuma-25ml-retro","status":"publish","type":"product","link":"https:\/\/poppers-online.ch\/it\/prodotto\/rush-di-schiuma-25ml-retro\/","title":{"rendered":"FOAM RUSH 25ml Retro"},"content":{"rendered":"","protected":false},"excerpt":{"rendered":"<p><span style=\"font-weight: 400;\">Con il <strong>FOAM RUSH 25ml Retro Popper<\/strong>, il produttore canadese Lockerroom lancia un altro prodotto a base di nitrito di esile con un&#8217;intensit\u00e0 di 5. Senti il RUSH? Non \u00e8 solo Troye Sivan ad apprezzare il Rush!  <\/span><span style=\"font-weight: 400;\"><br \/>\n<\/span><span style=\"font-weight: 400;\"><br \/>\n<\/span><span style=\"font-weight: 400;\">Il produttore Lockerroom ha riempito il <strong>FOAM RUSH 25ml Retro<\/strong> in una boccetta quadrata e stabile da 25ml. Il vantaggio di questa forma retr\u00f2 \u00e8 che la boccetta \u00e8 estremamente robusta e puoi metterla comodamente nel calzino. Fatti consegnare a casa questa fantastica novit\u00e0 Popper.  <\/span><\/p>\n","protected":false},"featured_media":133475,"comment_status":"open","ping_status":"closed","template":"","meta":{"_acf_changed":false,"iawp_total_views":7,"_glsr_average":0,"_glsr_ranking":0,"_glsr_reviews":0},"product_brand":[],"product_cat":[1047,109],"product_tag":[],"class_list":{"0":"post-116965","1":"product","2":"type-product","3":"status-publish","4":"has-post-thumbnail","6":"product_cat-popper","7":"product_cat-boccette-grandi","8":"pa_flaschenform-angolare","9":"pa_gewindegroesse-grande","10":"pa_inhalt-25ml","11":"pa_inhaltsstoffe-nitrito-esile","12":"pa_marke-lockerroom-popper","13":"pa_marke-rush-popper","14":"pa_staerke-103","16":"first","17":"instock","18":"sale","19":"taxable","20":"shipping-taxable","21":"purchasable","22":"product-type-simple"},"acf":[],"_links":{"self":[{"href":"https:\/\/poppers-online.ch\/it\/wp-json\/wp\/v2\/product\/116965","targetHints":{"allow":["GET"]}}],"collection":[{"href":"https:\/\/poppers-online.ch\/it\/wp-json\/wp\/v2\/product"}],"about":[{"href":"https:\/\/poppers-online.ch\/it\/wp-json\/wp\/v2\/types\/product"}],"replies":[{"embeddable":true,"href":"https:\/\/poppers-online.ch\/it\/wp-json\/wp\/v2\/comments?post=116965"}],"wp:featuredmedia":[{"embeddable":true,"href":"https:\/\/poppers-online.ch\/it\/wp-json\/wp\/v2\/media\/133475"}],"wp:attachment":[{"href":"https:\/\/poppers-online.ch\/it\/wp-json\/wp\/v2\/media?parent=116965"}],"wp:term":[{"taxonomy":"product_brand","embeddable":true,"href":"https:\/\/poppers-online.ch\/it\/wp-json\/wp\/v2\/product_brand?post=116965"},{"taxonomy":"product_cat","embeddable":true,"href":"https:\/\/poppers-online.ch\/it\/wp-json\/wp\/v2\/product_cat?post=116965"},{"taxonomy":"product_tag","embeddable":true,"href":"https:\/\/poppers-online.ch\/it\/wp-json\/wp\/v2\/product_tag?post=116965"}],"curies":[{"name":"wp","href":"https:\/\/api.w.org\/{rel}","templated":true}]}}