{"id":116332,"date":"2025-04-10T11:02:54","date_gmt":"2025-04-10T09:34:38","guid":{"rendered":"https:\/\/poppers-online.ch\/produkt\/cappello-poppers-booster-xtrm-kinky-snffr-leakproof-double-small-nero\/"},"modified":"2026-04-14T17:51:49","modified_gmt":"2026-04-14T15:51:49","slug":"cappello-poppers-booster-xtrm-kinky-snffr-leakproof-double-small-nero","status":"publish","type":"product","link":"https:\/\/poppers-online.ch\/it\/prodotto\/cappello-poppers-booster-xtrm-kinky-snffr-leakproof-double-small-nero\/","title":{"rendered":"Cappello Poppers Booster XTRM Kinky SNFFR Leakproof Double Small Nero"},"content":{"rendered":"","protected":false},"excerpt":{"rendered":"<p><strong>Cappello Poppers Booster XTRM Kinky SNFFR Leakproof Double Small Nero<\/strong><span style=\"font-weight: 400\">  porta l&#8217;inalazione dei popper a un nuovo livello. Grazie al canale di spinta a 5 e al volume d&#8217;aria pi\u00f9 ampio, l&#8217;XTRM Kinky SNFFR offre la massima potenza. Quando le cose si scatenano subito dopo aver sniffato il popper, pu\u00f2 capitare che la bottiglia di popper si rovesci e che si verifichi una perdita. Solo quando premi il robusto pulsante sul lato dell&#8217;accessorio, il popper fuoriesce dalla bottiglia attraverso il canale del calcio.    Quando rilasci il pulsante, lo sniffer \u00e8 di nuovo sigillato al 100% e i popper rimangono nella bottiglia, anche se la bottiglia si rovescia perch\u00e9 \u00e8 calda.<\/span><\/p>\n<p>&nbsp;<\/p>\n<p class=\"\" data-start=\"109\" data-end=\"228\"><span style=\"font-weight: 400\">L&#8217;XTRM Kinky SNFFR \u00e8 il risultato del continuo sviluppo del tappo LEAK PROOF ed \u00e8 realizzato in un unico pezzo, compreso l&#8217;anello di tenuta permanentemente integrato. L&#8217;XTRM Kinky SNFFR \u00e8 al 100% a prova di perdite, \u00e8 alto 62 mm e largo 40 mm. Si adatta a tutti i flaconi con filettatura piccola. Si tratta dei flaconi in vetro da 10 e 30 ml di Lockerroom, di tutti i flaconi di Shelbora e dei flaconi in vetro da 10 e 24 ml di Oxymoron. L&#8217;XTRM Kinky SNFFR ti protegge dal contatto diretto della pelle con i popper.     <\/span><\/p>\n<p><span style=\"font-weight: 400\"><br \/>\n<\/span><span style=\"font-weight: 400\"><br \/>\n<\/span><span style=\"font-weight: 400\">Prova la spinta extra di 5 volte e il comfort extra quando tiri i popper. Non troverai mai pi\u00f9 bottiglie di popper rovesciate o che perdono grazie al tappo Leakproof Poppers Booster di XTRM Kinky SNFFR. Anche gli utilizzatori pi\u00f9 accaniti saranno colpiti dal calcio extra di XTRM Kinky SNFFR.    <\/span><\/p>\n","protected":false},"featured_media":116304,"comment_status":"open","ping_status":"closed","template":"","meta":{"_acf_changed":false,"iawp_total_views":6,"_glsr_average":0,"_glsr_ranking":0,"_glsr_reviews":0},"product_brand":[],"product_cat":[151,1304],"product_tag":[],"class_list":{"0":"post-116332","1":"product","2":"type-product","3":"status-publish","4":"has-post-thumbnail","6":"product_cat-accessori-popper","7":"product_cat-booster-caps-it","8":"pa_booster-cap-gewindegroesse-per-filettatura-piccola","10":"first","11":"instock","12":"taxable","13":"shipping-taxable","14":"purchasable","15":"product-type-simple"},"acf":[],"_links":{"self":[{"href":"https:\/\/poppers-online.ch\/it\/wp-json\/wp\/v2\/product\/116332","targetHints":{"allow":["GET"]}}],"collection":[{"href":"https:\/\/poppers-online.ch\/it\/wp-json\/wp\/v2\/product"}],"about":[{"href":"https:\/\/poppers-online.ch\/it\/wp-json\/wp\/v2\/types\/product"}],"replies":[{"embeddable":true,"href":"https:\/\/poppers-online.ch\/it\/wp-json\/wp\/v2\/comments?post=116332"}],"wp:featuredmedia":[{"embeddable":true,"href":"https:\/\/poppers-online.ch\/it\/wp-json\/wp\/v2\/media\/116304"}],"wp:attachment":[{"href":"https:\/\/poppers-online.ch\/it\/wp-json\/wp\/v2\/media?parent=116332"}],"wp:term":[{"taxonomy":"product_brand","embeddable":true,"href":"https:\/\/poppers-online.ch\/it\/wp-json\/wp\/v2\/product_brand?post=116332"},{"taxonomy":"product_cat","embeddable":true,"href":"https:\/\/poppers-online.ch\/it\/wp-json\/wp\/v2\/product_cat?post=116332"},{"taxonomy":"product_tag","embeddable":true,"href":"https:\/\/poppers-online.ch\/it\/wp-json\/wp\/v2\/product_tag?post=116332"}],"curies":[{"name":"wp","href":"https:\/\/api.w.org\/{rel}","templated":true}]}}