{"id":114293,"date":"2025-03-13T16:20:59","date_gmt":"2025-03-13T15:20:59","guid":{"rendered":"https:\/\/poppers-online.ch\/produkt\/euro-trip-city-poppers-combo\/"},"modified":"2025-10-23T13:04:03","modified_gmt":"2025-10-23T11:04:03","slug":"euro-trip-city-poppers-combo","status":"publish","type":"product","link":"https:\/\/poppers-online.ch\/it\/prodotto\/euro-trip-city-poppers-combo\/","title":{"rendered":"Euro Trip City Popper Combo"},"content":{"rendered":"","protected":false},"excerpt":{"rendered":"<p data-start=\"61\" data-end=\"134\"><strong data-start=\"61\" data-end=\"132\">Euro Trip City Popper Combo \u2013 Vivi l&#8217;esperienza delle citt\u00e0 pi\u00f9 calde d&#8217;Europa!<\/strong><\/p>\n<p data-start=\"136\" data-end=\"281\">L&#8217;esclusivo <strong data-start=\"150\" data-end=\"182\">Euro Trip City Popper Combo<\/strong> contiene cinque flaconi di popper di qualit\u00e0 superiore ispirate alle pi\u00f9 eccitanti metropoli europee:<\/p>\n<ul data-start=\"283\" data-end=\"476\">\n<li data-start=\"283\" data-end=\"321\"><strong data-start=\"285\" data-end=\"319\">Paris Popper XTRA STRONG 30ml<\/strong><\/li>\n<li data-start=\"322\" data-end=\"362\"><strong data-start=\"324\" data-end=\"360\">Real Amsterdam Extra Strong 10ml<\/strong><\/li>\n<li data-start=\"363\" data-end=\"403\"><strong data-start=\"365\" data-end=\"401\">Berlin Ultra Strong Popper 10ml<\/strong><\/li>\n<li data-start=\"404\" data-end=\"431\"><strong data-start=\"406\" data-end=\"429\">Zurich Popper 10ml<\/strong><\/li>\n<li data-start=\"432\" data-end=\"476\"><strong data-start=\"434\" data-end=\"474\">London Ultra Strong Popper Alu 10ml<\/strong><\/li>\n<\/ul>\n<p data-start=\"478\" data-end=\"604\">Questa selezione selezionata porta l&#8217;atmosfera elettrizzante e le notti selvagge di queste citt\u00e0 direttamente a casa tua.<\/p>\n<hr data-start=\"606\" data-end=\"609\">\n<h3 data-start=\"611\" data-end=\"696\"><strong data-start=\"615\" data-end=\"694\">Paris Popper XTRA STRONG 30ml \u2013 Pura passione dalla citt\u00e0 dell&#8217;amore!<\/strong><\/h3>\n<p data-start=\"697\" data-end=\"1080\">Il <strong data-start=\"701\" data-end=\"735\">Paris Popper XTRA STRONG 30ml<\/strong> \u00e8 stato ispirato da un periodo indimenticabile e appassionato trascorso a Parigi alla fine del 2023. Con un&#8217;<strong data-start=\"831\" data-end=\"845\">intensit\u00e0 di 6\/6<\/strong>, \u00e8 uno dei popper pi\u00f9 intensi sul mercato e contiene <strong data-start=\"963\" data-end=\"978\">nitrito di esile<\/strong>, classificato come il meno dannoso per la salute. Il generoso <strong data-start=\"995\" data-end=\"1011\">flacone da 30 ml<\/strong> con pratico tappo assicura un divertimento duraturo.  <\/p>\n<p data-start=\"1082\" data-end=\"1275\"><strong data-start=\"1082\" data-end=\"1106\">Ricordi di Parigi:<\/strong> St\u00e9phane, un parigino di 22 anni, ci ha mostrato non solo i quartieri pi\u00f9 belli della citt\u00e0, ma anche cosa significa la vera devozione. Merci, St\u00e9phane! Torneremo!  <\/p>\n<hr data-start=\"1277\" data-end=\"1280\">\n<h3 data-start=\"1282\" data-end=\"1363\"><strong data-start=\"1286\" data-end=\"1361\">Real Amsterdam Extra Strong 10ml \u2013 L&#8217;originale della metropoli delle feste!<\/strong><\/h3>\n<p data-start=\"1364\" data-end=\"1612\">Il <strong data-start=\"1368\" data-end=\"1412\">Real Amsterdam Extra Strong Popper 10ml<\/strong> \u00e8 basato su <strong data-start=\"1438\" data-end=\"1454\">nitrito di pentile<\/strong> di alta qualit\u00e0 e offre un effetto ancora pi\u00f9 intenso per i veri intenditori. Raccomandato da innumerevoli clienti entusiasti, provalo tu stesso e lascia la tua recensione! <\/p>\n<hr data-start=\"1614\" data-end=\"1617\">\n<h3 data-start=\"1619\" data-end=\"1700\"><strong data-start=\"1623\" data-end=\"1698\">Berlin Ultra Strong Popper 10ml \u2013 Senti l&#8217;energia della capitale Queer!<\/strong><\/h3>\n<p data-start=\"1701\" data-end=\"2031\">Presente sul mercato svizzero dal 2022, <strong data-start=\"1747\" data-end=\"1778\">Berlin Ultra Strong Popper<\/strong> porta a casa tua l&#8217;autentica vita da party berlinese. Con la sua <strong data-start=\"1846\" data-end=\"1869\">formula a base di nitrito di pentile<\/strong> e l&#8217;effetto ultra-intenso, cattura perfettamente le notti selvagge in club come KitKat e Berghain. Prova l&#8217;atmosfera unica di Berlino, ovunque tu sia!  <\/p>\n<hr data-start=\"2033\" data-end=\"2036\">\n<h3 data-start=\"2038\" data-end=\"2119\"><strong data-start=\"2042\" data-end=\"2117\">Zurigo Popper 10ml \u2013 La citt\u00e0 pi\u00f9 gay-friendly in una bottiglia!<\/strong><\/h3>\n<p data-start=\"2120\" data-end=\"2398\"><strong data-start=\"2124\" data-end=\"2147\">Zurich Popper 10ml <\/strong>\u00e8 un omaggio alla scena queer della Svizzera. Con un&#8217;<strong data-start=\"2202\" data-end=\"2214\">intensit\u00e0 6<\/strong> e la <strong data-start=\"2233\" data-end=\"2256\">formula collaudata del nitrito di pentile<\/strong>, offre un&#8217;esperienza eccezionalmente intensa. Zurigo \u00e8 sinonimo di apertura, libert\u00e0 e diversit\u00e0, proprio come questo potente popper.  <\/p>\n<hr data-start=\"2400\" data-end=\"2403\">\n<h3 data-start=\"2405\" data-end=\"2495\"><strong data-start=\"2409\" data-end=\"2493\">London Ultra Strong Popper Alu 10ml \u2013 Notti calde nella metropoli britannica!<\/strong><\/h3>\n<p data-start=\"2496\" data-end=\"2860\">Il <strong data-start=\"2500\" data-end=\"2540\">London Ultra Strong Popper Alu 10ml<\/strong> di <strong data-start=\"2545\" data-end=\"2562\">Royal Hexagon<\/strong> \u00e8 sinonimo di momenti intensi e di incontri elettrizzanti. Ispirato a un&#8217;esperienza indimenticabile nella metropolitana di Londra, questo popper con <strong data-start=\"2717\" data-end=\"2729\">intensit\u00e0 6 <\/strong>e <strong data-start=\"2734\" data-end=\"2749\">nitrito di esile <\/strong>offre pura estasi. Il <strong data-start=\"2776\" data-end=\"2796\">flacone leggero in alluminio<\/strong> lo rende ideale per gli spostamenti: discreto e sempre a portata di mano.  <\/p>\n<hr data-start=\"2862\" data-end=\"2865\">\n<h3 data-start=\"2867\" data-end=\"2911\"><strong data-start=\"2871\" data-end=\"2909\">Scopri subito il meglio dell&#8217;Europa!<\/strong><\/h3>\n<p data-start=\"2912\" data-end=\"3061\">Acquista il <strong data-start=\"2924\" data-end=\"2956\">Combo Euro Trip City Popper<\/strong> e immergiti nelle notti pi\u00f9 emozionanti delle metropoli europee, ovunque tu sia! \ud83d\ude80\ud83d\udd25 <\/p>\n","protected":false},"featured_media":114270,"comment_status":"open","ping_status":"closed","template":"","meta":{"_acf_changed":false,"iawp_total_views":4,"_glsr_average":0,"_glsr_ranking":0,"_glsr_reviews":0},"product_brand":[],"product_cat":[1047,104,109,112],"product_tag":[],"class_list":{"0":"post-114293","1":"product","2":"type-product","3":"status-publish","4":"has-post-thumbnail","6":"product_cat-popper","7":"product_cat-confezioni-value","8":"product_cat-boccette-grandi","9":"product_cat-boccette-piccole","10":"pa_inhalt-combo","11":"pa_inhalt-30ml","12":"pa_inhalt-10ml","13":"pa_inhaltsstoffe-nitrito-di-pentile","14":"pa_inhaltsstoffe-nitrito-esile","15":"pa_marke-amsterdam-popper","16":"pa_marke-berlin-popper","17":"pa_marke-royal-hexagon","18":"pa_staerke-105","20":"first","21":"instock","22":"sale","23":"taxable","24":"shipping-taxable","25":"purchasable","26":"product-type-simple"},"acf":[],"_links":{"self":[{"href":"https:\/\/poppers-online.ch\/it\/wp-json\/wp\/v2\/product\/114293","targetHints":{"allow":["GET"]}}],"collection":[{"href":"https:\/\/poppers-online.ch\/it\/wp-json\/wp\/v2\/product"}],"about":[{"href":"https:\/\/poppers-online.ch\/it\/wp-json\/wp\/v2\/types\/product"}],"replies":[{"embeddable":true,"href":"https:\/\/poppers-online.ch\/it\/wp-json\/wp\/v2\/comments?post=114293"}],"wp:featuredmedia":[{"embeddable":true,"href":"https:\/\/poppers-online.ch\/it\/wp-json\/wp\/v2\/media\/114270"}],"wp:attachment":[{"href":"https:\/\/poppers-online.ch\/it\/wp-json\/wp\/v2\/media?parent=114293"}],"wp:term":[{"taxonomy":"product_brand","embeddable":true,"href":"https:\/\/poppers-online.ch\/it\/wp-json\/wp\/v2\/product_brand?post=114293"},{"taxonomy":"product_cat","embeddable":true,"href":"https:\/\/poppers-online.ch\/it\/wp-json\/wp\/v2\/product_cat?post=114293"},{"taxonomy":"product_tag","embeddable":true,"href":"https:\/\/poppers-online.ch\/it\/wp-json\/wp\/v2\/product_tag?post=114293"}],"curies":[{"name":"wp","href":"https:\/\/api.w.org\/{rel}","templated":true}]}}