{"id":114219,"date":"2025-03-12T14:51:39","date_gmt":"2025-03-12T13:51:39","guid":{"rendered":"https:\/\/poppers-online.ch\/produkt\/sniff-it-hard-horny-stallion-poppers-confezione-a-prova-di-perdite\/"},"modified":"2026-04-16T10:54:37","modified_gmt":"2026-04-16T08:54:37","slug":"sniff-it-hard-horny-stallion-poppers-confezione-a-prova-di-perdite","status":"publish","type":"product","link":"https:\/\/poppers-online.ch\/it\/prodotto\/sniff-it-hard-horny-stallion-poppers-confezione-a-prova-di-perdite\/","title":{"rendered":"Sniff it Hard Geiler Hengst Popper Confezione a prova di perdite"},"content":{"rendered":"","protected":false},"excerpt":{"rendered":"<p data-start=\"58\" data-end=\"112\"><strong data-start=\"58\" data-end=\"112\">Sniff it Hard Geler Hengst Popper Confezione a prova di perdite<\/strong><\/p>\n<p data-start=\"114\" data-end=\"276\">Prova il massimo del piacere con la <strong data-start=\"150\" data-end=\"204\">confezione<\/strong> di <strong data-start=\"150\" data-end=\"204\">poppers a prova di perdite di Sniff it Hard Geiler Hengst<\/strong>! Questa esclusiva confezione economica di poppers contiene due prodotti di alta qualit\u00e0:<\/p>\n<ul data-start=\"278\" data-end=\"385\">\n<li data-start=\"278\" data-end=\"327\"><strong data-start=\"280\" data-end=\"327\">Geiler Hengst Ultra Strong Popper Alu 10ml<\/strong><\/li>\n<li data-start=\"328\" data-end=\"385\"><strong data-start=\"330\" data-end=\"385\">Cappello Poppers Booster XTRM Double XS Nero LEAK PROOF<\/strong><\/li>\n<\/ul>\n<hr data-start=\"387\" data-end=\"390\">\n<h3 data-start=\"392\" data-end=\"470\"><strong data-start=\"396\" data-end=\"470\">Geiler Hengst Ultra Strong Popper Alu 10ml \u2013 Il tuo cavallo forte!<\/strong><\/h3>\n<p data-start=\"472\" data-end=\"958\">Il <strong data-start=\"476\" data-end=\"523\">Geiler Hengst Ultra Strong Popper Alu 10ml<\/strong> di <strong data-start=\"528\" data-end=\"545\">Royal Hexagon<\/strong> \u00e8 l&#8217;adrenalina assoluta in una mini bottiglia di alluminio! Presente sul mercato dal 2025, questo popper risveglier\u00e0 lo stallone selvaggio che \u00e8 in te. Con la sua potente forza 6 e la collaudata <strong data-start=\"730\" data-end=\"745\">formula a base di nitrito di esile<\/strong>, \u00e8 uno dei popper pi\u00f9 intensi sul mercato. Il liquido da 10 ml \u00e8 confezionato in un flacone di alluminio leggero e compatto che si adatta perfettamente a qualsiasi tasca dei pantaloni: l&#8217;ideale per le avventure spontanee!   <\/p>\n<hr data-start=\"960\" data-end=\"963\">\n<h3 data-start=\"965\" data-end=\"1051\"><strong data-start=\"969\" data-end=\"1051\">Poppers Booster Cap XTRM Double XS Black LEAK PROOF &#8211; Il calcio a prova di perdite!<\/strong><\/h3>\n<p data-start=\"1053\" data-end=\"1585\">Nessun ribaltamento, nessuna perdita \u2013 grazie al <strong data-start=\"1094\" data-end=\"1149\">tappo Poppers Booster XTRM Double XS Black LEAK PROOF<\/strong>. Questo innovativo sistema di chiusura a pulsante \u00e8 stato sviluppato appositamente per rendere le bottiglie Poppers sicure e a prova di perdite. Basta avvitare il tappo <strong data-start=\"1297\" data-end=\"1311\">LEAK PROOF<\/strong> sulla bottiglia e utilizzare il pulsante laterale per far fuoriuscire il popper a piacimento. Non appena rilascerai il pulsante, la bottiglia torner\u00e0 al 100% a prova di perdite: anche se si rovescia, i tuoi poppers rimarranno al sicuro nella bottiglia. Non sprecarli mai pi\u00f9!    <\/p>\n<p data-start=\"1587\" data-end=\"1881\">Questo tappo <strong data-start=\"1594\" data-end=\"1608\">LEAK PROOF<\/strong> si adatta a tutti i flaconi in alluminio da 10 ml di <strong data-start=\"1665\" data-end=\"1682\">Royal Hexagon<\/strong> e garantisce un&#8217;esperienza ancora pi\u00f9 intensa senza la preoccupazione di rovesciare il popper. Realizzato con dedizione in Austria, questo booster \u00e8 il complemento perfetto per tutti gli appassionati di popper. <\/p>\n<hr data-start=\"1883\" data-end=\"1886\">\n<h3 data-start=\"1888\" data-end=\"1914\"><strong data-start=\"1892\" data-end=\"1914\">Nota applicativa:<\/strong><\/h3>\n<p data-start=\"1916\" data-end=\"2024\">Per svitare, tieni il <strong data-start=\"1937\" data-end=\"1951\">LEAK PROOF<\/strong> nella parte inferiore, stringi con attenzione e non stringere troppo la filettatura.<\/p>\n<p data-start=\"2026\" data-end=\"2233\">Ora prova il calcio e il comfort extra con lo <strong data-start=\"2081\" data-end=\"2135\">Sniff it Hard Geiler Hengst Popper Leakproof Pack<\/strong>, il compagno perfetto per chi vuole ottenere il massimo dall&#8217;esperienza con il popper!<\/p>\n","protected":false},"featured_media":114199,"comment_status":"open","ping_status":"closed","template":"","meta":{"_acf_changed":false,"iawp_total_views":29,"_glsr_average":0,"_glsr_ranking":0,"_glsr_reviews":0},"product_brand":[],"product_cat":[1047,104,112,151,1304],"product_tag":[],"class_list":{"0":"post-114219","1":"product","2":"type-product","3":"status-publish","4":"has-post-thumbnail","6":"product_cat-popper","7":"product_cat-confezioni-value","8":"product_cat-boccette-piccole","9":"product_cat-accessori-popper","10":"product_cat-booster-caps-it","11":"pa_gewindegroesse-xs","12":"pa_inhalt-combo","13":"pa_inhalt-10ml","14":"pa_inhaltsstoffe-nitrito-esile","15":"pa_marke-royal-hexagon","16":"pa_staerke-105","18":"first","19":"instock","20":"sale","21":"taxable","22":"shipping-taxable","23":"purchasable","24":"product-type-simple"},"acf":[],"_links":{"self":[{"href":"https:\/\/poppers-online.ch\/it\/wp-json\/wp\/v2\/product\/114219","targetHints":{"allow":["GET"]}}],"collection":[{"href":"https:\/\/poppers-online.ch\/it\/wp-json\/wp\/v2\/product"}],"about":[{"href":"https:\/\/poppers-online.ch\/it\/wp-json\/wp\/v2\/types\/product"}],"replies":[{"embeddable":true,"href":"https:\/\/poppers-online.ch\/it\/wp-json\/wp\/v2\/comments?post=114219"}],"wp:featuredmedia":[{"embeddable":true,"href":"https:\/\/poppers-online.ch\/it\/wp-json\/wp\/v2\/media\/114199"}],"wp:attachment":[{"href":"https:\/\/poppers-online.ch\/it\/wp-json\/wp\/v2\/media?parent=114219"}],"wp:term":[{"taxonomy":"product_brand","embeddable":true,"href":"https:\/\/poppers-online.ch\/it\/wp-json\/wp\/v2\/product_brand?post=114219"},{"taxonomy":"product_cat","embeddable":true,"href":"https:\/\/poppers-online.ch\/it\/wp-json\/wp\/v2\/product_cat?post=114219"},{"taxonomy":"product_tag","embeddable":true,"href":"https:\/\/poppers-online.ch\/it\/wp-json\/wp\/v2\/product_tag?post=114219"}],"curies":[{"name":"wp","href":"https:\/\/api.w.org\/{rel}","templated":true}]}}