{"id":114211,"date":"2025-03-12T14:16:26","date_gmt":"2025-03-12T13:16:26","guid":{"rendered":"https:\/\/poppers-online.ch\/produkt\/combo-di-popper-travel-buddy\/"},"modified":"2025-09-08T09:42:16","modified_gmt":"2025-09-08T07:42:16","slug":"combo-di-popper-travel-buddy","status":"publish","type":"product","link":"https:\/\/poppers-online.ch\/it\/prodotto\/combo-di-popper-travel-buddy\/","title":{"rendered":"Travel Buddy Popper Combo"},"content":{"rendered":"","protected":false},"excerpt":{"rendered":"<p data-pm-slice=\"1 1 []\"><strong>Travel Buddy Popper Combo \u2013 il tuo compagno di viaggio definitivo!<\/strong><\/p>\n<p>Prova l&#8217;intensit\u00e0 pura con il <strong>Travel Buddy Popper Combo<\/strong>! Questo esclusivo set contiene cinque efficaci popper in alluminio da 10 ml, ideali per i viaggi: <\/p>\n<ul data-spread=\"false\">\n<li><strong>FUCK YOU Popper Super Forte Alu 10ml<\/strong><\/li>\n<li><strong>London Ultra Strong Popper Alu 10ml<\/strong><\/li>\n<li><strong>Horny Stallion Ultra Strong Popper Alu 10ml<\/strong><\/li>\n<li><strong>Geile Sau Ultra Strong Popper Alu 10ml<\/strong><\/li>\n<li><strong>Popper Online Signature Edition Maximal Strong Popper Alu 10ml<\/strong><\/li>\n<\/ul>\n<p>La bottiglia in alluminio, leggera e robusta, rende ognuno di questi popper il compagno perfetto per ogni occasione.<\/p>\n<div>\n<hr>\n<\/div>\n<h3><strong>FUCK YOU Super Strong Popper Alu 10ml &#8211; Mostra il tuo dominio!<\/strong><\/h3>\n<p>Questo power popper di <strong>Royal Hexagon<\/strong> \u00e8 una chiara dichiarazione di indipendenza e di atteggiamento senza compromessi. Il suo carattere unico e la sua forza extra <strong>6<\/strong> con la formula collaudata del nitrito di esile garantiscono un&#8217;esperienza intensa. Grazie al flacone compatto in alluminio da 10 ml, si adatta perfettamente a qualsiasi tasca dei pantaloni.  <\/p>\n<div>\n<hr>\n<\/div>\n<h3><strong>London Ultra Strong Popper Alu 10ml \u2013 Passione ed estasi!<\/strong><\/h3>\n<p>Il <strong>London Ultra Strong Popper<\/strong> ricorda gli incontri piccanti nella vibrante metropoli. La sua <strong>forza 6<\/strong> altamente efficace e la formula con nitrito di esile lo rendono uno dei popper pi\u00f9 intensi sul mercato. Il pratico flacone in alluminio garantisce un uso discreto e spontaneo anche in viaggio.  <\/p>\n<div>\n<hr>\n<\/div>\n<h3><strong>Horny Stallion Ultra Strong Popper Alu 10ml \u2013 Scatena la bestia che \u00e8 in te!<\/strong><\/h3>\n<p>Preparati per un&#8217;avventura a cavallo con il <strong>Popper Geiler Hengst Ultra Strong<\/strong>! La sua <strong>resistenza 6<\/strong> ti far\u00e0 andare a tutta velocit\u00e0, mentre la leggera bottiglia in alluminio garantisce la massima flessibilit\u00e0.<\/p>\n<div>\n<hr>\n<\/div>\n<h3><strong>Geile Sau Ultra Strong Popper Alu 10ml \u2013 Fai uscire il maiale!<\/strong><\/h3>\n<p>Il <strong>Popper Geile Sau Ultra Strong<\/strong> \u00e8 perfetto per chi vuole lasciarsi andare completamente. Con la sua <strong>forza di 5<\/strong>, offre un&#8217;esperienza intensa ed elettrizzante. Il flacone in alluminio leggero come una piuma sta perfettamente in tasca.  <\/p>\n<div>\n<hr>\n<\/div>\n<h3><strong>Popper Online Signature Edition Maximal Strong Poppers Alu 10ml \u2013 L&#8217;edizione Premium!<\/strong><\/h3>\n<p>Il <strong>Popper Online Signature Edition<\/strong> \u00e8 sinonimo di qualit\u00e0, sicurezza ed educazione. Con una <strong>potenza di 5<\/strong> e la collaudata formula a base di nitrito di esile, questo popper stabilisce nuovi standard. Perfetto per gli intenditori che vogliono ottenere il massimo.  <\/p>\n<div>\n<hr>\n<\/div>\n<p><strong>Acquista subito il Travel Buddy Popper Combo e vivi momenti intensi ovunque tu sia!<\/strong><\/p>\n","protected":false},"featured_media":114189,"comment_status":"open","ping_status":"closed","template":"","meta":{"_acf_changed":false,"iawp_total_views":0,"_glsr_average":0,"_glsr_ranking":0,"_glsr_reviews":0},"product_brand":[],"product_cat":[1047,104,112],"product_tag":[],"class_list":{"0":"post-114211","1":"product","2":"type-product","3":"status-publish","4":"has-post-thumbnail","6":"product_cat-popper","7":"product_cat-confezioni-value","8":"product_cat-boccette-piccole","9":"pa_gewindegroesse-xs","10":"pa_inhalt-combo","11":"pa_inhalt-10ml","12":"pa_inhaltsstoffe-nitrito-esile","13":"pa_marke-royal-hexagon","14":"pa_staerke-105","16":"first","17":"instock","18":"sale","19":"taxable","20":"shipping-taxable","21":"purchasable","22":"product-type-simple"},"acf":[],"_links":{"self":[{"href":"https:\/\/poppers-online.ch\/it\/wp-json\/wp\/v2\/product\/114211","targetHints":{"allow":["GET"]}}],"collection":[{"href":"https:\/\/poppers-online.ch\/it\/wp-json\/wp\/v2\/product"}],"about":[{"href":"https:\/\/poppers-online.ch\/it\/wp-json\/wp\/v2\/types\/product"}],"replies":[{"embeddable":true,"href":"https:\/\/poppers-online.ch\/it\/wp-json\/wp\/v2\/comments?post=114211"}],"wp:featuredmedia":[{"embeddable":true,"href":"https:\/\/poppers-online.ch\/it\/wp-json\/wp\/v2\/media\/114189"}],"wp:attachment":[{"href":"https:\/\/poppers-online.ch\/it\/wp-json\/wp\/v2\/media?parent=114211"}],"wp:term":[{"taxonomy":"product_brand","embeddable":true,"href":"https:\/\/poppers-online.ch\/it\/wp-json\/wp\/v2\/product_brand?post=114211"},{"taxonomy":"product_cat","embeddable":true,"href":"https:\/\/poppers-online.ch\/it\/wp-json\/wp\/v2\/product_cat?post=114211"},{"taxonomy":"product_tag","embeddable":true,"href":"https:\/\/poppers-online.ch\/it\/wp-json\/wp\/v2\/product_tag?post=114211"}],"curies":[{"name":"wp","href":"https:\/\/api.w.org\/{rel}","templated":true}]}}