{"id":113972,"date":"2025-03-10T13:36:40","date_gmt":"2025-03-10T12:36:40","guid":{"rendered":"https:\/\/poppers-online.ch\/produkt\/popper-tascabili-combinati\/"},"modified":"2026-04-16T10:48:14","modified_gmt":"2026-04-16T08:48:14","slug":"popper-tascabili-combinati","status":"publish","type":"product","link":"https:\/\/poppers-online.ch\/it\/prodotto\/popper-tascabili-combinati\/","title":{"rendered":"Popper tascabili combinati"},"content":{"rendered":"","protected":false},"excerpt":{"rendered":"<p data-pm-slice=\"1 1 []\"><strong>Confezione economica Pocket Popper Combo &#8211; Tre popper ultra potenti per la massima intensit\u00e0!<\/strong><\/p>\n<p>Prova la massima potenza con il <strong>Pocket Popper Combo<\/strong>! Questa esclusiva confezione economica contiene tre bottiglie di popper in alluminio da 10 ml che non hanno nulla da invidiare alle altre: <\/p>\n<ul data-spread=\"false\">\n<li><a href=\"https:\/\/poppers-online.ch\/it\/prodotto\/fuck-you-popper-super-forte-alu-10ml\/\"><strong>FUCK YOU Popper Super Forte Alu 10ml<\/strong><\/a><\/li>\n<li><a href=\"https:\/\/poppers-online.ch\/it\/prodotto\/london-ultra-strong-poppers-alu-10ml\/\"><strong>London Ultra Strong Popper Alu 10ml<\/strong><\/a><\/li>\n<li><a href=\"https:\/\/poppers-online.ch\/it\/prodotto\/geiler-hengst-ultra-strong-poppers-alu-10ml\/\"><strong>Horny Stallion Ultra Strong Poppers Alu 10ml<\/strong><\/a><\/li>\n<\/ul>\n<p>Grazie alle bottiglie in alluminio, robuste e leggere, questi popper sono perfetti per gli spostamenti: discreti, pratici e pronti all&#8217;uso in qualsiasi momento.<\/p>\n<div>\n<hr>\n<\/div>\n<h3><strong>FUCK YOU Super Strong Poppers Alu 10ml<\/strong> &#8211; Mostra il tuo dominio!<\/h3>\n<p>Il <strong>FUCK YOU Super Strong Poppers<\/strong> di <strong>Royal Hexagon<\/strong> \u00e8 una vera bomba di potenza. Il nome provocatorio \u00e8 sinonimo di forza, indipendenza e atteggiamento senza compromessi. Con un dito medio alzato come simbolo, \u00e8 una vera e propria dichiarazione. Perfetto per chi sa quello che vuole e lo fa!   <\/p>\n<p>Grazie alla <strong>resistenza<\/strong> extra forte <strong>6<\/strong> e alla moderna formula con nitrito di esile, \u00e8 uno dei popper pi\u00f9 intensi sul mercato. Il flacone compatto in alluminio da 10 ml \u00e8 ideale per le tue tasche e garantisce un&#8217;esperienza indimenticabile e di lunga durata. <\/p>\n<div>\n<hr>\n<\/div>\n<h3><strong>London Ultra Strong Poppers Alu 10ml<\/strong> &#8211; Pura passione, ispirata alla metropoli!<\/h3>\n<p>Il <strong>London Ultra Strong Poppers<\/strong> di <strong>Royal Hexagon<\/strong> ti porta nell&#8217;atmosfera elettrizzante della capitale britannica. Ispirato agli intensi panorami della metropolitana di Londra, \u00e8 sinonimo di incontri spontanei ed eccitanti, pieni di desiderio ed estasi. <\/p>\n<p>Grazie alla <strong>forza 6<\/strong> altamente potente e all&#8217;innovativa formula con nitrito di esile, questo popper offre un&#8217;esperienza intensa che ti lascer\u00e0 senza fiato. Il flacone in alluminio leggero si adatta a tutte le tasche ed \u00e8 sempre pronto per il tuo prossimo incontro piccante. <\/p>\n<div>\n<hr>\n<\/div>\n<h3><strong>Horny Stallion Ultra Strong Poppers Alu 10ml<\/strong> &#8211; Scatena l&#8217;animale che \u00e8 in te!<\/h3>\n<p>Preparati a una cavalcata selvaggia con gli <strong>Horny Stallion Ultra Strong Poppers<\/strong> di <strong>Royal Hexagon<\/strong>! Questo popper accender\u00e0 la tua passione interiore e ti render\u00e0 inarrestabile. Perfetto per chi vuole sentire tutta la sua potenza e non vuole scendere a compromessi. <\/p>\n<p>Grazie alla <strong>forza 6<\/strong> e alla formula collaudata del nitrito di esile, garantisce il massimo effetto. Il pratico flacone in alluminio \u00e8 estremamente leggero e sempre a portata di mano, per un&#8217;intensit\u00e0 illimitata quando e dove vuoi! <\/p>\n<div>\n<hr>\n<\/div>\n<p>Ottieni subito il <strong>pacchetto economico Pocket Poppers Combo<\/strong> e vivi momenti indimenticabili pieni di forza, passione e devozione assoluta!<\/p>\n","protected":false},"featured_media":113968,"comment_status":"open","ping_status":"closed","template":"","meta":{"_acf_changed":false,"iawp_total_views":4,"_glsr_average":0,"_glsr_ranking":0,"_glsr_reviews":0},"product_brand":[],"product_cat":[1047,104,112],"product_tag":[],"class_list":{"0":"post-113972","1":"product","2":"type-product","3":"status-publish","4":"has-post-thumbnail","6":"product_cat-popper","7":"product_cat-confezioni-value","8":"product_cat-boccette-piccole","9":"pa_gewindegroesse-xs","10":"pa_inhalt-combo","11":"pa_inhalt-10ml","12":"pa_inhaltsstoffe-nitrito-esile","13":"pa_marke-royal-hexagon","14":"pa_staerke-105","16":"first","17":"instock","18":"sale","19":"taxable","20":"shipping-taxable","21":"purchasable","22":"product-type-simple"},"acf":[],"_links":{"self":[{"href":"https:\/\/poppers-online.ch\/it\/wp-json\/wp\/v2\/product\/113972","targetHints":{"allow":["GET"]}}],"collection":[{"href":"https:\/\/poppers-online.ch\/it\/wp-json\/wp\/v2\/product"}],"about":[{"href":"https:\/\/poppers-online.ch\/it\/wp-json\/wp\/v2\/types\/product"}],"replies":[{"embeddable":true,"href":"https:\/\/poppers-online.ch\/it\/wp-json\/wp\/v2\/comments?post=113972"}],"wp:featuredmedia":[{"embeddable":true,"href":"https:\/\/poppers-online.ch\/it\/wp-json\/wp\/v2\/media\/113968"}],"wp:attachment":[{"href":"https:\/\/poppers-online.ch\/it\/wp-json\/wp\/v2\/media?parent=113972"}],"wp:term":[{"taxonomy":"product_brand","embeddable":true,"href":"https:\/\/poppers-online.ch\/it\/wp-json\/wp\/v2\/product_brand?post=113972"},{"taxonomy":"product_cat","embeddable":true,"href":"https:\/\/poppers-online.ch\/it\/wp-json\/wp\/v2\/product_cat?post=113972"},{"taxonomy":"product_tag","embeddable":true,"href":"https:\/\/poppers-online.ch\/it\/wp-json\/wp\/v2\/product_tag?post=113972"}],"curies":[{"name":"wp","href":"https:\/\/api.w.org\/{rel}","templated":true}]}}