{"id":112676,"date":"2025-02-20T14:51:30","date_gmt":"2025-02-20T13:51:30","guid":{"rendered":"https:\/\/poppers-online.ch\/produkt\/poppers-online-signature-edition-maximal-strong-poppers-alu-10ml\/"},"modified":"2025-02-20T21:06:19","modified_gmt":"2025-02-20T20:06:19","slug":"poppers-online-signature-edition-maximal-strong-poppers-alu-10ml","status":"publish","type":"product","link":"https:\/\/poppers-online.ch\/it\/prodotto\/poppers-online-signature-edition-maximal-strong-poppers-alu-10ml\/","title":{"rendered":"Popper Online Signature Edition Maximal Strong Popper Alu 10ml"},"content":{"rendered":"","protected":false},"excerpt":{"rendered":"<p><span style=\"font-weight: 400;\">Il <\/span><strong>Popper Online Signature Edition Maximal Strong Popper Alu 10ml<\/strong><span style=\"font-weight: 400;\"> di Royal Hexagon nella mini bottiglia di alluminio \u00e8 sul mercato dal 2025. La nostra Popper Online Signature Edition \u00e8 sinonimo di prodotti di popper sicuri e di alta qualit\u00e0, di un&#8217;elaborazione rapida e di un servizio clienti senza complicazioni. Popper Online \u00e8 anche sinonimo di educazione professionale e continua sul popper e di destigmatizzazione del popper in Svizzera, Europa e nel mondo. Il Poppers Online Signature Edition Maximal Strong Popper contiene il nitrito alchilico classificato meno dannoso, chiamato nitrito di esile, ed \u00e8 uno dei popper pi\u00f9 forti sul mercato con una potenza di 5. Come le tradizionali bottiglie di vetro, la piccola bottiglia di alluminio contiene 10 ml di liquido. Tuttavia, \u00e8 leggera come una piuma e si adatta perfettamente a qualsiasi tasca dei pantaloni grazie alla sua forma sottile.     <\/span><\/p>\n","protected":false},"featured_media":112671,"comment_status":"open","ping_status":"closed","template":"","meta":{"_acf_changed":false,"iawp_total_views":3,"_glsr_average":0,"_glsr_ranking":0,"_glsr_reviews":0},"product_brand":[],"product_cat":[1047,112],"product_tag":[],"class_list":{"0":"post-112676","1":"product","2":"type-product","3":"status-publish","4":"has-post-thumbnail","6":"product_cat-popper","7":"product_cat-boccette-piccole","8":"pa_gewindegroesse-xs","9":"pa_inhalt-10ml","10":"pa_inhaltsstoffe-nitrito-esile","11":"pa_marke-royal-hexagon","12":"pa_staerke-103","14":"first","15":"instock","16":"taxable","17":"shipping-taxable","18":"purchasable","19":"product-type-simple"},"acf":[],"_links":{"self":[{"href":"https:\/\/poppers-online.ch\/it\/wp-json\/wp\/v2\/product\/112676","targetHints":{"allow":["GET"]}}],"collection":[{"href":"https:\/\/poppers-online.ch\/it\/wp-json\/wp\/v2\/product"}],"about":[{"href":"https:\/\/poppers-online.ch\/it\/wp-json\/wp\/v2\/types\/product"}],"replies":[{"embeddable":true,"href":"https:\/\/poppers-online.ch\/it\/wp-json\/wp\/v2\/comments?post=112676"}],"wp:featuredmedia":[{"embeddable":true,"href":"https:\/\/poppers-online.ch\/it\/wp-json\/wp\/v2\/media\/112671"}],"wp:attachment":[{"href":"https:\/\/poppers-online.ch\/it\/wp-json\/wp\/v2\/media?parent=112676"}],"wp:term":[{"taxonomy":"product_brand","embeddable":true,"href":"https:\/\/poppers-online.ch\/it\/wp-json\/wp\/v2\/product_brand?post=112676"},{"taxonomy":"product_cat","embeddable":true,"href":"https:\/\/poppers-online.ch\/it\/wp-json\/wp\/v2\/product_cat?post=112676"},{"taxonomy":"product_tag","embeddable":true,"href":"https:\/\/poppers-online.ch\/it\/wp-json\/wp\/v2\/product_tag?post=112676"}],"curies":[{"name":"wp","href":"https:\/\/api.w.org\/{rel}","templated":true}]}}