{"id":110965,"date":"2025-02-01T17:27:06","date_gmt":"2025-02-01T16:29:36","guid":{"rendered":"https:\/\/poppers-online.ch\/produkt\/hidden-desire-extreme-buttplug-xl-18-cm\/"},"modified":"2025-02-04T11:29:03","modified_gmt":"2025-02-04T10:29:03","slug":"hidden-desire-extreme-buttplug-xl-18-cm","status":"publish","type":"product","link":"https:\/\/poppers-online.ch\/it\/prodotto\/hidden-desire-extreme-buttplug-xl-18-cm\/","title":{"rendered":"Hidden Desire Extreme Buttplug XL 18 cm"},"content":{"rendered":"","protected":false},"excerpt":{"rendered":"<p><strong>Hidden Desire Extreme Buttplug XL 18cm &#8211; Scatena le tue fantasie pi\u00f9 sfrenate<\/strong><\/p>\n<p>Con Hidden Desire Extreme Buttplug XL 18cm dell&#8217;esclusiva collezione <strong>HIDDEN DESIRE<\/strong>, potrai ridefinire i limiti del piacere. Questo anal toy XXL \u00e8 stato sviluppato appositamente per chi \u00e8 alla ricerca di esperienze pi\u00f9 intense. <\/p>\n<p>\u00c8 progettato per penetrare delicatamente e, quando \u00e8 in profondit\u00e0, puoi lavorare per raggiungere un climax sensazionale muovendoti su e gi\u00f9. Il materiale liscio in PVC garantisce un inserimento confortevole, mentre l&#8217;ampia base garantisce sicurezza e comodit\u00e0 durante l&#8217;uso. <\/p>\n<p>&nbsp;<\/p>\n<p><strong>Dettagli del prodotto:<\/strong><\/p>\n<ul>\n<li><strong>Materiale<\/strong>: PVC<\/li>\n<li><strong>Lunghezza totale<\/strong>: 18 cm<\/li>\n<li><strong>Diametro<\/strong>: 7 cm<\/li>\n<\/ul>\n<p>Scatena le tue fantasie pi\u00f9 sfrenate con <strong>Hidden Desire Extreme XXL Anal Gear<\/strong> e vivi momenti indimenticabili!<\/p>\n","protected":false},"featured_media":110963,"comment_status":"open","ping_status":"closed","template":"","meta":{"_acf_changed":false,"iawp_total_views":8,"_glsr_average":0,"_glsr_ranking":0,"_glsr_reviews":0},"product_brand":[],"product_cat":[2086,172],"product_tag":[],"class_list":{"0":"post-110965","1":"product","2":"type-product","3":"status-publish","4":"has-post-thumbnail","6":"product_cat-anal-play","7":"product_cat-sex-toys","9":"first","10":"instock","11":"taxable","12":"shipping-taxable","13":"purchasable","14":"product-type-simple"},"acf":[],"_links":{"self":[{"href":"https:\/\/poppers-online.ch\/it\/wp-json\/wp\/v2\/product\/110965","targetHints":{"allow":["GET"]}}],"collection":[{"href":"https:\/\/poppers-online.ch\/it\/wp-json\/wp\/v2\/product"}],"about":[{"href":"https:\/\/poppers-online.ch\/it\/wp-json\/wp\/v2\/types\/product"}],"replies":[{"embeddable":true,"href":"https:\/\/poppers-online.ch\/it\/wp-json\/wp\/v2\/comments?post=110965"}],"wp:featuredmedia":[{"embeddable":true,"href":"https:\/\/poppers-online.ch\/it\/wp-json\/wp\/v2\/media\/110963"}],"wp:attachment":[{"href":"https:\/\/poppers-online.ch\/it\/wp-json\/wp\/v2\/media?parent=110965"}],"wp:term":[{"taxonomy":"product_brand","embeddable":true,"href":"https:\/\/poppers-online.ch\/it\/wp-json\/wp\/v2\/product_brand?post=110965"},{"taxonomy":"product_cat","embeddable":true,"href":"https:\/\/poppers-online.ch\/it\/wp-json\/wp\/v2\/product_cat?post=110965"},{"taxonomy":"product_tag","embeddable":true,"href":"https:\/\/poppers-online.ch\/it\/wp-json\/wp\/v2\/product_tag?post=110965"}],"curies":[{"name":"wp","href":"https:\/\/api.w.org\/{rel}","templated":true}]}}