{"id":110941,"date":"2025-02-01T17:18:05","date_gmt":"2025-02-01T16:18:05","guid":{"rendered":"https:\/\/poppers-online.ch\/?post_type=product&#038;p=110941"},"modified":"2025-02-01T17:29:15","modified_gmt":"2025-02-01T16:29:15","slug":"poppers-booster-cap-xtrm-leak-proof-double-xl-black","status":"publish","type":"product","link":"https:\/\/poppers-online.ch\/it\/prodotto\/poppers-booster-cap-xtrm-leak-proof-double-xl-black\/","title":{"rendered":"Poppers Booster Cap XTRM LEAK PROOF Double XL Black"},"content":{"rendered":"","protected":false},"excerpt":{"rendered":"<p>Quando le cose si scatenano subito dopo aver sniffato poppers, pu\u00f2 capitare di ritrovarsi con la bottiglia di poppers rovesciata e che perde. Il team XTRM ha sviluppato un ingegnoso tappo a prova di perdite e facile da usare XTRM Double XL Black LEAK PROOF con pulsante. L&#8217;annusatore a prova di perdite si avvita sulla bottiglia come di consueto. Solo quando si preme il pulsante sul lato del tappo, il popper fuoriesce dalla bottiglia attraverso il canale del calcio. Quando si rilascia il pulsante, lo sniffer \u00e8 di nuovo sigillato al 100% e il popper rimane nella bottiglia, anche se la bottiglia si rovescia perch\u00e9 \u00e8 calda.<\/p>\n<p>Il tappo Double XL Black LEAK PROOF Booster si adatta esclusivamente a tutte le bottiglie in alluminio da 30 ml di Royal Hexagon. Ora sono disponibili quattro diverse misure di filettatura per le bottiglie di popper e quindi anche quattro diverse varianti di XTRM LEAK PROOF (misure XS, S, L e XL). Provate l&#8217;emozione e il comfort extra quando tirate i popper. Niente pi\u00f9 bottiglie di popper rovesciate grazie al tappo a prova di perdite LEAK PROOF. Nota sull&#8217;applicazione: per avvitare, tenere il LEAK PROOF XL nella parte inferiore, stringere con attenzione e non serrare eccessivamente la filettatura.<\/p>\n","protected":false},"featured_media":110945,"comment_status":"open","ping_status":"closed","template":"","meta":{"_acf_changed":false,"iawp_total_views":2,"_glsr_average":0,"_glsr_ranking":0,"_glsr_reviews":0},"product_brand":[],"product_cat":[151,1304],"product_tag":[438],"class_list":{"0":"post-110941","1":"product","2":"type-product","3":"status-publish","4":"has-post-thumbnail","6":"product_cat-accessori-popper","7":"product_cat-booster-caps-it","8":"product_tag-poppers-booster-cap-xtrm-double-small-black-leak-proof-it","10":"first","11":"instock","12":"taxable","13":"shipping-taxable","14":"purchasable","15":"product-type-simple"},"acf":[],"_links":{"self":[{"href":"https:\/\/poppers-online.ch\/it\/wp-json\/wp\/v2\/product\/110941","targetHints":{"allow":["GET"]}}],"collection":[{"href":"https:\/\/poppers-online.ch\/it\/wp-json\/wp\/v2\/product"}],"about":[{"href":"https:\/\/poppers-online.ch\/it\/wp-json\/wp\/v2\/types\/product"}],"replies":[{"embeddable":true,"href":"https:\/\/poppers-online.ch\/it\/wp-json\/wp\/v2\/comments?post=110941"}],"wp:featuredmedia":[{"embeddable":true,"href":"https:\/\/poppers-online.ch\/it\/wp-json\/wp\/v2\/media\/110945"}],"wp:attachment":[{"href":"https:\/\/poppers-online.ch\/it\/wp-json\/wp\/v2\/media?parent=110941"}],"wp:term":[{"taxonomy":"product_brand","embeddable":true,"href":"https:\/\/poppers-online.ch\/it\/wp-json\/wp\/v2\/product_brand?post=110941"},{"taxonomy":"product_cat","embeddable":true,"href":"https:\/\/poppers-online.ch\/it\/wp-json\/wp\/v2\/product_cat?post=110941"},{"taxonomy":"product_tag","embeddable":true,"href":"https:\/\/poppers-online.ch\/it\/wp-json\/wp\/v2\/product_tag?post=110941"}],"curies":[{"name":"wp","href":"https:\/\/api.w.org\/{rel}","templated":true}]}}