{"id":110871,"date":"2025-02-01T15:07:40","date_gmt":"2025-02-01T14:58:52","guid":{"rendered":"https:\/\/poppers-online.ch\/produkt\/calexotics-divaricatore-di-sfere-in-pelle-di-grandi-dimensioni\/"},"modified":"2025-02-05T17:04:29","modified_gmt":"2025-02-05T16:04:29","slug":"calexotics-divaricatore-di-sfere-in-pelle-di-grandi-dimensioni","status":"publish","type":"product","link":"https:\/\/poppers-online.ch\/it\/prodotto\/calexotics-divaricatore-di-sfere-in-pelle-di-grandi-dimensioni\/","title":{"rendered":"CalExotics divaricatore di sfere in pelle di grandi dimensioni"},"content":{"rendered":"","protected":false},"excerpt":{"rendered":"<p>Prolunga la tua seduzione e il tuo piacere estatico con il <strong>divaricatore di palle in pelle regolabile CalExotics Large<\/strong>. Questa comoda e facile combinazione di cinghia e anello per aumentare l&#8217;erezione si adatta al pene in erezione per prestazioni erotiche prolungate e una soddisfazione sensuale pi\u00f9 intensa. Stringi la grande cinghia e regola i pulsanti in acciaio per ottenere la tensione orgasmica perfetta e vivere ogni volta un&#8217;esperienza superlativa.  <\/p>\n<p>&nbsp;<\/p>\n<p>L&#8217;amplificatore \u00e8 composto da una morbida cinghia in vera pelle con bottoni a pressione rivestiti in acciaio e un anello in gomma flessibile e liscio. \u00c8 perfetto per un&#8217;esplorazione spontanea e sensuale e per una masturbazione istantanea. La cinghia in pelle liscia \u00e8 stata progettata per avvolgere la base dello scroto ed \u00e8 completamente regolabile per fornire un supporto ottimale all&#8217;erezione e una tensione da brivido. L&#8217;anello di gomma viene fatto scivolare sul pene per mantenere le prestazioni e la resistenza.   <\/p>\n<p>&nbsp;<\/p>\n<p>Per una maggiore sensibilit\u00e0 e il massimo piacere esotico, si consiglia l&#8217;uso di un <a href=\"https:\/\/poppers-online.ch\/it\/prodotto\/lubrificante-a-base-dacqua-swiss-navy-354ml\/\">lubrificante di alta qualit\u00e0<\/a>. Perfetto per i principianti e per gli utenti pi\u00f9 esperti, questo stimolatore pu\u00f2 essere utilizzato sia per la masturbazione intima che per i giochi di eccitazione e stimolazione con il partner. L&#8217;ampia cinghia ti permette di vivere le tue fantasie segrete e i tuoi desideri sensuali, mentre l&#8217;anello di gomma garantisce un&#8217;erezione dura e prolungata per una soddisfazione duratura. Pulisci lo stimolatore di erezione in pelle e l&#8217;anello di gomma prima e dopo ogni utilizzo con uno speciale <a href=\"https:\/\/poppers-online.ch\/it\/prodotto\/s8-detergente-organico-per-giocattoli-150ml\/\">spray detergente per giocattoli<\/a>.   <\/p>\n","protected":false},"featured_media":110783,"comment_status":"open","ping_status":"closed","template":"","meta":{"_acf_changed":false,"iawp_total_views":2,"_glsr_average":0,"_glsr_ranking":0,"_glsr_reviews":0},"product_brand":[],"product_cat":[2089,2092,172],"product_tag":[],"class_list":{"0":"post-110871","1":"product","2":"type-product","3":"status-publish","4":"has-post-thumbnail","6":"product_cat-ball-play","7":"product_cat-cock-play","8":"product_cat-sex-toys","10":"first","11":"instock","12":"taxable","13":"shipping-taxable","14":"purchasable","15":"product-type-simple"},"acf":[],"_links":{"self":[{"href":"https:\/\/poppers-online.ch\/it\/wp-json\/wp\/v2\/product\/110871","targetHints":{"allow":["GET"]}}],"collection":[{"href":"https:\/\/poppers-online.ch\/it\/wp-json\/wp\/v2\/product"}],"about":[{"href":"https:\/\/poppers-online.ch\/it\/wp-json\/wp\/v2\/types\/product"}],"replies":[{"embeddable":true,"href":"https:\/\/poppers-online.ch\/it\/wp-json\/wp\/v2\/comments?post=110871"}],"wp:featuredmedia":[{"embeddable":true,"href":"https:\/\/poppers-online.ch\/it\/wp-json\/wp\/v2\/media\/110783"}],"wp:attachment":[{"href":"https:\/\/poppers-online.ch\/it\/wp-json\/wp\/v2\/media?parent=110871"}],"wp:term":[{"taxonomy":"product_brand","embeddable":true,"href":"https:\/\/poppers-online.ch\/it\/wp-json\/wp\/v2\/product_brand?post=110871"},{"taxonomy":"product_cat","embeddable":true,"href":"https:\/\/poppers-online.ch\/it\/wp-json\/wp\/v2\/product_cat?post=110871"},{"taxonomy":"product_tag","embeddable":true,"href":"https:\/\/poppers-online.ch\/it\/wp-json\/wp\/v2\/product_tag?post=110871"}],"curies":[{"name":"wp","href":"https:\/\/api.w.org\/{rel}","templated":true}]}}