{"id":110441,"date":"2025-01-26T16:37:23","date_gmt":"2025-01-26T15:37:23","guid":{"rendered":"https:\/\/poppers-online.ch\/produkt\/boy-butter-h2o-lubrificante-237-ml\/"},"modified":"2025-01-29T14:50:04","modified_gmt":"2025-01-29T13:50:04","slug":"boy-butter-h2o-lubrificante-237-ml","status":"publish","type":"product","link":"https:\/\/poppers-online.ch\/it\/prodotto\/boy-butter-h2o-lubrificante-237-ml\/","title":{"rendered":"Boy Butter H2O Lubrificante 237ml"},"content":{"rendered":"","protected":false},"excerpt":{"rendered":"<p><strong>Boy Butter H2O Lubrificante 237ml.<\/strong>  Non ti accorgerai che non \u00e8 Boy Butter! Questo Boy Butter \u00e8 un lubrificante rivoluzionario a base d&#8217;acqua che \u00e8 stato sviluppato in anni di test. I nostri chimici sono andati contro tutte le leggi della natura e hanno trovato una miscela ideale di acqua purificata, aloe vera, burro di karit\u00e9 e un pizzico di estratto di vaniglia. Il risultato? Una crema a base d&#8217;acqua, leggera, duratura, che non macchia e che non danneggia il lattice. Non crederai mai che non si tratti di un burro per ragazzi, perch\u00e9 ti fa sentire cos\u00ec bene e ti fa stare cos\u00ec bene. Avrai tutto il divertimento, ma senza il grasso! Boy Butter \u00e8 il marchio di culto dei lubrificanti. Fondata nel 2003 da Eyal Feldman a New York, l&#8217;azienda \u00e8 nota per i suoi prodotti che hanno una lunga durata durante l&#8217;uso e una formulazione che rispetta la pelle. Una caratteristica particolare del marchio \u00e8 il design innovativo delle confezioni: i lubrificanti vengono riempiti in contenitori che ricordano le classiche scatole di burro.      <\/p>\n","protected":false},"featured_media":110414,"comment_status":"open","ping_status":"closed","template":"","meta":{"_acf_changed":false,"iawp_total_views":1,"_glsr_average":0,"_glsr_ranking":0,"_glsr_reviews":0},"product_brand":[],"product_cat":[2068,168],"product_tag":[],"class_list":{"0":"post-110441","1":"product","2":"type-product","3":"status-publish","4":"has-post-thumbnail","6":"product_cat-lubrificanti","7":"product_cat-farmacia","9":"first","10":"instock","11":"taxable","12":"shipping-taxable","13":"purchasable","14":"product-type-simple"},"acf":[],"_links":{"self":[{"href":"https:\/\/poppers-online.ch\/it\/wp-json\/wp\/v2\/product\/110441","targetHints":{"allow":["GET"]}}],"collection":[{"href":"https:\/\/poppers-online.ch\/it\/wp-json\/wp\/v2\/product"}],"about":[{"href":"https:\/\/poppers-online.ch\/it\/wp-json\/wp\/v2\/types\/product"}],"replies":[{"embeddable":true,"href":"https:\/\/poppers-online.ch\/it\/wp-json\/wp\/v2\/comments?post=110441"}],"wp:featuredmedia":[{"embeddable":true,"href":"https:\/\/poppers-online.ch\/it\/wp-json\/wp\/v2\/media\/110414"}],"wp:attachment":[{"href":"https:\/\/poppers-online.ch\/it\/wp-json\/wp\/v2\/media?parent=110441"}],"wp:term":[{"taxonomy":"product_brand","embeddable":true,"href":"https:\/\/poppers-online.ch\/it\/wp-json\/wp\/v2\/product_brand?post=110441"},{"taxonomy":"product_cat","embeddable":true,"href":"https:\/\/poppers-online.ch\/it\/wp-json\/wp\/v2\/product_cat?post=110441"},{"taxonomy":"product_tag","embeddable":true,"href":"https:\/\/poppers-online.ch\/it\/wp-json\/wp\/v2\/product_tag?post=110441"}],"curies":[{"name":"wp","href":"https:\/\/api.w.org\/{rel}","templated":true}]}}