{"id":110435,"date":"2025-01-26T16:20:43","date_gmt":"2025-01-26T15:20:43","guid":{"rendered":"https:\/\/poppers-online.ch\/produkt\/boy-butter-lubrificante-237-ml\/"},"modified":"2025-06-03T17:15:27","modified_gmt":"2025-06-03T15:15:27","slug":"boy-butter-lubrificante-237-ml","status":"publish","type":"product","link":"https:\/\/poppers-online.ch\/it\/prodotto\/boy-butter-lubrificante-237-ml\/","title":{"rendered":"Boy Butter Lubrificante 237ml"},"content":{"rendered":"","protected":false},"excerpt":{"rendered":"<h2>Burro Boy originale nell&#8217;iconica confezione<\/h2>\n<p><strong>Boy Butter Lubricant 237ml<\/strong> \u00e8 un lubrificante a base di olio composto da due ingredienti forti ma piacevoli: l&#8217;olio di cocco e il silicone organico, che si trova spesso anche nei balsami per capelli. Gli ingredienti sono omogeneizzati come un vero burro e il risultato \u00e8 un lubrificante che dura pi\u00f9 a lungo dei gel sintetici o dei lubrificanti a base di silicone puro. Pu\u00f2 essere facilmente lavato con acqua da tutti i tessuti. Boy Butter \u00e8 ipoallergenico ed \u00e8 sicuro per tutti i sex toys. Boy Butter Lubricant 237 ml purtroppo non \u00e8 compatibile con il lattice e quindi non \u00e8 adatto all&#8217;uso con i preservativi. Usa Boybutter per te stesso o con un partner.<\/p>\n<p>Il lubrificante a base d&#8217;acqua <a href=\"https:\/\/poppers-online.ch\/it\/prodotto\/boy-butter-h2o-lubrificante-237-ml\/\">Boy Butter H2O<\/a> (confezione blu) \u00e8 compatibile con i preservativi in lattice. Abbiamo anche questa variante latex-safe nella nostra gamma.<\/p>\n<p>I prodotti Boy Butter Original Formula sono particolarmente apprezzati per la loro lunga durata durante l&#8217;uso e per la formulazione che rispetta la pelle. La consistenza cremosa e burrosa e la texture liscia e leggera assicurano un piacere di scorrimento sensuale. <\/p>\n<p>Una caratteristica particolare del marchio \u00e8 l&#8217;innovativo design della confezione: i lubrificanti vengono riempiti in contenitori che ricordano i classici piatti di burro.<\/p>\n<p>Puoi acquistare questo prodotto di culto e altri prodotti Boy Butter da noi online a un prezzo vantaggioso. Consegniamo il tuo ordine in modo rapido e discreto a casa tua. <\/p>\n","protected":false},"featured_media":110409,"comment_status":"open","ping_status":"closed","template":"","meta":{"_acf_changed":false,"iawp_total_views":6,"_glsr_average":0,"_glsr_ranking":0,"_glsr_reviews":0},"product_brand":[],"product_cat":[2068,168],"product_tag":[],"class_list":{"0":"post-110435","1":"product","2":"type-product","3":"status-publish","4":"has-post-thumbnail","6":"product_cat-lubrificanti","7":"product_cat-farmacia","9":"first","10":"instock","11":"taxable","12":"shipping-taxable","13":"purchasable","14":"product-type-simple"},"acf":[],"_links":{"self":[{"href":"https:\/\/poppers-online.ch\/it\/wp-json\/wp\/v2\/product\/110435","targetHints":{"allow":["GET"]}}],"collection":[{"href":"https:\/\/poppers-online.ch\/it\/wp-json\/wp\/v2\/product"}],"about":[{"href":"https:\/\/poppers-online.ch\/it\/wp-json\/wp\/v2\/types\/product"}],"replies":[{"embeddable":true,"href":"https:\/\/poppers-online.ch\/it\/wp-json\/wp\/v2\/comments?post=110435"}],"wp:featuredmedia":[{"embeddable":true,"href":"https:\/\/poppers-online.ch\/it\/wp-json\/wp\/v2\/media\/110409"}],"wp:attachment":[{"href":"https:\/\/poppers-online.ch\/it\/wp-json\/wp\/v2\/media?parent=110435"}],"wp:term":[{"taxonomy":"product_brand","embeddable":true,"href":"https:\/\/poppers-online.ch\/it\/wp-json\/wp\/v2\/product_brand?post=110435"},{"taxonomy":"product_cat","embeddable":true,"href":"https:\/\/poppers-online.ch\/it\/wp-json\/wp\/v2\/product_cat?post=110435"},{"taxonomy":"product_tag","embeddable":true,"href":"https:\/\/poppers-online.ch\/it\/wp-json\/wp\/v2\/product_tag?post=110435"}],"curies":[{"name":"wp","href":"https:\/\/api.w.org\/{rel}","templated":true}]}}