{"id":109280,"date":"2025-01-08T19:49:57","date_gmt":"2025-01-08T18:49:57","guid":{"rendered":"https:\/\/poppers-online.ch\/produkt\/berlin-hard-pentyl-poppers-24ml\/"},"modified":"2025-10-23T13:00:53","modified_gmt":"2025-10-23T11:00:53","slug":"berlin-hard-pentyl-poppers-24ml","status":"publish","type":"product","link":"https:\/\/poppers-online.ch\/it\/prodotto\/berlin-hard-pentyl-poppers-24ml\/","title":{"rendered":"Berlin Hard Pentyl Popper 24ml"},"content":{"rendered":"","protected":false},"excerpt":{"rendered":"<p><span style=\"font-weight: 400;\">Il <\/span><b>Berlin Hard Pentyl Popper 24ml <\/b> <span style=\"font-weight: 400;\">porta le vibrazioni di Berlino a casa tua. Lo sappiamo tutti: Berlino \u00e8 la capitale del sesso gay in Europa. In nessun altro posto in Europa \u00e8 garantito che ci sia sempre una scopata o un appuntamento che ti aspetta. Il Berlin Hard Pentyl Popper ti far\u00e0 diventare sporco come Berlino stessa. Non importa se ti piace essere passivo e dare volentieri il tuo culo o se vuoi scopare attivamente in modo ancora pi\u00f9 duro e disinibito. A noi piace Berlino dalla A alla Z e ci piace il Berlin Hard Pentyl Popper. Anche a te?      <\/span><\/p>\n","protected":false},"featured_media":133297,"comment_status":"open","ping_status":"closed","template":"","meta":{"_acf_changed":false,"iawp_total_views":10,"_glsr_average":0,"_glsr_ranking":0,"_glsr_reviews":0},"product_brand":[],"product_cat":[1047,109],"product_tag":[],"class_list":{"0":"post-109280","1":"product","2":"type-product","3":"status-publish","4":"has-post-thumbnail","6":"product_cat-popper","7":"product_cat-boccette-grandi","8":"pa_flaschenform-ovale-it","9":"pa_gewindegroesse-piccola","10":"pa_inhalt-24ml","11":"pa_inhaltsstoffe-nitrito-di-alcool-isoamilico","12":"pa_marke-berlin-popper","13":"pa_staerke-105","15":"first","16":"instock","17":"taxable","18":"shipping-taxable","19":"purchasable","20":"product-type-simple"},"acf":[],"_links":{"self":[{"href":"https:\/\/poppers-online.ch\/it\/wp-json\/wp\/v2\/product\/109280","targetHints":{"allow":["GET"]}}],"collection":[{"href":"https:\/\/poppers-online.ch\/it\/wp-json\/wp\/v2\/product"}],"about":[{"href":"https:\/\/poppers-online.ch\/it\/wp-json\/wp\/v2\/types\/product"}],"replies":[{"embeddable":true,"href":"https:\/\/poppers-online.ch\/it\/wp-json\/wp\/v2\/comments?post=109280"}],"wp:featuredmedia":[{"embeddable":true,"href":"https:\/\/poppers-online.ch\/it\/wp-json\/wp\/v2\/media\/133297"}],"wp:attachment":[{"href":"https:\/\/poppers-online.ch\/it\/wp-json\/wp\/v2\/media?parent=109280"}],"wp:term":[{"taxonomy":"product_brand","embeddable":true,"href":"https:\/\/poppers-online.ch\/it\/wp-json\/wp\/v2\/product_brand?post=109280"},{"taxonomy":"product_cat","embeddable":true,"href":"https:\/\/poppers-online.ch\/it\/wp-json\/wp\/v2\/product_cat?post=109280"},{"taxonomy":"product_tag","embeddable":true,"href":"https:\/\/poppers-online.ch\/it\/wp-json\/wp\/v2\/product_tag?post=109280"}],"curies":[{"name":"wp","href":"https:\/\/api.w.org\/{rel}","templated":true}]}}