{"id":109277,"date":"2025-01-08T17:09:42","date_gmt":"2025-01-08T16:09:42","guid":{"rendered":"https:\/\/poppers-online.ch\/produkt\/super-rush-black-label-poppers-24ml\/"},"modified":"2026-03-02T09:12:09","modified_gmt":"2026-03-02T08:12:09","slug":"super-rush-black-label-poppers-24ml","status":"publish","type":"product","link":"https:\/\/poppers-online.ch\/it\/prodotto\/super-rush-black-label-poppers-24ml\/","title":{"rendered":"Super Rush Black Label Popper 24ml"},"content":{"rendered":"","protected":false},"excerpt":{"rendered":"<p><span style=\"font-weight: 400;\">Il <\/span><b>Super Rush Black Label Popper 24ml<\/b><span style=\"font-weight: 400;\"> appartiene alla famiglia di prodotti Rush ed \u00e8 confezionato con una formulazione forte pensata per le tue nuove esperienze perverse, eccitanti ed eccitanti. Si basa sul nitrito alchilico chiamato nitrito di alcol isoamilico. SUPER RUSH Black Label Extreme Popper \u00e8 una delle variet\u00e0 pi\u00f9 forti sul mercato, con un&#8217;intensit\u00e0 di 5, ed \u00e8 disponibile in una boccetta alta 24 ml. SUPER RUSH Black Label Extreme Popper rende la tua avventura ancora pi\u00f9 eccitante, calda e perversa.   <\/span><\/p>\n","protected":false},"featured_media":109240,"comment_status":"open","ping_status":"closed","template":"","meta":{"_acf_changed":false,"iawp_total_views":12,"_glsr_average":0,"_glsr_ranking":0,"_glsr_reviews":0},"product_brand":[],"product_cat":[1047,109],"product_tag":[],"class_list":{"0":"post-109277","1":"product","2":"type-product","3":"status-publish","4":"has-post-thumbnail","6":"product_cat-popper","7":"product_cat-boccette-grandi","8":"pa_flaschenform-rotonda-tall","9":"pa_gewindegroesse-piccola","10":"pa_inhalt-24ml","11":"pa_inhaltsstoffe-nitrito-di-alcool-isoamilico","12":"pa_marke-rush-popper","13":"pa_staerke-103","15":"first","16":"instock","17":"sale","18":"taxable","19":"shipping-taxable","20":"purchasable","21":"product-type-simple"},"acf":[],"_links":{"self":[{"href":"https:\/\/poppers-online.ch\/it\/wp-json\/wp\/v2\/product\/109277","targetHints":{"allow":["GET"]}}],"collection":[{"href":"https:\/\/poppers-online.ch\/it\/wp-json\/wp\/v2\/product"}],"about":[{"href":"https:\/\/poppers-online.ch\/it\/wp-json\/wp\/v2\/types\/product"}],"replies":[{"embeddable":true,"href":"https:\/\/poppers-online.ch\/it\/wp-json\/wp\/v2\/comments?post=109277"}],"wp:featuredmedia":[{"embeddable":true,"href":"https:\/\/poppers-online.ch\/it\/wp-json\/wp\/v2\/media\/109240"}],"wp:attachment":[{"href":"https:\/\/poppers-online.ch\/it\/wp-json\/wp\/v2\/media?parent=109277"}],"wp:term":[{"taxonomy":"product_brand","embeddable":true,"href":"https:\/\/poppers-online.ch\/it\/wp-json\/wp\/v2\/product_brand?post=109277"},{"taxonomy":"product_cat","embeddable":true,"href":"https:\/\/poppers-online.ch\/it\/wp-json\/wp\/v2\/product_cat?post=109277"},{"taxonomy":"product_tag","embeddable":true,"href":"https:\/\/poppers-online.ch\/it\/wp-json\/wp\/v2\/product_tag?post=109277"}],"curies":[{"name":"wp","href":"https:\/\/api.w.org\/{rel}","templated":true}]}}