{"id":109020,"date":"2025-01-06T12:30:17","date_gmt":"2025-01-06T11:30:17","guid":{"rendered":"https:\/\/poppers-online.ch\/produkt\/lubrificante-anale-swiss-navy-premium-a-base-di-silicone-237ml\/"},"modified":"2025-01-11T18:22:36","modified_gmt":"2025-01-11T17:22:36","slug":"lubrificante-anale-swiss-navy-premium-a-base-di-silicone-237ml","status":"publish","type":"product","link":"https:\/\/poppers-online.ch\/it\/prodotto\/lubrificante-anale-swiss-navy-premium-a-base-di-silicone-237ml\/","title":{"rendered":"Lubrificante anale Swiss Navy Premium a base di silicone 237ml"},"content":{"rendered":"","protected":false},"excerpt":{"rendered":"<div><strong>Lubrificante anale Swiss Navy Premium a base di silicone 237ml.<\/strong>  Il lubrificante giusto \u00e8 molto importante per un sesso anale sicuro e piacevole. Il nuovo lubrificante anale Swiss Navy Premium \u00e8 stato sviluppato appositamente per questo scopo. Con questo lubrificante, il sesso anale \u00e8 sempre un piacere piacevole. Realizzato a base di silicone medico, lubrifica anche durante le sessioni pi\u00f9 lunghe senza alterare la consistenza. \u00c8 viscoso e rimane in posizione senza gocciolare. Questo lubrificante \u00e8 compatibile con tutti i preservativi e con molti sex toys. Swiss Navy Anal Lube non contiene parabeni, glicerina o agenti anestetici. Il lubrificante <strong>anale Swiss Navy Premium a base di silicone da 237 ml<\/strong> \u00e8 facile da lavare con acqua calda e sapone.       <\/div>\n<div><\/div>\n<div>\n<div>Produttore: Swiss Navy<\/div>\n<div>Contenuto: 237 ml<\/div>\n<\/div>\n","protected":false},"featured_media":109019,"comment_status":"open","ping_status":"closed","template":"","meta":{"_acf_changed":false,"iawp_total_views":151,"_glsr_average":0,"_glsr_ranking":0,"_glsr_reviews":0},"product_brand":[],"product_cat":[2068,168],"product_tag":[],"class_list":{"0":"post-109020","1":"product","2":"type-product","3":"status-publish","4":"has-post-thumbnail","6":"product_cat-lubrificanti","7":"product_cat-farmacia","9":"first","10":"instock","11":"taxable","12":"shipping-taxable","13":"purchasable","14":"product-type-simple"},"acf":[],"_links":{"self":[{"href":"https:\/\/poppers-online.ch\/it\/wp-json\/wp\/v2\/product\/109020","targetHints":{"allow":["GET"]}}],"collection":[{"href":"https:\/\/poppers-online.ch\/it\/wp-json\/wp\/v2\/product"}],"about":[{"href":"https:\/\/poppers-online.ch\/it\/wp-json\/wp\/v2\/types\/product"}],"replies":[{"embeddable":true,"href":"https:\/\/poppers-online.ch\/it\/wp-json\/wp\/v2\/comments?post=109020"}],"wp:featuredmedia":[{"embeddable":true,"href":"https:\/\/poppers-online.ch\/it\/wp-json\/wp\/v2\/media\/109019"}],"wp:attachment":[{"href":"https:\/\/poppers-online.ch\/it\/wp-json\/wp\/v2\/media?parent=109020"}],"wp:term":[{"taxonomy":"product_brand","embeddable":true,"href":"https:\/\/poppers-online.ch\/it\/wp-json\/wp\/v2\/product_brand?post=109020"},{"taxonomy":"product_cat","embeddable":true,"href":"https:\/\/poppers-online.ch\/it\/wp-json\/wp\/v2\/product_cat?post=109020"},{"taxonomy":"product_tag","embeddable":true,"href":"https:\/\/poppers-online.ch\/it\/wp-json\/wp\/v2\/product_tag?post=109020"}],"curies":[{"name":"wp","href":"https:\/\/api.w.org\/{rel}","templated":true}]}}