{"id":109011,"date":"2025-01-06T12:08:18","date_gmt":"2025-01-06T11:08:18","guid":{"rendered":"https:\/\/poppers-online.ch\/produkt\/anello-in-silicone-liquido-cock-and-ball-serie-titus-silicone\/"},"modified":"2025-01-11T18:16:05","modified_gmt":"2025-01-11T17:16:05","slug":"anello-in-silicone-liquido-cock-and-ball-serie-titus-silicone","status":"publish","type":"product","link":"https:\/\/poppers-online.ch\/it\/prodotto\/anello-in-silicone-liquido-cock-and-ball-serie-titus-silicone\/","title":{"rendered":"Anello in silicone liquido Cock and Ball Serie Titus Silicone"},"content":{"rendered":"","protected":false},"excerpt":{"rendered":"<p><span style=\"font-weight: 400;\">Questo <strong>anello in silicone liquido per cazzi e palle<\/strong> estremamente flessibile <strong>della serie Titus Silicone<\/strong> \u00e8 esattamente quello che stavi cercando! Questo anello per cazzo e palla \u00e8 realizzato in silicone liquido, che pu\u00f2 essere allungato fino a quattro volte la sua stessa lunghezza. Puoi quindi indossarlo come anello per il cazzo o come anello per le palle. Oppure vuoi qualcosa che racchiuda strettamente il pene e i testicoli: fai entrambe le cose! Scopri altri <a href=\"https:\/\/poppers-online.ch\/produkt-kategorie\/sex-toys\/cocktoys\/\">giocattoli per<\/a> <a href=\"https:\/\/poppers-online.ch\/produkt-kategorie\/sex-toys\/balltoys\/\">palle<\/a> e <a href=\"https:\/\/poppers-online.ch\/produkt-kategorie\/sex-toys\/cocktoys\/\">cazzi<\/a> nel nostro negozio.<br \/>\n<\/span><\/p>\n<p><span style=\"font-weight: 400;\">Realizzato in silicone privo di ftalati. Utilizza un lubrificante a base d&#8217;acqua. Dimensioni approssimative: diametro interno 2,8 x 4,5 cm, spessore anello 1,5 cm.<br \/>\n<\/span><\/p>\n","protected":false},"featured_media":109001,"comment_status":"open","ping_status":"closed","template":"","meta":{"_acf_changed":false,"iawp_total_views":4,"_glsr_average":0,"_glsr_ranking":0,"_glsr_reviews":0},"product_brand":[],"product_cat":[2089,2092,172],"product_tag":[],"class_list":{"0":"post-109011","1":"product","2":"type-product","3":"status-publish","4":"has-post-thumbnail","6":"product_cat-ball-play","7":"product_cat-cock-play","8":"product_cat-sex-toys","10":"first","11":"instock","12":"taxable","13":"shipping-taxable","14":"purchasable","15":"product-type-simple"},"acf":[],"_links":{"self":[{"href":"https:\/\/poppers-online.ch\/it\/wp-json\/wp\/v2\/product\/109011","targetHints":{"allow":["GET"]}}],"collection":[{"href":"https:\/\/poppers-online.ch\/it\/wp-json\/wp\/v2\/product"}],"about":[{"href":"https:\/\/poppers-online.ch\/it\/wp-json\/wp\/v2\/types\/product"}],"replies":[{"embeddable":true,"href":"https:\/\/poppers-online.ch\/it\/wp-json\/wp\/v2\/comments?post=109011"}],"wp:featuredmedia":[{"embeddable":true,"href":"https:\/\/poppers-online.ch\/it\/wp-json\/wp\/v2\/media\/109001"}],"wp:attachment":[{"href":"https:\/\/poppers-online.ch\/it\/wp-json\/wp\/v2\/media?parent=109011"}],"wp:term":[{"taxonomy":"product_brand","embeddable":true,"href":"https:\/\/poppers-online.ch\/it\/wp-json\/wp\/v2\/product_brand?post=109011"},{"taxonomy":"product_cat","embeddable":true,"href":"https:\/\/poppers-online.ch\/it\/wp-json\/wp\/v2\/product_cat?post=109011"},{"taxonomy":"product_tag","embeddable":true,"href":"https:\/\/poppers-online.ch\/it\/wp-json\/wp\/v2\/product_tag?post=109011"}],"curies":[{"name":"wp","href":"https:\/\/api.w.org\/{rel}","templated":true}]}}