{"id":104259,"date":"2024-10-24T17:41:37","date_gmt":"2024-10-24T15:48:00","guid":{"rendered":"https:\/\/poppers-online.ch\/produkt\/master-poppers-combo\/"},"modified":"2025-09-08T09:42:38","modified_gmt":"2025-09-08T07:42:38","slug":"master-poppers-combo","status":"publish","type":"product","link":"https:\/\/poppers-online.ch\/it\/prodotto\/master-poppers-combo\/","title":{"rendered":"Master Poppers Combo"},"content":{"rendered":"","protected":false},"excerpt":{"rendered":"<p>Il Master Poppers Combo \u00e8 composto da due flaconi di popper: 1x ALPHA MASTER ULTRA STRONG Poppers 30ml e 1x MASTER Black Label Extreme 30ml Poppers. L&#8217;<b>ALPHA MASTER ULTRA STRONG Poppers 30ml<\/b> \u00e8 destinato a tutti i padroni dominanti che cercano una spinta in pi\u00f9 per se stessi e per le loro schiave durante la dominazione e il BDSM.<\/p>\n<p>Contiene il nitrito alchilico con il nome di nitrito esilico, che \u00e8 classificato come il meno dannoso per la salute. Con una potenza di 6, ALPHA MASTER ULTRA STRONG Poppers \u00e8 una delle variet\u00e0 pi\u00f9 forti sul mercato ed \u00e8 disponibile in un flacone da 30 ml con un tappo facile da aprire. Vivi una sessione di master e slave particolarmente intensa con ALPHA MASTER ULTRA STRONG Poppers.<\/p>\n<p><strong>MASTER Black Label Extreme 30ml<\/strong> Poppers \u00e8 una novit\u00e0 mondiale di Royal Hexagon. Finalmente la famigerata formula canadese del pentile \u00e8 disponibile in un&#8217;elegante e indistruttibile bottiglia di alluminio. E per permetterti di annusare la bottiglia ancora pi\u00f9 a lungo, Royal Hexagon ha riempito la bottiglia di alluminio MASTER Black Label Extreme con ben 30 ml di nitrito di pentile extra forte. <span style=\"font-weight: 400;\">La dimensione della filettatura di questa bottiglia in alluminio da 30 ml \u00e8 XL. Utilizzare l&#8217;attacco XL abbinato per i tappi Poppers Booster.<\/span><\/p>\n","protected":false},"featured_media":104255,"comment_status":"open","ping_status":"closed","template":"","meta":{"_acf_changed":false,"iawp_total_views":2,"_glsr_average":0,"_glsr_ranking":0,"_glsr_reviews":0},"product_brand":[],"product_cat":[1047,104,109],"product_tag":[],"class_list":{"0":"post-104259","1":"product","2":"type-product","3":"status-publish","4":"has-post-thumbnail","6":"product_cat-popper","7":"product_cat-confezioni-value","8":"product_cat-boccette-grandi","9":"pa_flaschenform-rotonda-grande","10":"pa_flaschenform-rotonda-piccola","11":"pa_gewindegroesse-grande","12":"pa_gewindegroesse-piccola","13":"pa_inhalt-combo","14":"pa_inhalt-30ml","15":"pa_inhaltsstoffe-nitrito-esile","16":"pa_inhaltsstoffe-formula-pentile-canadese","17":"pa_marke-royal-hexagon","18":"pa_staerke-105","20":"first","21":"instock","22":"sale","23":"taxable","24":"shipping-taxable","25":"purchasable","26":"product-type-simple"},"acf":[],"_links":{"self":[{"href":"https:\/\/poppers-online.ch\/it\/wp-json\/wp\/v2\/product\/104259","targetHints":{"allow":["GET"]}}],"collection":[{"href":"https:\/\/poppers-online.ch\/it\/wp-json\/wp\/v2\/product"}],"about":[{"href":"https:\/\/poppers-online.ch\/it\/wp-json\/wp\/v2\/types\/product"}],"replies":[{"embeddable":true,"href":"https:\/\/poppers-online.ch\/it\/wp-json\/wp\/v2\/comments?post=104259"}],"wp:featuredmedia":[{"embeddable":true,"href":"https:\/\/poppers-online.ch\/it\/wp-json\/wp\/v2\/media\/104255"}],"wp:attachment":[{"href":"https:\/\/poppers-online.ch\/it\/wp-json\/wp\/v2\/media?parent=104259"}],"wp:term":[{"taxonomy":"product_brand","embeddable":true,"href":"https:\/\/poppers-online.ch\/it\/wp-json\/wp\/v2\/product_brand?post=104259"},{"taxonomy":"product_cat","embeddable":true,"href":"https:\/\/poppers-online.ch\/it\/wp-json\/wp\/v2\/product_cat?post=104259"},{"taxonomy":"product_tag","embeddable":true,"href":"https:\/\/poppers-online.ch\/it\/wp-json\/wp\/v2\/product_tag?post=104259"}],"curies":[{"name":"wp","href":"https:\/\/api.w.org\/{rel}","templated":true}]}}