{"id":104157,"date":"2024-10-23T16:03:54","date_gmt":"2024-10-23T14:11:25","guid":{"rendered":"https:\/\/poppers-online.ch\/produkt\/kit-pompa-xtrm-bang-poppers\/"},"modified":"2026-03-05T10:28:18","modified_gmt":"2026-03-05T09:28:18","slug":"kit-pompa-xtrm-bang-popper","status":"publish","type":"product","link":"https:\/\/poppers-online.ch\/it\/prodotto\/kit-pompa-xtrm-bang-popper\/","title":{"rendered":"Kit pompa XTRM BANG! popper"},"content":{"rendered":"","protected":false},"excerpt":{"rendered":"<p>Il <strong>Kit pompa XTRM BANG! popper <\/strong> porta l&#8217;inalazione del popper a un livello superiore. Ogni volta che si pompa, e solo in quel momento, si ottiene il massimo della carica. Dotato di una sfera di pompaggio, questo innovativo sistema offre il massimo della potenza a ogni utilizzo. Progettato per eliminare la necessit\u00e0 di un tubo per la maschera antigas, il kit di pompe per popper XTRM BANG! si collega direttamente alla tua maschera antigas per la massima flessibilit\u00e0 e il massimo divertimento!<\/p>\n<p>Il <strong>Kit pompa XTRM BANG! popper <\/strong> \u00e8 stato sviluppato per rendere superfluo il tubo. Con questo sistema di inalatori popper, puoi controllare la quantit\u00e0 e il tempo di inalazione. Non dovrai pi\u00f9 avvitare e svitare, non dovrai pi\u00f9 armeggiare o cercare i popper. Il nostro ingegnoso sistema di inalatori di popper \u00e8 sempre pronto quando ne hai bisogno. Basta collegare il kit pompa popper XTRM BANG! alla tua maschera antigas preferita, scegliere il popper che preferisci, avvitare la bottiglietta di metallo sulla filettatura e indossare la maschera. Premi una volta la pompetta per rilasciare i popper e l&#8217;aria nel tubo e quindi nella maschera: sentirai subito l&#8217;effetto. I popper vengono rilasciati ogni volta che si pompa, e solo in quel momento! Si tratta di un sistema &#8220;ingegnoso&#8221; da collegare a una maschera antigas per rifornire facilmente te stesso o il tuo partner di popper. Molto pratico per tutte le sessioni in cui hai bisogno delle mani per altre cose. La bottiglia in alluminio fornita pu\u00f2 contenere fino a 60 ml di liquido. Il set include un coperchio per la bottiglia di popper in modo da poterla chiudere dopo la sessione.<\/p>\n<p>Ti consigliamo di NON riempire il barattolo di liquido e di utilizzare un fazzoletto di carta o un batuffolo di cotone imbevuto di popper e non gocciolante! Soprattutto in posizione sdraiata o se non fai attenzione, c&#8217;\u00e8 il rischio che i popper escano dalla bottiglia e finiscano nei tubi. Per godere a lungo di questo sistema di tubi di popper, assicurati che solo la bottiglia venga a contatto con i popper. Dopo la sessione, puoi semplicemente richiudere il barattolo XTRM con il coperchio: in questo modo i tuoi popper sono conservati in modo sicuro e pronti per essere utilizzati in qualsiasi momento.<\/p>\n<p><strong>Kit pompa XTRM BANG! popper <\/strong> \u00e8 disponibile nei colori rosso, giallo e nero.<\/p>\n","protected":false},"featured_media":104153,"comment_status":"open","ping_status":"closed","template":"","meta":{"_acf_changed":false,"iawp_total_views":3,"_glsr_average":0,"_glsr_ranking":0,"_glsr_reviews":0},"product_brand":[],"product_cat":[151],"product_tag":[],"class_list":{"0":"post-104157","1":"product","2":"type-product","3":"status-publish","4":"has-post-thumbnail","6":"product_cat-accessori-popper","8":"first","9":"instock","10":"taxable","11":"shipping-taxable","12":"purchasable","13":"product-type-simple"},"acf":[],"_links":{"self":[{"href":"https:\/\/poppers-online.ch\/it\/wp-json\/wp\/v2\/product\/104157","targetHints":{"allow":["GET"]}}],"collection":[{"href":"https:\/\/poppers-online.ch\/it\/wp-json\/wp\/v2\/product"}],"about":[{"href":"https:\/\/poppers-online.ch\/it\/wp-json\/wp\/v2\/types\/product"}],"replies":[{"embeddable":true,"href":"https:\/\/poppers-online.ch\/it\/wp-json\/wp\/v2\/comments?post=104157"}],"wp:featuredmedia":[{"embeddable":true,"href":"https:\/\/poppers-online.ch\/it\/wp-json\/wp\/v2\/media\/104153"}],"wp:attachment":[{"href":"https:\/\/poppers-online.ch\/it\/wp-json\/wp\/v2\/media?parent=104157"}],"wp:term":[{"taxonomy":"product_brand","embeddable":true,"href":"https:\/\/poppers-online.ch\/it\/wp-json\/wp\/v2\/product_brand?post=104157"},{"taxonomy":"product_cat","embeddable":true,"href":"https:\/\/poppers-online.ch\/it\/wp-json\/wp\/v2\/product_cat?post=104157"},{"taxonomy":"product_tag","embeddable":true,"href":"https:\/\/poppers-online.ch\/it\/wp-json\/wp\/v2\/product_tag?post=104157"}],"curies":[{"name":"wp","href":"https:\/\/api.w.org\/{rel}","templated":true}]}}