{"id":104057,"date":"2024-10-22T16:19:30","date_gmt":"2024-10-22T14:19:30","guid":{"rendered":"https:\/\/poppers-online.ch\/produkt\/bad-bitch-super-strong-poppers-30ml\/"},"modified":"2025-01-29T16:29:23","modified_gmt":"2025-01-29T15:29:23","slug":"bad-bitch-super-strong-popper-30ml","status":"publish","type":"product","link":"https:\/\/poppers-online.ch\/it\/prodotto\/bad-bitch-super-strong-popper-30ml\/","title":{"rendered":"Bad Bitch Super Strong Popper 30ml"},"content":{"rendered":"","protected":false},"excerpt":{"rendered":"<p><span style=\"font-weight: 400\">Il <strong>Bad Bitch Super Strong Popper 30ml<\/strong> ti trasformer\u00e0 in una cagna cattiva o in una compagna di giochi cattiva. Contiene il nitrito alchilico con il nome di nitrito esilico, che \u00e8 classificato come il meno dannoso per la salute. Con una gradazione di 5, Bad Bitch Super Strong Popper \u00e8 una delle variet\u00e0 pi\u00f9 forti sul mercato ed \u00e8 disponibile in un flacone da 30 ml con un tappo facile da aprire. Lasciati ispirare dal colorato mondo femminile e dai inizio alla tua festa con Bad Bitch Super Strong Poppers. <\/span><\/p>\n","protected":false},"featured_media":128143,"comment_status":"open","ping_status":"closed","template":"","meta":{"_acf_changed":false,"iawp_total_views":19,"_glsr_average":0,"_glsr_ranking":0,"_glsr_reviews":0},"product_brand":[],"product_cat":[1047,109],"product_tag":[],"class_list":{"0":"post-104057","1":"product","2":"type-product","3":"status-publish","4":"has-post-thumbnail","6":"product_cat-popper","7":"product_cat-boccette-grandi","8":"pa_flaschenform-rotonda-piccola","9":"pa_gewindegroesse-piccola","10":"pa_inhalt-30ml","11":"pa_inhaltsstoffe-nitrito-esile","12":"pa_marke-royal-hexagon","13":"pa_staerke-103","15":"first","16":"instock","17":"taxable","18":"shipping-taxable","19":"purchasable","20":"product-type-simple"},"acf":[],"_links":{"self":[{"href":"https:\/\/poppers-online.ch\/it\/wp-json\/wp\/v2\/product\/104057","targetHints":{"allow":["GET"]}}],"collection":[{"href":"https:\/\/poppers-online.ch\/it\/wp-json\/wp\/v2\/product"}],"about":[{"href":"https:\/\/poppers-online.ch\/it\/wp-json\/wp\/v2\/types\/product"}],"replies":[{"embeddable":true,"href":"https:\/\/poppers-online.ch\/it\/wp-json\/wp\/v2\/comments?post=104057"}],"wp:featuredmedia":[{"embeddable":true,"href":"https:\/\/poppers-online.ch\/it\/wp-json\/wp\/v2\/media\/128143"}],"wp:attachment":[{"href":"https:\/\/poppers-online.ch\/it\/wp-json\/wp\/v2\/media?parent=104057"}],"wp:term":[{"taxonomy":"product_brand","embeddable":true,"href":"https:\/\/poppers-online.ch\/it\/wp-json\/wp\/v2\/product_brand?post=104057"},{"taxonomy":"product_cat","embeddable":true,"href":"https:\/\/poppers-online.ch\/it\/wp-json\/wp\/v2\/product_cat?post=104057"},{"taxonomy":"product_tag","embeddable":true,"href":"https:\/\/poppers-online.ch\/it\/wp-json\/wp\/v2\/product_tag?post=104057"}],"curies":[{"name":"wp","href":"https:\/\/api.w.org\/{rel}","templated":true}]}}