{"id":103507,"date":"2024-10-15T23:01:09","date_gmt":"2024-10-15T21:14:46","guid":{"rendered":"https:\/\/poppers-online.ch\/produkt\/popperbate-bator-poppers-combo\/"},"modified":"2025-09-05T14:08:34","modified_gmt":"2025-09-05T12:08:34","slug":"popperbate-bator-popper-combo","status":"publish","type":"product","link":"https:\/\/poppers-online.ch\/it\/prodotto\/popperbate-bator-popper-combo\/","title":{"rendered":"Popperbate Bator Popper Combo"},"content":{"rendered":"","protected":false},"excerpt":{"rendered":"<p>Il <strong>Popperbate Bator Poppers Combo <br \/><\/strong>combina una cura sensuale e una stimolazione intensa in un unico set. Lo speciale balsamo per la masturbazione assicura movimenti fluidi e piacevoli e una sensazione di pelle setosa. In combinazione con i popper, che aumentano la sensibilit\u00e0, la tua esperienza si eleva a un nuovo livello. Perfetto per chi cerca relax e stimolazione intensa in un unico prodotto.   <\/p>\n<p><strong>Bator Popper 24ml Twisted Beast<\/strong> \u00e8 il popper per tutti i batori tra i popper di tendenza Twisted Beast dal Regno Unito e contiene nitrito di alcol pentilico\/isoamilico. Twisted Beast \u00e8 un marchio di culto del sesso gay hardcore proveniente dall&#8217;Inghilterra. I popper Twisted Beast sono tra i pi\u00f9 estremi disponibili nel Regno Unito. Non dovrai pi\u00f9 recarti a SOHO per acquistare gli iconici popper Twisted Beast.   Il bating crea dipendenza e non riesci a smettere. Quindi spegni la luce e accendi il porno a tutto volume. Fai scivolare il tuo cazzo e datti da fare.  <\/p>\n<p>Nessuno ne parla veramente, ma considera l&#8217;importanza della gestione della libido. Ecco perch\u00e9 il Bator Balm ha richiesto 10 anni di ricerca e sviluppo negli Stati Uniti. Il creatore del Bator Balm ha investito infinite ore in test per raggiungere la consistenza e l&#8217;attrito perfetti. Sono state sessioni davvero lunghe. Ha sviluppato un prodotto con un alto livello di attenzione perch\u00e9 gli uomini se lo meritano. <strong>Bator Balm 177ml &#8211; La crema per la masturbazione a lunga durata Gentlemans<\/strong> \u00e8 il top per tutti gli &#8220;Edgers&#8221; pi\u00f9 esigenti. Ordina il Popperbate Bator Poppers Combo e goditi una sensazione di masturbazione completamente nuova.    <\/p>\n","protected":false},"featured_media":103505,"comment_status":"open","ping_status":"closed","template":"","meta":{"_acf_changed":false,"iawp_total_views":27,"_glsr_average":0,"_glsr_ranking":0,"_glsr_reviews":0},"product_brand":[],"product_cat":[1047,104,109,151],"product_tag":[],"class_list":{"0":"post-103507","1":"product","2":"type-product","3":"status-publish","4":"has-post-thumbnail","6":"product_cat-popper","7":"product_cat-confezioni-value","8":"product_cat-boccette-grandi","9":"product_cat-accessori-popper","10":"pa_flaschenform-ovale-it","11":"pa_gewindegroesse-piccola","12":"pa_inhalt-combo","13":"pa_inhalt-24ml","14":"pa_inhaltsstoffe-nitrito-di-alcool-isoamilico","15":"pa_marke-twisted-beast","16":"pa_staerke-103","18":"first","19":"instock","20":"sale","21":"taxable","22":"shipping-taxable","23":"purchasable","24":"product-type-simple"},"acf":[],"_links":{"self":[{"href":"https:\/\/poppers-online.ch\/it\/wp-json\/wp\/v2\/product\/103507","targetHints":{"allow":["GET"]}}],"collection":[{"href":"https:\/\/poppers-online.ch\/it\/wp-json\/wp\/v2\/product"}],"about":[{"href":"https:\/\/poppers-online.ch\/it\/wp-json\/wp\/v2\/types\/product"}],"replies":[{"embeddable":true,"href":"https:\/\/poppers-online.ch\/it\/wp-json\/wp\/v2\/comments?post=103507"}],"wp:featuredmedia":[{"embeddable":true,"href":"https:\/\/poppers-online.ch\/it\/wp-json\/wp\/v2\/media\/103505"}],"wp:attachment":[{"href":"https:\/\/poppers-online.ch\/it\/wp-json\/wp\/v2\/media?parent=103507"}],"wp:term":[{"taxonomy":"product_brand","embeddable":true,"href":"https:\/\/poppers-online.ch\/it\/wp-json\/wp\/v2\/product_brand?post=103507"},{"taxonomy":"product_cat","embeddable":true,"href":"https:\/\/poppers-online.ch\/it\/wp-json\/wp\/v2\/product_cat?post=103507"},{"taxonomy":"product_tag","embeddable":true,"href":"https:\/\/poppers-online.ch\/it\/wp-json\/wp\/v2\/product_tag?post=103507"}],"curies":[{"name":"wp","href":"https:\/\/api.w.org\/{rel}","templated":true}]}}