{"id":103456,"date":"2024-10-15T17:06:57","date_gmt":"2024-10-15T15:06:57","guid":{"rendered":"https:\/\/poppers-online.ch\/produkt\/master-black-label-extreme-30ml-popper\/"},"modified":"2025-07-16T23:01:08","modified_gmt":"2025-07-16T21:01:08","slug":"master-black-label-extreme-30ml-popper","status":"publish","type":"product","link":"https:\/\/poppers-online.ch\/it\/prodotto\/master-black-label-extreme-30ml-popper\/","title":{"rendered":"MASTER Black Label Extreme 30ml Popper"},"content":{"rendered":"","protected":false},"excerpt":{"rendered":"<p><span style=\"font-weight: 400;\"><strong>MASTER Black Label Extreme 30ml<\/strong> Poppers \u00e8 una novit\u00e0 mondiale di Royal Hexagon. Finalmente la famigerata formula canadese del pentile \u00e8 disponibile in un&#8217;elegante e indistruttibile bottiglia di alluminio. E per permetterti di annusare la bottiglia ancora pi\u00f9 a lungo, Royal Hexagon ha riempito la bottiglia di alluminio MASTER Black Label Extreme con ben 30 ml di nitrito di pentile extra forte. <\/span><\/p>\n<p><span style=\"font-weight: 400;\">Quando si richiude il flacone, bisogna fare attenzione a non stringere troppo il tappo. Premere il tappo nero contro la bottiglia e chiuderlo con attenzione. La dimensione della filettatura di questa bottiglia in alluminio da 30 ml \u00e8 XL. Utilizzare l&#8217;attacco XL abbinato per i tappi Poppers Booster.<\/span><\/p>\n","protected":false},"featured_media":103442,"comment_status":"open","ping_status":"closed","template":"","meta":{"_acf_changed":false,"iawp_total_views":7,"_glsr_average":0,"_glsr_ranking":0,"_glsr_reviews":0},"product_brand":[],"product_cat":[1047,109],"product_tag":[],"class_list":{"0":"post-103456","1":"product","2":"type-product","3":"status-publish","4":"has-post-thumbnail","6":"product_cat-popper","7":"product_cat-boccette-grandi","8":"pa_flaschenform-rotonda-grande","9":"pa_inhalt-30ml","10":"pa_inhaltsstoffe-formula-pentile-canadese","11":"pa_marke-royal-hexagon","12":"pa_staerke-105","14":"first","15":"instock","16":"taxable","17":"shipping-taxable","18":"purchasable","19":"product-type-simple"},"acf":[],"_links":{"self":[{"href":"https:\/\/poppers-online.ch\/it\/wp-json\/wp\/v2\/product\/103456","targetHints":{"allow":["GET"]}}],"collection":[{"href":"https:\/\/poppers-online.ch\/it\/wp-json\/wp\/v2\/product"}],"about":[{"href":"https:\/\/poppers-online.ch\/it\/wp-json\/wp\/v2\/types\/product"}],"replies":[{"embeddable":true,"href":"https:\/\/poppers-online.ch\/it\/wp-json\/wp\/v2\/comments?post=103456"}],"wp:featuredmedia":[{"embeddable":true,"href":"https:\/\/poppers-online.ch\/it\/wp-json\/wp\/v2\/media\/103442"}],"wp:attachment":[{"href":"https:\/\/poppers-online.ch\/it\/wp-json\/wp\/v2\/media?parent=103456"}],"wp:term":[{"taxonomy":"product_brand","embeddable":true,"href":"https:\/\/poppers-online.ch\/it\/wp-json\/wp\/v2\/product_brand?post=103456"},{"taxonomy":"product_cat","embeddable":true,"href":"https:\/\/poppers-online.ch\/it\/wp-json\/wp\/v2\/product_cat?post=103456"},{"taxonomy":"product_tag","embeddable":true,"href":"https:\/\/poppers-online.ch\/it\/wp-json\/wp\/v2\/product_tag?post=103456"}],"curies":[{"name":"wp","href":"https:\/\/api.w.org\/{rel}","templated":true}]}}