{"id":103453,"date":"2024-10-15T17:30:49","date_gmt":"2024-10-15T15:45:59","guid":{"rendered":"https:\/\/poppers-online.ch\/produkt\/america-first-poppers-combo\/"},"modified":"2025-11-25T10:04:12","modified_gmt":"2025-11-25T09:04:12","slug":"america-first-popper-combo","status":"publish","type":"product","link":"https:\/\/poppers-online.ch\/it\/prodotto\/america-first-popper-combo\/","title":{"rendered":"America First Popper Combo"},"content":{"rendered":"","protected":false},"excerpt":{"rendered":"<p>Scopri la potenza concentrata dei migliori popper con l&#8217;<strong>America First Popper Combo!<\/strong> Questa esclusiva selezione di 2x 30ml di <strong>HARD F*UCK Extra Strong Popper<\/strong> ti offre i popper pi\u00f9 popolari, noti per la loro forza e gli effetti di lunga durata. Che tu sia un principiante o un esperto di popper, questo set combinato ti offre una variet\u00e0 di esperienze intense, perfette per ogni sessione. <strong>HARD F*UCK Extra Strong 30ml Popper<\/strong> \u00e8 una novit\u00e0 mondiale di Royal Hexagon. Finalmente la famigerata formula canadese del Pentyl \u00e8 disponibile in un&#8217;elegante e indistruttibile bottiglia di alluminio. E per permetterti di sniffare il flacone ancora pi\u00f9 a lungo, Royal Hexagon ha riempito il flacone di alluminio HARD F*CK Extra Strong con ben 30 ml di nitrito di pentile extra forte. HARD F*CK Popper \u00e8 per tutti coloro che amano una buona sessione di svapo.La dimensione della filettatura di questo flacone in alluminio da 30 ml \u00e8 XL. Usa l&#8217;attacco XL abbinato per i tuoi tappi popper.<\/p>\n","protected":false},"featured_media":103449,"comment_status":"open","ping_status":"closed","template":"","meta":{"_acf_changed":false,"iawp_total_views":10,"_glsr_average":0,"_glsr_ranking":0,"_glsr_reviews":0},"product_brand":[],"product_cat":[1047,104,109],"product_tag":[],"class_list":{"0":"post-103453","1":"product","2":"type-product","3":"status-publish","4":"has-post-thumbnail","6":"product_cat-popper","7":"product_cat-confezioni-value","8":"product_cat-boccette-grandi","9":"pa_flaschenform-rotonda-grande","10":"pa_inhalt-combo","11":"pa_inhalt-30ml","12":"pa_inhaltsstoffe-formula-pentile-canadese","13":"pa_marke-royal-hexagon","14":"pa_staerke-105","16":"first","17":"instock","18":"sale","19":"taxable","20":"shipping-taxable","21":"purchasable","22":"product-type-simple"},"acf":[],"_links":{"self":[{"href":"https:\/\/poppers-online.ch\/it\/wp-json\/wp\/v2\/product\/103453","targetHints":{"allow":["GET"]}}],"collection":[{"href":"https:\/\/poppers-online.ch\/it\/wp-json\/wp\/v2\/product"}],"about":[{"href":"https:\/\/poppers-online.ch\/it\/wp-json\/wp\/v2\/types\/product"}],"replies":[{"embeddable":true,"href":"https:\/\/poppers-online.ch\/it\/wp-json\/wp\/v2\/comments?post=103453"}],"wp:featuredmedia":[{"embeddable":true,"href":"https:\/\/poppers-online.ch\/it\/wp-json\/wp\/v2\/media\/103449"}],"wp:attachment":[{"href":"https:\/\/poppers-online.ch\/it\/wp-json\/wp\/v2\/media?parent=103453"}],"wp:term":[{"taxonomy":"product_brand","embeddable":true,"href":"https:\/\/poppers-online.ch\/it\/wp-json\/wp\/v2\/product_brand?post=103453"},{"taxonomy":"product_cat","embeddable":true,"href":"https:\/\/poppers-online.ch\/it\/wp-json\/wp\/v2\/product_cat?post=103453"},{"taxonomy":"product_tag","embeddable":true,"href":"https:\/\/poppers-online.ch\/it\/wp-json\/wp\/v2\/product_tag?post=103453"}],"curies":[{"name":"wp","href":"https:\/\/api.w.org\/{rel}","templated":true}]}}