{"id":103450,"date":"2024-10-15T16:43:30","date_gmt":"2024-10-15T14:43:30","guid":{"rendered":"https:\/\/poppers-online.ch\/produkt\/hard-fck-extra-strong-30ml-poppers\/"},"modified":"2026-02-12T07:50:42","modified_gmt":"2026-02-12T06:50:42","slug":"hard-fck-extra-strong-30ml-popper","status":"publish","type":"product","link":"https:\/\/poppers-online.ch\/it\/prodotto\/hard-fck-extra-strong-30ml-popper\/","title":{"rendered":"HARD FCK Extra Strong 30ml Popper"},"content":{"rendered":"","protected":false},"excerpt":{"rendered":"<p><span style=\"font-weight: 400;\"><strong>HARD FCK Extra Strong 30ml<\/strong> Popper \u00e8 una novit\u00e0 mondiale di Royal Hexagon. Finalmente la famigerata formula canadese del pentile \u00e8 disponibile in un&#8217;elegante e indistruttibile bottiglia di alluminio. E per permetterti di sniffare la bottiglia ancora pi\u00f9 a lungo, Royal Hexagon ha riempito la bottiglia di alluminio HARD F*CK Extra Strong con ben 30 ml di nitrito di pentile extra forte. HARD F*CK Popper \u00e8 per tutti coloro che amano le sessioni di svapo duro. <\/span><span style=\"font-weight: 400;\"><br \/>\n<\/span><span style=\"font-weight: 400;\"><br \/>\n<\/span><span style=\"font-weight: 400;\">Quando si richiude il flacone, bisogna fare attenzione a non stringere troppo il tappo. Premere il tappo nero contro la bottiglia e chiuderlo con attenzione. La dimensione della filettatura di questa bottiglia in alluminio da 30 ml \u00e8 XL. Usa l&#8217;attacco XL abbinato per i tuoi tappi Poppers Booster.<br \/>\n<\/span><\/p>\n","protected":false},"featured_media":103428,"comment_status":"open","ping_status":"closed","template":"","meta":{"_acf_changed":false,"iawp_total_views":7,"_glsr_average":0,"_glsr_ranking":0,"_glsr_reviews":0},"product_brand":[],"product_cat":[1047,109],"product_tag":[],"class_list":{"0":"post-103450","1":"product","2":"type-product","3":"status-publish","4":"has-post-thumbnail","6":"product_cat-popper","7":"product_cat-boccette-grandi","8":"pa_flaschenform-rotonda-grande","9":"pa_gewindegroesse-xl-it","10":"pa_inhalt-30ml","11":"pa_inhaltsstoffe-formula-pentile-canadese","12":"pa_marke-royal-hexagon","13":"pa_staerke-105","15":"first","16":"instock","17":"taxable","18":"shipping-taxable","19":"purchasable","20":"product-type-simple"},"acf":[],"_links":{"self":[{"href":"https:\/\/poppers-online.ch\/it\/wp-json\/wp\/v2\/product\/103450","targetHints":{"allow":["GET"]}}],"collection":[{"href":"https:\/\/poppers-online.ch\/it\/wp-json\/wp\/v2\/product"}],"about":[{"href":"https:\/\/poppers-online.ch\/it\/wp-json\/wp\/v2\/types\/product"}],"replies":[{"embeddable":true,"href":"https:\/\/poppers-online.ch\/it\/wp-json\/wp\/v2\/comments?post=103450"}],"wp:featuredmedia":[{"embeddable":true,"href":"https:\/\/poppers-online.ch\/it\/wp-json\/wp\/v2\/media\/103428"}],"wp:attachment":[{"href":"https:\/\/poppers-online.ch\/it\/wp-json\/wp\/v2\/media?parent=103450"}],"wp:term":[{"taxonomy":"product_brand","embeddable":true,"href":"https:\/\/poppers-online.ch\/it\/wp-json\/wp\/v2\/product_brand?post=103450"},{"taxonomy":"product_cat","embeddable":true,"href":"https:\/\/poppers-online.ch\/it\/wp-json\/wp\/v2\/product_cat?post=103450"},{"taxonomy":"product_tag","embeddable":true,"href":"https:\/\/poppers-online.ch\/it\/wp-json\/wp\/v2\/product_tag?post=103450"}],"curies":[{"name":"wp","href":"https:\/\/api.w.org\/{rel}","templated":true}]}}