{"id":103406,"date":"2024-10-15T14:15:05","date_gmt":"2024-10-15T12:34:24","guid":{"rendered":"https:\/\/poppers-online.ch\/produkt\/pugno-nero-fetish-poppers-combo\/"},"modified":"2024-10-23T11:20:07","modified_gmt":"2024-10-23T09:20:07","slug":"pugno-nero-fetish-popper-combo","status":"publish","type":"product","link":"https:\/\/poppers-online.ch\/it\/prodotto\/pugno-nero-fetish-popper-combo\/","title":{"rendered":"Pugno Nero Fetish Popper Combo"},"content":{"rendered":"","protected":false},"excerpt":{"rendered":"<p>Black Fist Fetish Popper Combo \u00e8 composto da tre bottiglie di popper: <strong>Twisted Beast Black Label Popper 24ml, Fetish 30ml, <b>Iron Fist Popper Black Label 10ml.<\/b><\/strong><\/p>\n<p>&nbsp;<\/p>\n<p><strong>Twisted Beast Black Label Popper 24ml<\/strong> \u00e8 il classico tra i popper di tendenza di Twisted Beast, proveniente dal Regno Unito, e contiene nitrito di alcol pentilico\/isoamilico. Twisted Beast \u00e8 un marchio di culto del sesso gay hardcore proveniente dall&#8217;Inghilterra. I popper Twisted Beast sono tra i pi\u00f9 estremi disponibili nel Regno Unito. Non dovrai pi\u00f9 recarti a SOHO per acquistare gli iconici popper Twisted Beast.<\/p>\n<p>Dimostra quanto puoi essere fottuto con Twisted Beast Black Label Popper 24ml e vivi ogni sporca fantasia che hai in testa.<\/p>\n<p>&nbsp;<\/p>\n<p><strong>Fetish 30ml<\/strong> del produttore Lockerroom dal Canada. Ampiamente utilizzato dalle perle fetish e basato sulla formula canadese Pentyl. Una fragranza emozionante che profuma di cuoio e che piacer\u00e0 anche a te.<\/p>\n<p>&nbsp;<\/p>\n<p>Noi e i nostri amici pugili lo stavamo aspettando da tempo: L&#8217;<b>Iron Fist Popper Black Label 10ml <\/b>\u00e8 disponibile in una formula di pentile forte e in un flacone di alluminio indistruttibile. Questo potente popper \u00e8 dedicato a tutti gli esperti senza paura e agli amanti dei giochi FF e delle sessioni pi\u00f9 impegnative. Una volta aperto, Iron Fist Black Label ti trasforma in un animale sfrenato che desidera cazzi grossi, pugni e giocattoli. Il pratico formato tascabile della bottiglia in alluminio, leggera e indistruttibile, si adatta a ogni tasca dei pantaloni e ti ispirer\u00e0.<\/p>\n","protected":false},"featured_media":103402,"comment_status":"open","ping_status":"closed","template":"","meta":{"_acf_changed":false,"iawp_total_views":3,"_glsr_average":0,"_glsr_ranking":0,"_glsr_reviews":0},"product_brand":[],"product_cat":[1047,104,109,112],"product_tag":[],"class_list":{"0":"post-103406","1":"product","2":"type-product","3":"status-publish","4":"has-post-thumbnail","6":"product_cat-popper","7":"product_cat-confezioni-value","8":"product_cat-boccette-grandi","9":"product_cat-boccette-piccole","10":"pa_flaschenform-ovale-it","11":"pa_flaschenform-rotonda-piccola","12":"pa_gewindegroesse-piccola","13":"pa_inhalt-combo","14":"pa_inhalt-24ml","15":"pa_inhalt-10ml","16":"pa_inhaltsstoffe-nitrito-esile","17":"pa_inhaltsstoffe-nitrito-di-alcool-isoamilico","18":"pa_marke-fist-popper","19":"pa_marke-lockerroom-popper","20":"pa_marke-twisted-beast","21":"pa_staerke-105","23":"first","24":"instock","25":"sale","26":"taxable","27":"shipping-taxable","28":"purchasable","29":"product-type-simple"},"acf":[],"_links":{"self":[{"href":"https:\/\/poppers-online.ch\/it\/wp-json\/wp\/v2\/product\/103406","targetHints":{"allow":["GET"]}}],"collection":[{"href":"https:\/\/poppers-online.ch\/it\/wp-json\/wp\/v2\/product"}],"about":[{"href":"https:\/\/poppers-online.ch\/it\/wp-json\/wp\/v2\/types\/product"}],"replies":[{"embeddable":true,"href":"https:\/\/poppers-online.ch\/it\/wp-json\/wp\/v2\/comments?post=103406"}],"wp:featuredmedia":[{"embeddable":true,"href":"https:\/\/poppers-online.ch\/it\/wp-json\/wp\/v2\/media\/103402"}],"wp:attachment":[{"href":"https:\/\/poppers-online.ch\/it\/wp-json\/wp\/v2\/media?parent=103406"}],"wp:term":[{"taxonomy":"product_brand","embeddable":true,"href":"https:\/\/poppers-online.ch\/it\/wp-json\/wp\/v2\/product_brand?post=103406"},{"taxonomy":"product_cat","embeddable":true,"href":"https:\/\/poppers-online.ch\/it\/wp-json\/wp\/v2\/product_cat?post=103406"},{"taxonomy":"product_tag","embeddable":true,"href":"https:\/\/poppers-online.ch\/it\/wp-json\/wp\/v2\/product_tag?post=103406"}],"curies":[{"name":"wp","href":"https:\/\/api.w.org\/{rel}","templated":true}]}}