{"id":103397,"date":"2024-10-15T13:21:29","date_gmt":"2024-10-15T11:21:29","guid":{"rendered":"https:\/\/poppers-online.ch\/produkt\/pugno-sporco-di-maiale-combo\/"},"modified":"2025-08-18T17:25:29","modified_gmt":"2025-08-18T15:25:29","slug":"dirty-fist-pig-popper-combo","status":"publish","type":"product","link":"https:\/\/poppers-online.ch\/it\/prodotto\/dirty-fist-pig-popper-combo\/","title":{"rendered":"Pugno sporco &#8211; Popper di maiale combo"},"content":{"rendered":"","protected":false},"excerpt":{"rendered":"<p>Dirty Fist Pig Popper Combo \u00e8 composto da tre forti boccette di Popper: <strong>Fist Fuck Yellow Popper 24ml Twisted Beast, Dirty PIG Popper 24ml e Super Rush Popper 10ml.<\/strong><\/p>\n<p>&nbsp;<\/p>\n<p><strong>Fist Fuck Yellow Popper 24ml Twisted Beast<\/strong> \u00e8 il popper per tutti i fister e le fiste tra i popper alla moda di Twisted Beast provenienti dal Regno Unito e contiene il nuovo nitrito di N-Pentile extra forte. Twisted Beast \u00e8 un marchio iconico del sesso gay hardcore proveniente dall&#8217;Inghilterra. I popper Twisted Beast sono tra i pi\u00f9 estremi disponibili nel Regno Unito. Non dovrai pi\u00f9 recarti a SOHO per acquistare gli iconici Popper di Twisted Beast.   <\/p>\n<p>Concediti un carico extra di esercizi di stretching e rovina il tuo buco con i Fist Fuck Yellow Popper. Lascia che tutti i pensieri non casti nella tua testa diventino realt\u00e0 e rilassati durante la tua prossima sessione FF e sperimenta una nuova dimensione di soddisfazione FF con i Fist Fuck Popper di Twisted Beast. <\/p>\n<p>&nbsp;<\/p>\n<p><strong>Dirty PIG Popper 24ml<\/strong> \u00e8 sul mercato dal 2023 e contiene l&#8217;ex nitrito di pentile. Questo Popper \u00e8 un must per la tua prossima sessione perversa. L&#8217;<strong>intensit\u00e0 5 <\/strong>di questa boccetta ti permette di godere appieno delle tue avventure di sesso sporco. Dirty PIG Popper ti trasformer\u00e0 in un vero maiale a letto. Dirty PIG Popper \u00e8 disponibile anche in una boccetta da 10 ml.    <\/p>\n<p>&nbsp;<\/p>\n<p>Il<strong> Super Rush Popper 10ml <\/strong>\u00e8 pi\u00f9 intenso e dura pi\u00f9 a lungo del Rush tradizionale. Contiene il vecchio nitrito di pentile originale. La famiglia di prodotti Rush comprende diversi Rush Popper: ad esempio, c&#8217;\u00e8 Mega Rush, Rush EU-Formula, Rush Ultra Strong, Rush Extra Strong, White Rush e Black Rush. Il Super Rush Popper rosso con intensit\u00e0 5 \u00e8 uno dei Popper Rush pi\u00f9 forti e offre ancora pi\u00f9 piacere durante il sesso disinibito e una potenza esplosiva. <\/p>\n","protected":false},"featured_media":103384,"comment_status":"open","ping_status":"closed","template":"","meta":{"_acf_changed":false,"iawp_total_views":11,"_glsr_average":0,"_glsr_ranking":0,"_glsr_reviews":0},"product_brand":[],"product_cat":[1047,104,109,112],"product_tag":[],"class_list":{"0":"post-103397","1":"product","2":"type-product","3":"status-publish","4":"has-post-thumbnail","6":"product_cat-popper","7":"product_cat-confezioni-value","8":"product_cat-boccette-grandi","9":"product_cat-boccette-piccole","10":"pa_flaschenform-ovale-it","11":"pa_flaschenform-rotonda-piccola","12":"pa_gewindegroesse-piccola","13":"pa_inhalt-combo","14":"pa_inhalt-24ml","15":"pa_inhalt-10ml","16":"pa_inhaltsstoffe-nitrito-di-pentile","17":"pa_inhaltsstoffe-nitrito-di-alcool-isoamilico","18":"pa_marke-fist-popper","19":"pa_marke-oxy-edition-it","20":"pa_marke-rush-popper","21":"pa_marke-twisted-beast","22":"pa_staerke-105","24":"first","25":"instock","26":"sale","27":"taxable","28":"shipping-taxable","29":"purchasable","30":"product-type-simple"},"acf":[],"_links":{"self":[{"href":"https:\/\/poppers-online.ch\/it\/wp-json\/wp\/v2\/product\/103397","targetHints":{"allow":["GET"]}}],"collection":[{"href":"https:\/\/poppers-online.ch\/it\/wp-json\/wp\/v2\/product"}],"about":[{"href":"https:\/\/poppers-online.ch\/it\/wp-json\/wp\/v2\/types\/product"}],"replies":[{"embeddable":true,"href":"https:\/\/poppers-online.ch\/it\/wp-json\/wp\/v2\/comments?post=103397"}],"wp:featuredmedia":[{"embeddable":true,"href":"https:\/\/poppers-online.ch\/it\/wp-json\/wp\/v2\/media\/103384"}],"wp:attachment":[{"href":"https:\/\/poppers-online.ch\/it\/wp-json\/wp\/v2\/media?parent=103397"}],"wp:term":[{"taxonomy":"product_brand","embeddable":true,"href":"https:\/\/poppers-online.ch\/it\/wp-json\/wp\/v2\/product_brand?post=103397"},{"taxonomy":"product_cat","embeddable":true,"href":"https:\/\/poppers-online.ch\/it\/wp-json\/wp\/v2\/product_cat?post=103397"},{"taxonomy":"product_tag","embeddable":true,"href":"https:\/\/poppers-online.ch\/it\/wp-json\/wp\/v2\/product_tag?post=103397"}],"curies":[{"name":"wp","href":"https:\/\/api.w.org\/{rel}","templated":true}]}}