{"id":103375,"date":"2024-10-15T12:46:35","date_gmt":"2024-10-15T10:48:04","guid":{"rendered":"https:\/\/poppers-online.ch\/produkt\/combo-di-poppers-twisted-beast\/"},"modified":"2025-11-08T17:50:28","modified_gmt":"2025-11-08T16:50:28","slug":"combo-di-popper-twisted-beast","status":"publish","type":"product","link":"https:\/\/poppers-online.ch\/it\/prodotto\/combo-di-popper-twisted-beast\/","title":{"rendered":"Combo di popper Twisted Beast"},"content":{"rendered":"","protected":false},"excerpt":{"rendered":"<p><strong>Twisted Beast Popper Combo<\/strong> \u00e8 composto da tre boccette di Twisted Beast Popper: Bator Popper 24ml Twisted Beast, Brain Drain Popper 24ml Twisted Beast e Hypno Popper 24ml Twisted Beast. <strong>Twisted Beast<\/strong> \u00e8 un marchio cult del sesso gay hardcore proveniente dall&#8217;Inghilterra. I popper Twisted Beast sono tra i pi\u00f9 estremi disponibili nel Regno Unito. Non dovrai pi\u00f9 recarti a SOHO per acquistare gli iconici popper Twisted Beast.<\/p>\n<p>&nbsp;<\/p>\n<p><strong>Bator Popper 24ml Twisted Beast<\/strong> \u00e8 il popper per tutti i batori tra i popper di tendenza Twisted Beast dal Regno Unito e contiene nitrito di alcol pentilico\/isoamilico. Il bating crea dipendenza e non riesci a smettere. Quindi spegni la luce e accendi il porno a tutto volume. Fai scivolare il tuo cazzo e datti da fare.  <\/p>\n<p>&nbsp;<\/p>\n<p><strong>Brain Drain Popper 24ml Twisted Beast<\/strong> \u00e8 il popper per schiavi del sesso tra i popper di tendenza Twisted Beast dal Regno Unito e contiene nitrito di pentile\/isoamile e alcol. \u00c8 ora di svuotare la testa e il cervello. I Brain drain popper ti svuotano la testa per poterla riempire con tanto porno, cazzo e sperma. Con una sola sniffata, diventerai uno schiavo del sesso senza volont\u00e0.  <\/p>\n<p>&nbsp;<\/p>\n<p><strong>Hypno Popper 24ml Twisted Beast<\/strong> \u00e8 il popper per tutti i batori e gooners tra i popper di tendenza Twisted Beast dal Regno Unito e contiene nitrito di alcol pentilico\/isoamilico. Arrenditi alla sensazione di vuoto. Bate. Continua a osservare queste spirali. Bate. Sei un bravo ragazzo. Bate. Sempre pi\u00f9 in l\u00e0. Tieni gli Hypno Popper vicino a te. Bate.        <\/p>\n","protected":false},"featured_media":103372,"comment_status":"open","ping_status":"closed","template":"","meta":{"_acf_changed":false,"iawp_total_views":3,"_glsr_average":0,"_glsr_ranking":0,"_glsr_reviews":0},"product_brand":[],"product_cat":[1047,104,109],"product_tag":[],"class_list":{"0":"post-103375","1":"product","2":"type-product","3":"status-publish","4":"has-post-thumbnail","6":"product_cat-popper","7":"product_cat-confezioni-value","8":"product_cat-boccette-grandi","9":"pa_flaschenform-ovale-it","10":"pa_gewindegroesse-piccola","11":"pa_inhalt-combo","12":"pa_inhalt-24ml","13":"pa_inhaltsstoffe-nitrito-di-alcool-isoamilico","14":"pa_marke-twisted-beast","15":"pa_staerke-105","17":"first","18":"instock","19":"sale","20":"downloadable","21":"taxable","22":"shipping-taxable","23":"purchasable","24":"product-type-simple"},"acf":[],"_links":{"self":[{"href":"https:\/\/poppers-online.ch\/it\/wp-json\/wp\/v2\/product\/103375","targetHints":{"allow":["GET"]}}],"collection":[{"href":"https:\/\/poppers-online.ch\/it\/wp-json\/wp\/v2\/product"}],"about":[{"href":"https:\/\/poppers-online.ch\/it\/wp-json\/wp\/v2\/types\/product"}],"replies":[{"embeddable":true,"href":"https:\/\/poppers-online.ch\/it\/wp-json\/wp\/v2\/comments?post=103375"}],"wp:featuredmedia":[{"embeddable":true,"href":"https:\/\/poppers-online.ch\/it\/wp-json\/wp\/v2\/media\/103372"}],"wp:attachment":[{"href":"https:\/\/poppers-online.ch\/it\/wp-json\/wp\/v2\/media?parent=103375"}],"wp:term":[{"taxonomy":"product_brand","embeddable":true,"href":"https:\/\/poppers-online.ch\/it\/wp-json\/wp\/v2\/product_brand?post=103375"},{"taxonomy":"product_cat","embeddable":true,"href":"https:\/\/poppers-online.ch\/it\/wp-json\/wp\/v2\/product_cat?post=103375"},{"taxonomy":"product_tag","embeddable":true,"href":"https:\/\/poppers-online.ch\/it\/wp-json\/wp\/v2\/product_tag?post=103375"}],"curies":[{"name":"wp","href":"https:\/\/api.w.org\/{rel}","templated":true}]}}