{"id":103156,"date":"2024-10-12T20:21:18","date_gmt":"2024-10-12T18:23:59","guid":{"rendered":"https:\/\/poppers-online.ch\/produkt\/fist-fuck-yellow-poppers-24ml-twisted-beast\/"},"modified":"2025-01-29T18:12:28","modified_gmt":"2025-01-29T17:12:28","slug":"fist-fuck-yellow-popper-24ml-twisted-beast","status":"publish","type":"product","link":"https:\/\/poppers-online.ch\/it\/prodotto\/fist-fuck-yellow-popper-24ml-twisted-beast\/","title":{"rendered":"Fist Fuck Yellow Popper 24ml Twisted Beast"},"content":{"rendered":"","protected":false},"excerpt":{"rendered":"<p><span style=\"font-weight: 400;\"><strong>Fist Fuck Yellow Popper 24ml Twisted Beast<\/strong> \u00e8 il popper per tutti i fister e le fiste<\/span><span style=\"font-weight: 400;\"> \u00e8 uno dei popper Twisted Beast pi\u00f9 trendy del Regno Unito e contiene il nuovo nitrito di N-Pentile extra forte.<\/span><\/p>\n<p>&nbsp;<\/p>\n<p><span style=\"font-weight: 400;\">Twisted Beast \u00e8 un marchio di culto del sesso gay hardcore proveniente dall&#8217;Inghilterra. I popper Twisted Beast sono tra i pi\u00f9 estremi disponibili nel Regno Unito. Non dovrai pi\u00f9 recarti a SOHO per acquistare gli iconici popper Twisted Beast.   Li consegniamo a casa tua.<br \/>\n<\/span><\/p>\n<p><span style=\"font-weight: 400;\"><br \/>\n<\/span><span style=\"font-weight: 400;\"><br \/>\n<\/span><span style=\"font-weight: 400;\">Concediti un carico extra di esercizi di stretching e rovina il tuo buco con i Fist Fuck Yellow Popper. Lascia che tutti i pensieri non casti nella tua testa diventino realt\u00e0 e rilassati durante la tua prossima sessione FF e sperimenta una nuova dimensione di soddisfazione FF con gli hot Fist Fuck Popper di Twisted Beast.<br \/>\n<\/span><\/p>\n","protected":false},"featured_media":103147,"comment_status":"open","ping_status":"closed","template":"","meta":{"_acf_changed":false,"iawp_total_views":21,"_glsr_average":0,"_glsr_ranking":0,"_glsr_reviews":0},"product_brand":[],"product_cat":[1047,109],"product_tag":[],"class_list":{"0":"post-103156","1":"product","2":"type-product","3":"status-publish","4":"has-post-thumbnail","6":"product_cat-popper","7":"product_cat-boccette-grandi","8":"pa_flaschenform-ovale-it","9":"pa_gewindegroesse-piccola","10":"pa_inhalt-24ml","11":"pa_inhaltsstoffe-nitrito-di-n-pentanolo","12":"pa_marke-twisted-beast","13":"pa_staerke-105","15":"first","16":"instock","17":"taxable","18":"shipping-taxable","19":"purchasable","20":"product-type-simple"},"acf":[],"_links":{"self":[{"href":"https:\/\/poppers-online.ch\/it\/wp-json\/wp\/v2\/product\/103156","targetHints":{"allow":["GET"]}}],"collection":[{"href":"https:\/\/poppers-online.ch\/it\/wp-json\/wp\/v2\/product"}],"about":[{"href":"https:\/\/poppers-online.ch\/it\/wp-json\/wp\/v2\/types\/product"}],"replies":[{"embeddable":true,"href":"https:\/\/poppers-online.ch\/it\/wp-json\/wp\/v2\/comments?post=103156"}],"wp:featuredmedia":[{"embeddable":true,"href":"https:\/\/poppers-online.ch\/it\/wp-json\/wp\/v2\/media\/103147"}],"wp:attachment":[{"href":"https:\/\/poppers-online.ch\/it\/wp-json\/wp\/v2\/media?parent=103156"}],"wp:term":[{"taxonomy":"product_brand","embeddable":true,"href":"https:\/\/poppers-online.ch\/it\/wp-json\/wp\/v2\/product_brand?post=103156"},{"taxonomy":"product_cat","embeddable":true,"href":"https:\/\/poppers-online.ch\/it\/wp-json\/wp\/v2\/product_cat?post=103156"},{"taxonomy":"product_tag","embeddable":true,"href":"https:\/\/poppers-online.ch\/it\/wp-json\/wp\/v2\/product_tag?post=103156"}],"curies":[{"name":"wp","href":"https:\/\/api.w.org\/{rel}","templated":true}]}}