{"id":103067,"date":"2024-10-11T22:19:59","date_gmt":"2024-10-11T20:24:21","guid":{"rendered":"https:\/\/poppers-online.ch\/produkt\/bator-poppers-24ml-twisted-beast\/"},"modified":"2026-02-22T22:11:03","modified_gmt":"2026-02-22T21:11:03","slug":"bator-popper-24ml-twisted-beast","status":"publish","type":"product","link":"https:\/\/poppers-online.ch\/it\/prodotto\/bator-popper-24ml-twisted-beast\/","title":{"rendered":"Bator Popper 24ml Twisted Beast"},"content":{"rendered":"","protected":false},"excerpt":{"rendered":"<h2>Porta con te il Bator Poppers 24ml Twisted Beast per fare popperbate con il Popperbate<\/h2>\n<p><span style=\"font-weight: 400;\"><strong>Bator Popper 24ml Twisted Beast<\/strong> \u00e8 il popper per tutti i popperbatori<\/span><span style=\"font-weight: 400;\"> tra i popper di tendenza Twisted Beast provenienti dal Regno Unito e contiene nitrito di alcol pentilico\/isoamilico.<\/span><\/p>\n<p><span style=\"font-weight: 400;\">Twisted Beast \u00e8 un marchio di culto del sesso gay hardcore proveniente dall&#8217;Inghilterra. I popper Twisted Beast sono tra i pi\u00f9 estremi disponibili nel Regno Unito. Non dovrai pi\u00f9 recarti a SOHO per acquistare gli iconici popper Twisted Beast.  <\/span><\/p>\n<p><span style=\"font-weight: 400;\">Trova persone che la pensano come te su Popperbate. Perch\u00e9 il popperbate crea dipendenza e non puoi smettere. Quindi spegni la luce e accendi il porno a tutto volume. Fai scivolare il tuo cazzo e datti da fare.   <\/span><\/p>\n","protected":false},"featured_media":103065,"comment_status":"open","ping_status":"closed","template":"","meta":{"_acf_changed":false,"iawp_total_views":23,"_glsr_average":0,"_glsr_ranking":0,"_glsr_reviews":0},"product_brand":[],"product_cat":[1047,109],"product_tag":[],"class_list":{"0":"post-103067","1":"product","2":"type-product","3":"status-publish","4":"has-post-thumbnail","6":"product_cat-popper","7":"product_cat-boccette-grandi","8":"pa_flaschenform-ovale-it","9":"pa_gewindegroesse-piccola","10":"pa_inhalt-24ml","11":"pa_inhaltsstoffe-nitrito-di-alcool-isoamilico","12":"pa_marke-twisted-beast","13":"pa_staerke-103","15":"first","16":"instock","17":"taxable","18":"shipping-taxable","19":"purchasable","20":"product-type-simple"},"acf":[],"_links":{"self":[{"href":"https:\/\/poppers-online.ch\/it\/wp-json\/wp\/v2\/product\/103067","targetHints":{"allow":["GET"]}}],"collection":[{"href":"https:\/\/poppers-online.ch\/it\/wp-json\/wp\/v2\/product"}],"about":[{"href":"https:\/\/poppers-online.ch\/it\/wp-json\/wp\/v2\/types\/product"}],"replies":[{"embeddable":true,"href":"https:\/\/poppers-online.ch\/it\/wp-json\/wp\/v2\/comments?post=103067"}],"wp:featuredmedia":[{"embeddable":true,"href":"https:\/\/poppers-online.ch\/it\/wp-json\/wp\/v2\/media\/103065"}],"wp:attachment":[{"href":"https:\/\/poppers-online.ch\/it\/wp-json\/wp\/v2\/media?parent=103067"}],"wp:term":[{"taxonomy":"product_brand","embeddable":true,"href":"https:\/\/poppers-online.ch\/it\/wp-json\/wp\/v2\/product_brand?post=103067"},{"taxonomy":"product_cat","embeddable":true,"href":"https:\/\/poppers-online.ch\/it\/wp-json\/wp\/v2\/product_cat?post=103067"},{"taxonomy":"product_tag","embeddable":true,"href":"https:\/\/poppers-online.ch\/it\/wp-json\/wp\/v2\/product_tag?post=103067"}],"curies":[{"name":"wp","href":"https:\/\/api.w.org\/{rel}","templated":true}]}}