{"id":103054,"date":"2024-10-11T21:56:05","date_gmt":"2024-10-11T20:07:39","guid":{"rendered":"https:\/\/poppers-online.ch\/produkt\/brain-drain-poppers-24ml-twisted-beast\/"},"modified":"2024-10-23T19:45:09","modified_gmt":"2024-10-23T17:45:09","slug":"brain-drain-popper-24ml-twisted-beast","status":"publish","type":"product","link":"https:\/\/poppers-online.ch\/it\/prodotto\/brain-drain-popper-24ml-twisted-beast\/","title":{"rendered":"Brain Drain Popper 24ml Twisted Beast"},"content":{"rendered":"","protected":false},"excerpt":{"rendered":"<p><span style=\"font-weight: 400;\"><strong>Brain Drain Popper 24ml Twisted Beast<\/strong> \u00e8 il popper per le schiave del sesso<\/span><span style=\"font-weight: 400;\"> tra i popper di tendenza Twisted Beast provenienti dal Regno Unito e contiene nitrito di alcol pentilico\/isoamilico.<\/span><\/p>\n<p>&nbsp;<\/p>\n<p><span style=\"font-weight: 400;\">Twisted Beast \u00e8 un marchio di culto del sesso gay hardcore proveniente dall&#8217;Inghilterra. I popper Twisted Beast sono tra i pi\u00f9 estremi disponibili nel Regno Unito. Non dovrai pi\u00f9 recarti a SOHO per acquistare gli iconici popper Twisted Beast. <\/span><\/p>\n<p><span style=\"font-weight: 400;\"><br \/>\n<\/span><span style=\"font-weight: 400;\"><br \/>\n<\/span><span style=\"font-weight: 400;\">\u00c8 ora di svuotare la testa e il cervello. I Brain drain popper ti svuotano la testa per poterla riempire con tanto porno, cazzo e sperma. Con una sola sniffata, diventerai uno schiavo del sesso senza volont\u00e0. <\/span><\/p>\n","protected":false},"featured_media":103053,"comment_status":"open","ping_status":"closed","template":"","meta":{"_acf_changed":false,"iawp_total_views":1,"_glsr_average":0,"_glsr_ranking":0,"_glsr_reviews":0},"product_brand":[],"product_cat":[1047,109],"product_tag":[],"class_list":{"0":"post-103054","1":"product","2":"type-product","3":"status-publish","4":"has-post-thumbnail","6":"product_cat-popper","7":"product_cat-boccette-grandi","8":"pa_flaschenform-ovale-it","9":"pa_gewindegroesse-piccola","10":"pa_inhalt-24ml","11":"pa_inhaltsstoffe-nitrito-di-alcool-isoamilico","12":"pa_marke-twisted-beast","13":"pa_staerke-103","15":"first","16":"instock","17":"taxable","18":"shipping-taxable","19":"purchasable","20":"product-type-simple"},"acf":[],"_links":{"self":[{"href":"https:\/\/poppers-online.ch\/it\/wp-json\/wp\/v2\/product\/103054","targetHints":{"allow":["GET"]}}],"collection":[{"href":"https:\/\/poppers-online.ch\/it\/wp-json\/wp\/v2\/product"}],"about":[{"href":"https:\/\/poppers-online.ch\/it\/wp-json\/wp\/v2\/types\/product"}],"replies":[{"embeddable":true,"href":"https:\/\/poppers-online.ch\/it\/wp-json\/wp\/v2\/comments?post=103054"}],"wp:featuredmedia":[{"embeddable":true,"href":"https:\/\/poppers-online.ch\/it\/wp-json\/wp\/v2\/media\/103053"}],"wp:attachment":[{"href":"https:\/\/poppers-online.ch\/it\/wp-json\/wp\/v2\/media?parent=103054"}],"wp:term":[{"taxonomy":"product_brand","embeddable":true,"href":"https:\/\/poppers-online.ch\/it\/wp-json\/wp\/v2\/product_brand?post=103054"},{"taxonomy":"product_cat","embeddable":true,"href":"https:\/\/poppers-online.ch\/it\/wp-json\/wp\/v2\/product_cat?post=103054"},{"taxonomy":"product_tag","embeddable":true,"href":"https:\/\/poppers-online.ch\/it\/wp-json\/wp\/v2\/product_tag?post=103054"}],"curies":[{"name":"wp","href":"https:\/\/api.w.org\/{rel}","templated":true}]}}