{"id":103037,"date":"2024-10-11T20:08:09","date_gmt":"2024-10-11T18:08:09","guid":{"rendered":"https:\/\/poppers-online.ch\/produkt\/twisted-beast-black-label-poppers-10ml\/"},"modified":"2024-10-24T09:57:32","modified_gmt":"2024-10-24T07:57:32","slug":"twisted-beast-black-label-poppers-10ml","status":"publish","type":"product","link":"https:\/\/poppers-online.ch\/it\/prodotto\/twisted-beast-black-label-poppers-10ml\/","title":{"rendered":"Twisted Beast Black Label Popper 10ml"},"content":{"rendered":"","protected":false},"excerpt":{"rendered":"<p><strong>Twisted Beast Black Label Popper 10ml<\/strong> \u00e8 il classico tra i popper di tendenza di Twisted Beast dal Regno Unito e contiene nitrito di alcol pentilico\/isoamilico. Twisted Beast \u00e8 un marchio cult del sesso gay hardcore proveniente dall&#8217;Inghilterra. I popper Twisted Beast sono tra i pi\u00f9 estremi disponibili nel Regno Unito. Non dovrai pi\u00f9 recarti a SOHO per acquistare gli iconici popper Twisted Beast.<\/p>\n<p>Twisted Beast \u00e8 un marchio di culto del sesso gay hardcore proveniente dall&#8217;Inghilterra. I popper Twisted Beast sono tra i pi\u00f9 estremi disponibili nel Regno Unito. Non dovrai pi\u00f9 recarti a SOHO per acquistare gli iconici popper Twisted Beast.  <\/p>\n<p>Con Twisted Beast Black Label Popper 10ml dimostri quanto tu possa essere fuori di testa e che ogni sporca fantasia possa essere vissuta nella tua testa.<\/p>\n","protected":false},"featured_media":103024,"comment_status":"open","ping_status":"closed","template":"","meta":{"_acf_changed":false,"iawp_total_views":4,"_glsr_average":0,"_glsr_ranking":0,"_glsr_reviews":0},"product_brand":[],"product_cat":[1047,112],"product_tag":[],"class_list":{"0":"post-103037","1":"product","2":"type-product","3":"status-publish","4":"has-post-thumbnail","6":"product_cat-popper","7":"product_cat-boccette-piccole","8":"pa_flaschenform-rotonda-piccola","9":"pa_gewindegroesse-piccola","10":"pa_inhalt-10ml","11":"pa_inhaltsstoffe-nitrito-di-alcool-isoamilico","12":"pa_marke-twisted-beast","13":"pa_staerke-105","15":"first","16":"instock","17":"taxable","18":"shipping-taxable","19":"purchasable","20":"product-type-simple"},"acf":[],"_links":{"self":[{"href":"https:\/\/poppers-online.ch\/it\/wp-json\/wp\/v2\/product\/103037","targetHints":{"allow":["GET"]}}],"collection":[{"href":"https:\/\/poppers-online.ch\/it\/wp-json\/wp\/v2\/product"}],"about":[{"href":"https:\/\/poppers-online.ch\/it\/wp-json\/wp\/v2\/types\/product"}],"replies":[{"embeddable":true,"href":"https:\/\/poppers-online.ch\/it\/wp-json\/wp\/v2\/comments?post=103037"}],"wp:featuredmedia":[{"embeddable":true,"href":"https:\/\/poppers-online.ch\/it\/wp-json\/wp\/v2\/media\/103024"}],"wp:attachment":[{"href":"https:\/\/poppers-online.ch\/it\/wp-json\/wp\/v2\/media?parent=103037"}],"wp:term":[{"taxonomy":"product_brand","embeddable":true,"href":"https:\/\/poppers-online.ch\/it\/wp-json\/wp\/v2\/product_brand?post=103037"},{"taxonomy":"product_cat","embeddable":true,"href":"https:\/\/poppers-online.ch\/it\/wp-json\/wp\/v2\/product_cat?post=103037"},{"taxonomy":"product_tag","embeddable":true,"href":"https:\/\/poppers-online.ch\/it\/wp-json\/wp\/v2\/product_tag?post=103037"}],"curies":[{"name":"wp","href":"https:\/\/api.w.org\/{rel}","templated":true}]}}