{"id":101812,"date":"2024-09-24T15:58:19","date_gmt":"2024-09-24T13:58:19","guid":{"rendered":"https:\/\/poppers-online.ch\/produkt\/hit-hold-release-paperback-una-fantasia-gay-per-adulti-sui-popper-edizione-tedesca-3\/"},"modified":"2024-10-24T14:16:50","modified_gmt":"2024-10-24T12:16:50","slug":"hit-hold-release-paperback-una-fantasia-gay-per-adulti-sui-popper-edizione-tedesca-3","status":"publish","type":"product","link":"https:\/\/poppers-online.ch\/it\/prodotto\/hit-hold-release-paperback-una-fantasia-gay-per-adulti-sui-popper-edizione-tedesca-3\/","title":{"rendered":"Hit Hold Release &#8211; Paperback &#8211; Una fantasia gay per adulti sui Popper &#8211; Edizione tedesca 3"},"content":{"rendered":"","protected":false},"excerpt":{"rendered":"<p><strong>Hit Hold Release &#8211; Paperback &#8211; Una fantasia gay per adulti sui Popper &#8211; Edizione tedesca 3<\/strong><\/p>\n<p>Il numero 3 del primo libro porno sui popper gay al mondo &#8220;HIT HOLD RELEASE&#8221; \u00e8 finalmente arrivato! Un libro pieno di storie arrapanti di popper che Tim Willems ha vissuto e messo su carta per i suoi fan.<br \/>\nDescrive le sue esperienze in modo suggestivo, onesto, sincero e arrapante e, ancora una volta, permette agli amici popper di altre nazioni di dire la loro e di raccontare le loro vere esperienze o fantasie con i popper. Dopo una votazione su Internet, il tema del popolare allenamento con i popper in questo libro \u00e8 &#8220;padre\/figlio&#8221;. Tim ti far\u00e0 sicuramente divertire con le sue descrizioni dettagliate delle singole scene.<br \/>\nLe sue istruzioni, che puoi seguire molto bene perch\u00e9 in ogni sequenza il carattere aumenta di dimensione in base alla quantit\u00e0 di popper inalato, sono incluse. Al centro del libro c&#8217;\u00e8 qualcosa di molto speciale.<br \/>\nL&#8217;amico e compagno di popper di Tim @Blowdiver, noto nella scena per le sue sfide a dadi su Skype, ha creato un gioco appositamente per questa edizione del libro che pu\u00f2 essere giocato in modo duro e arrapante dai principianti ai professionisti: &#8220;POPPERS ISLAND&#8221; Bene, le tue dita stanno formicolando, il tuo cazzo si sta gi\u00e0 contorcendo in attesa eccitata? Allora prendi subito il tuo popper, eccitati per le storie e segui le istruzioni.<\/p>\n<p>Andiamo: HIT! HOLD! RELEASE!<\/p>\n","protected":false},"featured_media":101805,"comment_status":"open","ping_status":"closed","template":"","meta":{"_acf_changed":false,"iawp_total_views":1,"_glsr_average":0,"_glsr_ranking":0,"_glsr_reviews":0},"product_brand":[],"product_cat":[151],"product_tag":[],"class_list":{"0":"post-101812","1":"product","2":"type-product","3":"status-publish","4":"has-post-thumbnail","6":"product_cat-accessori-popper","8":"first","9":"instock","10":"sale","11":"taxable","12":"shipping-taxable","13":"purchasable","14":"product-type-simple"},"acf":[],"_links":{"self":[{"href":"https:\/\/poppers-online.ch\/it\/wp-json\/wp\/v2\/product\/101812","targetHints":{"allow":["GET"]}}],"collection":[{"href":"https:\/\/poppers-online.ch\/it\/wp-json\/wp\/v2\/product"}],"about":[{"href":"https:\/\/poppers-online.ch\/it\/wp-json\/wp\/v2\/types\/product"}],"replies":[{"embeddable":true,"href":"https:\/\/poppers-online.ch\/it\/wp-json\/wp\/v2\/comments?post=101812"}],"wp:featuredmedia":[{"embeddable":true,"href":"https:\/\/poppers-online.ch\/it\/wp-json\/wp\/v2\/media\/101805"}],"wp:attachment":[{"href":"https:\/\/poppers-online.ch\/it\/wp-json\/wp\/v2\/media?parent=101812"}],"wp:term":[{"taxonomy":"product_brand","embeddable":true,"href":"https:\/\/poppers-online.ch\/it\/wp-json\/wp\/v2\/product_brand?post=101812"},{"taxonomy":"product_cat","embeddable":true,"href":"https:\/\/poppers-online.ch\/it\/wp-json\/wp\/v2\/product_cat?post=101812"},{"taxonomy":"product_tag","embeddable":true,"href":"https:\/\/poppers-online.ch\/it\/wp-json\/wp\/v2\/product_tag?post=101812"}],"curies":[{"name":"wp","href":"https:\/\/api.w.org\/{rel}","templated":true}]}}