{"id":101809,"date":"2024-09-24T15:43:02","date_gmt":"2024-09-24T13:43:02","guid":{"rendered":"https:\/\/poppers-online.ch\/produkt\/hit-hold-release-paperback-una-fantasia-gay-per-adulti-sui-popper-edizione-inglese-3\/"},"modified":"2024-10-24T14:21:06","modified_gmt":"2024-10-24T12:21:06","slug":"hit-hold-release-paperback-una-fantasia-gay-per-adulti-sui-popper-edizione-inglese-3","status":"publish","type":"product","link":"https:\/\/poppers-online.ch\/it\/prodotto\/hit-hold-release-paperback-una-fantasia-gay-per-adulti-sui-popper-edizione-inglese-3\/","title":{"rendered":"Hit Hold Release &#8211; Paperback &#8211; Una fantasia gay per adulti sui Popper &#8211; Edizione inglese 3"},"content":{"rendered":"","protected":false},"excerpt":{"rendered":"<p><strong>Hit Hold Release &#8211; Paperback &#8211; Una fantasia gay per adulti sui Popper &#8211; Edizione inglese 3<\/strong><\/p>\n<p>Il numero 3 del primo libro porno di popper gay al mondo &#8220;HIT HOLD RELEASE&#8221; \u00e8 finalmente arrivato!<\/p>\n<p>Un libro pieno di storie di popper arrapati che Tim Willems ha vissuto e messo su carta per i suoi fan.<br \/>\nDescrive le sue esperienze in modo suggestivo, onesto, sincero e arrapante e, ancora una volta, lascia che i compagni di popper di altre nazioni possano dire la loro e raccontare le loro vere esperienze o fantasie con il popper. <\/p>\n<p>Dopo una votazione su internet, il tema del popolare allenamento popper di questo libro \u00e8 &#8220;Padre\/Figlio&#8221;.<br \/>\nTim ti far\u00e0 sicuramente divertire con le sue descrizioni dettagliate delle singole scene.<br \/>\nLe sue istruzioni, che puoi seguire molto bene perch\u00e9 in ogni sequenza il carattere diventa pi\u00f9 grande in linea con la quantit\u00e0 di popper inalato.  <\/p>\n<p>Al centro del libro si trova qualcosa di molto speciale.<br \/>\nL&#8217;amico e compagno di popper di Tim @Blowdiver, noto nella scena per le sue sfide di sniffare i dadi del gioco da tavolo su Skype, ha creato un gioco appositamente per questa edizione del libro che \u00e8 difficile e fantastico e pu\u00f2 essere giocato dai principianti ai professionisti: &#8220;POPPERS ISLAND&#8221;. <\/p>\n<p>Allora, le tue dita stanno formicolando, il tuo cazzo si sta gi\u00e0 contorcendo in preda all&#8217;eccitazione?<br \/>\nAllora prendi subito il tuo popper, eccitati per le storie e segui le istruzioni. <\/p>\n<p>Andiamo.<\/p>\n<p>COLPO!<\/p>\n<p>ASPETTA!<\/p>\n<p>RILASCIO!<\/p>\n","protected":false},"featured_media":101799,"comment_status":"open","ping_status":"closed","template":"","meta":{"_acf_changed":false,"iawp_total_views":1,"_glsr_average":0,"_glsr_ranking":0,"_glsr_reviews":0},"product_brand":[],"product_cat":[151],"product_tag":[],"class_list":{"0":"post-101809","1":"product","2":"type-product","3":"status-publish","4":"has-post-thumbnail","6":"product_cat-accessori-popper","8":"first","9":"instock","10":"taxable","11":"shipping-taxable","12":"purchasable","13":"product-type-simple"},"acf":[],"_links":{"self":[{"href":"https:\/\/poppers-online.ch\/it\/wp-json\/wp\/v2\/product\/101809","targetHints":{"allow":["GET"]}}],"collection":[{"href":"https:\/\/poppers-online.ch\/it\/wp-json\/wp\/v2\/product"}],"about":[{"href":"https:\/\/poppers-online.ch\/it\/wp-json\/wp\/v2\/types\/product"}],"replies":[{"embeddable":true,"href":"https:\/\/poppers-online.ch\/it\/wp-json\/wp\/v2\/comments?post=101809"}],"wp:featuredmedia":[{"embeddable":true,"href":"https:\/\/poppers-online.ch\/it\/wp-json\/wp\/v2\/media\/101799"}],"wp:attachment":[{"href":"https:\/\/poppers-online.ch\/it\/wp-json\/wp\/v2\/media?parent=101809"}],"wp:term":[{"taxonomy":"product_brand","embeddable":true,"href":"https:\/\/poppers-online.ch\/it\/wp-json\/wp\/v2\/product_brand?post=101809"},{"taxonomy":"product_cat","embeddable":true,"href":"https:\/\/poppers-online.ch\/it\/wp-json\/wp\/v2\/product_cat?post=101809"},{"taxonomy":"product_tag","embeddable":true,"href":"https:\/\/poppers-online.ch\/it\/wp-json\/wp\/v2\/product_tag?post=101809"}],"curies":[{"name":"wp","href":"https:\/\/api.w.org\/{rel}","templated":true}]}}