{"id":101792,"date":"2024-09-24T15:17:37","date_gmt":"2024-09-24T13:27:28","guid":{"rendered":"https:\/\/poppers-online.ch\/produkt\/tappo-poppers-booster-xtrm-double-xs-black-leak-proof-per-double-scorpio-15ml\/"},"modified":"2025-04-11T18:48:35","modified_gmt":"2025-04-11T16:48:35","slug":"tappo-popper-booster-xtrm-double-xs-black-leak-proof-per-double-scorpio-15ml","status":"publish","type":"product","link":"https:\/\/poppers-online.ch\/it\/prodotto\/tappo-popper-booster-xtrm-double-xs-black-leak-proof-per-double-scorpio-15ml\/","title":{"rendered":"Tappo Popper Booster XTRM Double XS Black LEAK PROOF per Double Scorpio 15ml"},"content":{"rendered":"","protected":false},"excerpt":{"rendered":"<p><strong>Tappo Popper Booster XTRM Double XS Black LEAK PROOF per Double Scorpio 15ml.<\/strong> Quando le cose si scatenano subito dopo aver sniffato il poppers, pu\u00f2 capitare di ritrovarsi con la bottiglia di poppers rovesciata e che perde. Il team di XTRM ha sviluppato un ingegnoso tappo a prova di perdite e facile da usare XTRM Double Small Black LEAK PROOF con pulsante.  Avvita il beccuccio a prova di perdite sul flacone come di consueto. Solo quando si preme il pulsante sul lato del tappo, il popper fuoriesce dalla bottiglia attraverso il canale del calcio. Quando rilasci il pulsante, lo sniffer \u00e8 di nuovo sigillato al 100% e i popper rimangono nella bottiglia, anche se la bottiglia si rovescia perch\u00e9 \u00e8 calda.<\/p>\n<p>Questo nuovo sistema di tappi a pulsante \u00e8 prodotto in Austria con grande impegno. Il tappo Double XS Black LEAK PROOF Booster si adatta a tutte le bottiglie di alluminio Double Scorpio da 15 ml e Royal Hexagon da 10 ml.  Provate il calcio e il comfort extra quando tirate i popper. Niente pi\u00f9 bottiglie di popper rovesciate grazie al tappo a prova di perdite LEAK PROOF. Nota sull&#8217;applicazione: per avvitare il LEAK PROOF, tienilo saldamente nella parte inferiore, stringilo con attenzione e non serrare troppo la filettatura.<\/p>\n","protected":false},"featured_media":101790,"comment_status":"open","ping_status":"closed","template":"","meta":{"_acf_changed":false,"iawp_total_views":3,"_glsr_average":0,"_glsr_ranking":0,"_glsr_reviews":0},"product_brand":[],"product_cat":[151,1304],"product_tag":[],"class_list":{"0":"post-101792","1":"product","2":"type-product","3":"status-publish","4":"has-post-thumbnail","6":"product_cat-accessori-popper","7":"product_cat-booster-caps-it","9":"first","10":"instock","11":"taxable","12":"shipping-taxable","13":"purchasable","14":"product-type-simple"},"acf":[],"_links":{"self":[{"href":"https:\/\/poppers-online.ch\/it\/wp-json\/wp\/v2\/product\/101792","targetHints":{"allow":["GET"]}}],"collection":[{"href":"https:\/\/poppers-online.ch\/it\/wp-json\/wp\/v2\/product"}],"about":[{"href":"https:\/\/poppers-online.ch\/it\/wp-json\/wp\/v2\/types\/product"}],"replies":[{"embeddable":true,"href":"https:\/\/poppers-online.ch\/it\/wp-json\/wp\/v2\/comments?post=101792"}],"wp:featuredmedia":[{"embeddable":true,"href":"https:\/\/poppers-online.ch\/it\/wp-json\/wp\/v2\/media\/101790"}],"wp:attachment":[{"href":"https:\/\/poppers-online.ch\/it\/wp-json\/wp\/v2\/media?parent=101792"}],"wp:term":[{"taxonomy":"product_brand","embeddable":true,"href":"https:\/\/poppers-online.ch\/it\/wp-json\/wp\/v2\/product_brand?post=101792"},{"taxonomy":"product_cat","embeddable":true,"href":"https:\/\/poppers-online.ch\/it\/wp-json\/wp\/v2\/product_cat?post=101792"},{"taxonomy":"product_tag","embeddable":true,"href":"https:\/\/poppers-online.ch\/it\/wp-json\/wp\/v2\/product_tag?post=101792"}],"curies":[{"name":"wp","href":"https:\/\/api.w.org\/{rel}","templated":true}]}}