{"id":101620,"date":"2024-09-21T14:14:39","date_gmt":"2024-09-21T13:08:39","guid":{"rendered":"https:\/\/poppers-online.ch\/produkt\/pacchetto-popper-a-forma-di-pugno\/"},"modified":"2024-10-24T14:40:26","modified_gmt":"2024-10-24T12:40:26","slug":"pacchetto-fist-popper","status":"publish","type":"product","link":"https:\/\/poppers-online.ch\/it\/prodotto\/pacchetto-fist-popper\/","title":{"rendered":"Pacchetto Fist Popper"},"content":{"rendered":"","protected":false},"excerpt":{"rendered":"<p>Ami il fisting? Con il nuovo <strong>Fist Popper Pack<\/strong> sei sempre pronto per i momenti pi\u00f9 caldi. Tre popper ultra potenti per un gioco anale non-stop. L&#8217;N-Pentanolo \u00e8 la formula ideale per rilassare i muscoli lisci in profondit\u00e0: questo pacchetto sar\u00e0 la tua strada verso l&#8217;orgasmo anale.<\/p>\n<p><strong>Il Fist Popper Pack \u00e8 composto da 3 prodotti popper:<\/strong><\/p>\n<p>Noi e i nostri amici pugili lo stavamo aspettando da tempo: L&#8217;<b>Iron Fist Popper Black Label 10ml <\/b>\u00e8 disponibile in una formula di pentile forte e in un flacone di alluminio indistruttibile. Questo potente popper \u00e8 dedicato a tutti gli esperti senza paura e agli amanti dei giochi FF e delle sessioni pi\u00f9 impegnative. Una volta aperto, Iron Fist Black Label ti trasforma in un animale sfrenato che desidera cazzi grossi, pugni e giocattoli. Il pratico formato tascabile della bottiglia in alluminio, leggera e indistruttibile, si adatta a ogni tasca dei pantaloni e ti ispirer\u00e0.<\/p>\n<p>L&#8217;<b>Iron Fist Popper Ultra Strong 10ml e 24ml <\/b>\u00e8 ancora pi\u00f9 forte dell&#8217;Iron Fist Black Label e si spinge oltre i limiti di ci\u00f2 che pensavi fosse possibile. Contiene il nuovo ingrediente n-Pentanolo, che rende il nitrito ancora pi\u00f9 forte e duraturo. La bottiglia in alluminio indistruttibile protegge il popper in ogni situazione. Questo potente Popper Ultra Strong Fist \u00e8 dedicato a tutti gli esperti senza paura e agli amanti dei giochi FF e delle sessioni pi\u00f9 dure. Una volta aperto, Iron Fist Ultra Strong ti trasforma in un animale sfrenato che si contorce per i grossi cazzi, i pugni e i giocattoli. Il pratico formato tascabile dell&#8217;elegante bottiglia in alluminio, leggera e indistruttibile, si adatta a ogni tasca dei pantaloni e ti ispirer\u00e0.<\/p>\n","protected":false},"featured_media":102944,"comment_status":"open","ping_status":"closed","template":"","meta":{"_acf_changed":false,"iawp_total_views":11,"_glsr_average":0,"_glsr_ranking":0,"_glsr_reviews":0},"product_brand":[],"product_cat":[1047,104,109,112],"product_tag":[],"class_list":{"0":"post-101620","1":"product","2":"type-product","3":"status-publish","4":"has-post-thumbnail","6":"product_cat-popper","7":"product_cat-confezioni-value","8":"product_cat-boccette-grandi","9":"product_cat-boccette-piccole","10":"pa_flaschenform-rotonda-piccola","11":"pa_gewindegroesse-piccola","12":"pa_inhalt-combo","13":"pa_inhalt-24ml","14":"pa_inhalt-10ml","15":"pa_inhaltsstoffe-nitrito-di-alcool-isoamilico","16":"pa_inhaltsstoffe-nitrito-di-n-pentanolo","17":"pa_marke-fist-popper","18":"pa_staerke-105","20":"first","21":"instock","22":"sale","23":"taxable","24":"shipping-taxable","25":"purchasable","26":"product-type-simple"},"acf":[],"_links":{"self":[{"href":"https:\/\/poppers-online.ch\/it\/wp-json\/wp\/v2\/product\/101620","targetHints":{"allow":["GET"]}}],"collection":[{"href":"https:\/\/poppers-online.ch\/it\/wp-json\/wp\/v2\/product"}],"about":[{"href":"https:\/\/poppers-online.ch\/it\/wp-json\/wp\/v2\/types\/product"}],"replies":[{"embeddable":true,"href":"https:\/\/poppers-online.ch\/it\/wp-json\/wp\/v2\/comments?post=101620"}],"wp:featuredmedia":[{"embeddable":true,"href":"https:\/\/poppers-online.ch\/it\/wp-json\/wp\/v2\/media\/102944"}],"wp:attachment":[{"href":"https:\/\/poppers-online.ch\/it\/wp-json\/wp\/v2\/media?parent=101620"}],"wp:term":[{"taxonomy":"product_brand","embeddable":true,"href":"https:\/\/poppers-online.ch\/it\/wp-json\/wp\/v2\/product_brand?post=101620"},{"taxonomy":"product_cat","embeddable":true,"href":"https:\/\/poppers-online.ch\/it\/wp-json\/wp\/v2\/product_cat?post=101620"},{"taxonomy":"product_tag","embeddable":true,"href":"https:\/\/poppers-online.ch\/it\/wp-json\/wp\/v2\/product_tag?post=101620"}],"curies":[{"name":"wp","href":"https:\/\/api.w.org\/{rel}","templated":true}]}}