{"id":101608,"date":"2024-09-21T12:26:53","date_gmt":"2024-09-21T10:26:53","guid":{"rendered":"https:\/\/poppers-online.ch\/produkt\/iron-fist-poppers-ultra-strong-24ml\/"},"modified":"2026-01-26T00:12:24","modified_gmt":"2026-01-25T23:12:24","slug":"iron-fist-popper-ultra-strong-24ml","status":"publish","type":"product","link":"https:\/\/poppers-online.ch\/it\/prodotto\/iron-fist-popper-ultra-strong-24ml\/","title":{"rendered":"Iron Fist Popper Ultra Strong 24ml"},"content":{"rendered":"","protected":false},"excerpt":{"rendered":"<p>L&#8217;<strong>Iron Fist Popper Ultra Strong 24ml<\/strong> \u00e8 ancora pi\u00f9 forte dell&#8217;Iron Fist Black Label e si spinge oltre i limiti di ci\u00f2 che pensavi fosse possibile. Contiene il nuovo ingrediente n-Pentanolo, che rende il nitrito ancora pi\u00f9 forte e duraturo. L&#8217;indistruttibile bottiglia in alluminio protegge il popper ultra forte in ogni situazione. Questo potente Popper Ultra Strong Fist \u00e8 dedicato a tutti gli esperti senza paura e agli amanti dei giochi FF e delle sessioni pi\u00f9 dure. Una volta aperto, Iron Fist Ultra Strong ti trasforma in un animale sfrenato che si contorce per i grandi cazzi, i pugni e i giocattoli. Il pratico formato tascabile dell&#8217;elegante bottiglia in alluminio, leggera e indistruttibile, si adatta a ogni tasca dei pantaloni e ti ispirer\u00e0.<\/p>\n","protected":false},"featured_media":101584,"comment_status":"open","ping_status":"closed","template":"","meta":{"_acf_changed":false,"iawp_total_views":112,"_glsr_average":0,"_glsr_ranking":0,"_glsr_reviews":0},"product_brand":[],"product_cat":[1047,109],"product_tag":[],"class_list":{"0":"post-101608","1":"product","2":"type-product","3":"status-publish","4":"has-post-thumbnail","6":"product_cat-popper","7":"product_cat-boccette-grandi","8":"pa_flaschenform-rotonda-piccola","9":"pa_gewindegroesse-piccola","10":"pa_inhalt-24ml","11":"pa_inhaltsstoffe-nitrito-di-n-pentanolo","12":"pa_marke-fist-popper","13":"pa_staerke-105","15":"first","16":"instock","17":"taxable","18":"shipping-taxable","19":"purchasable","20":"product-type-simple"},"acf":[],"_links":{"self":[{"href":"https:\/\/poppers-online.ch\/it\/wp-json\/wp\/v2\/product\/101608","targetHints":{"allow":["GET"]}}],"collection":[{"href":"https:\/\/poppers-online.ch\/it\/wp-json\/wp\/v2\/product"}],"about":[{"href":"https:\/\/poppers-online.ch\/it\/wp-json\/wp\/v2\/types\/product"}],"replies":[{"embeddable":true,"href":"https:\/\/poppers-online.ch\/it\/wp-json\/wp\/v2\/comments?post=101608"}],"wp:featuredmedia":[{"embeddable":true,"href":"https:\/\/poppers-online.ch\/it\/wp-json\/wp\/v2\/media\/101584"}],"wp:attachment":[{"href":"https:\/\/poppers-online.ch\/it\/wp-json\/wp\/v2\/media?parent=101608"}],"wp:term":[{"taxonomy":"product_brand","embeddable":true,"href":"https:\/\/poppers-online.ch\/it\/wp-json\/wp\/v2\/product_brand?post=101608"},{"taxonomy":"product_cat","embeddable":true,"href":"https:\/\/poppers-online.ch\/it\/wp-json\/wp\/v2\/product_cat?post=101608"},{"taxonomy":"product_tag","embeddable":true,"href":"https:\/\/poppers-online.ch\/it\/wp-json\/wp\/v2\/product_tag?post=101608"}],"curies":[{"name":"wp","href":"https:\/\/api.w.org\/{rel}","templated":true}]}}