{"id":101578,"date":"2024-09-21T11:54:27","date_gmt":"2024-09-21T09:57:02","guid":{"rendered":"https:\/\/poppers-online.ch\/produkt\/iron-fist-poppers-ultra-strong-10ml\/"},"modified":"2025-03-10T11:11:18","modified_gmt":"2025-03-10T10:11:18","slug":"iron-fist-popper-ultra-strong-10ml","status":"publish","type":"product","link":"https:\/\/poppers-online.ch\/it\/prodotto\/iron-fist-popper-ultra-strong-10ml\/","title":{"rendered":"Iron Fist Popper Ultra Strong 10ml"},"content":{"rendered":"","protected":false},"excerpt":{"rendered":"<p>L&#8217;<strong>Iron Fist Popper Ultra Strong 10ml<\/strong> \u00e8 ancora pi\u00f9 forte dell&#8217;Iron Fist Black Label e si spinge oltre i limiti di ci\u00f2 che pensavi fosse possibile. Contiene il nuovo ingrediente n-pentanolo, che rende il nitrito ancora pi\u00f9 forte e duraturo. La bottiglia in alluminio indistruttibile protegge il popper in ogni situazione. Questo potente Popper Ultra Strong Fist \u00e8 dedicato a tutti gli esperti senza paura e agli amanti dei giochi FF e delle sessioni pi\u00f9 dure. Una volta aperto, Iron Fist Ultra Strong ti trasforma in un animale sfrenato che si contorce per i grossi cazzi, i pugni e i giocattoli. Il pratico formato tascabile dell&#8217;elegante bottiglia in alluminio, leggera e indistruttibile, si adatta a ogni tasca dei pantaloni e ti ispirer\u00e0.<\/p>\n","protected":false},"featured_media":101568,"comment_status":"open","ping_status":"closed","template":"","meta":{"_acf_changed":false,"iawp_total_views":49,"_glsr_average":0,"_glsr_ranking":0,"_glsr_reviews":0},"product_brand":[],"product_cat":[1047,112],"product_tag":[],"class_list":{"0":"post-101578","1":"product","2":"type-product","3":"status-publish","4":"has-post-thumbnail","6":"product_cat-popper","7":"product_cat-boccette-piccole","8":"pa_flaschenform-rotonda-piccola","9":"pa_gewindegroesse-piccola","10":"pa_inhalt-10ml","11":"pa_inhaltsstoffe-nitrito-di-n-pentanolo","12":"pa_marke-fist-popper","13":"pa_staerke-105","15":"first","16":"instock","17":"taxable","18":"shipping-taxable","19":"purchasable","20":"product-type-simple"},"acf":[],"_links":{"self":[{"href":"https:\/\/poppers-online.ch\/it\/wp-json\/wp\/v2\/product\/101578","targetHints":{"allow":["GET"]}}],"collection":[{"href":"https:\/\/poppers-online.ch\/it\/wp-json\/wp\/v2\/product"}],"about":[{"href":"https:\/\/poppers-online.ch\/it\/wp-json\/wp\/v2\/types\/product"}],"replies":[{"embeddable":true,"href":"https:\/\/poppers-online.ch\/it\/wp-json\/wp\/v2\/comments?post=101578"}],"wp:featuredmedia":[{"embeddable":true,"href":"https:\/\/poppers-online.ch\/it\/wp-json\/wp\/v2\/media\/101568"}],"wp:attachment":[{"href":"https:\/\/poppers-online.ch\/it\/wp-json\/wp\/v2\/media?parent=101578"}],"wp:term":[{"taxonomy":"product_brand","embeddable":true,"href":"https:\/\/poppers-online.ch\/it\/wp-json\/wp\/v2\/product_brand?post=101578"},{"taxonomy":"product_cat","embeddable":true,"href":"https:\/\/poppers-online.ch\/it\/wp-json\/wp\/v2\/product_cat?post=101578"},{"taxonomy":"product_tag","embeddable":true,"href":"https:\/\/poppers-online.ch\/it\/wp-json\/wp\/v2\/product_tag?post=101578"}],"curies":[{"name":"wp","href":"https:\/\/api.w.org\/{rel}","templated":true}]}}