{"id":101573,"date":"2024-09-21T10:49:49","date_gmt":"2024-09-21T08:49:49","guid":{"rendered":"https:\/\/poppers-online.ch\/produkt\/iron-fist-poppers-etichetta-nera-10ml\/"},"modified":"2026-01-17T02:06:02","modified_gmt":"2026-01-17T01:06:02","slug":"iron-fist-popper-black-label-10ml","status":"publish","type":"product","link":"https:\/\/poppers-online.ch\/it\/prodotto\/iron-fist-popper-black-label-10ml\/","title":{"rendered":"Iron Fist Popper Black Label 10ml"},"content":{"rendered":"","protected":false},"excerpt":{"rendered":"<p>Noi e i nostri amici pugili lo stavamo aspettando da tempo: L&#8217;<b>Iron Fist Popper Black Label 10ml <\/b>\u00e8 disponibile in una formula di pentile forte e in un flacone di alluminio indistruttibile. Questo potente popper \u00e8 dedicato a tutti gli esperti senza paura e agli amanti dei giochi FF e delle sessioni pi\u00f9 impegnative. Una volta aperto, Iron Fist Black Label ti trasforma in un animale sfrenato che desidera cazzi grossi, pugni e giocattoli. Il pratico formato tascabile della bottiglia in alluminio, leggera e indistruttibile, si adatta a ogni tasca dei pantaloni e ti ispirer\u00e0.<\/p>\n","protected":false},"featured_media":101563,"comment_status":"open","ping_status":"closed","template":"","meta":{"_acf_changed":false,"iawp_total_views":16,"_glsr_average":0,"_glsr_ranking":0,"_glsr_reviews":0},"product_brand":[],"product_cat":[1047,112],"product_tag":[],"class_list":{"0":"post-101573","1":"product","2":"type-product","3":"status-publish","4":"has-post-thumbnail","6":"product_cat-popper","7":"product_cat-boccette-piccole","8":"pa_flaschenform-rotonda-piccola","9":"pa_gewindegroesse-piccola","10":"pa_inhalt-10ml","11":"pa_inhaltsstoffe-nitrito-di-alcool-isoamilico","12":"pa_marke-fist-popper","13":"pa_staerke-105","15":"first","16":"instock","17":"taxable","18":"shipping-taxable","19":"purchasable","20":"product-type-simple"},"acf":[],"_links":{"self":[{"href":"https:\/\/poppers-online.ch\/it\/wp-json\/wp\/v2\/product\/101573","targetHints":{"allow":["GET"]}}],"collection":[{"href":"https:\/\/poppers-online.ch\/it\/wp-json\/wp\/v2\/product"}],"about":[{"href":"https:\/\/poppers-online.ch\/it\/wp-json\/wp\/v2\/types\/product"}],"replies":[{"embeddable":true,"href":"https:\/\/poppers-online.ch\/it\/wp-json\/wp\/v2\/comments?post=101573"}],"wp:featuredmedia":[{"embeddable":true,"href":"https:\/\/poppers-online.ch\/it\/wp-json\/wp\/v2\/media\/101563"}],"wp:attachment":[{"href":"https:\/\/poppers-online.ch\/it\/wp-json\/wp\/v2\/media?parent=101573"}],"wp:term":[{"taxonomy":"product_brand","embeddable":true,"href":"https:\/\/poppers-online.ch\/it\/wp-json\/wp\/v2\/product_brand?post=101573"},{"taxonomy":"product_cat","embeddable":true,"href":"https:\/\/poppers-online.ch\/it\/wp-json\/wp\/v2\/product_cat?post=101573"},{"taxonomy":"product_tag","embeddable":true,"href":"https:\/\/poppers-online.ch\/it\/wp-json\/wp\/v2\/product_tag?post=101573"}],"curies":[{"name":"wp","href":"https:\/\/api.w.org\/{rel}","templated":true}]}}