{"id":3306,"date":"2021-09-22T19:44:36","date_gmt":"2021-09-22T17:44:36","guid":{"rendered":"https:\/\/poppers.novatask.biz\/spedizione\/"},"modified":"2026-01-13T18:20:51","modified_gmt":"2026-01-13T17:20:51","slug":"spedizione","status":"publish","type":"page","link":"https:\/\/poppers-online.ch\/it\/spedizione\/","title":{"rendered":"spedizione"},"content":{"rendered":"\t\t<div data-elementor-type=\"wp-page\" data-elementor-id=\"3306\" class=\"elementor elementor-3306 elementor-263\" data-elementor-post-type=\"page\">\n\t\t\t\t\t\t<section class=\"elementor-section elementor-top-section elementor-element elementor-element-1cfecbb elementor-section-boxed elementor-section-height-default elementor-section-height-default\" data-id=\"1cfecbb\" data-element_type=\"section\" data-e-type=\"section\">\n\t\t\t\t\t\t<div class=\"elementor-container elementor-column-gap-default\">\n\t\t\t\t\t<div class=\"elementor-column elementor-col-100 elementor-top-column elementor-element elementor-element-936b174\" data-id=\"936b174\" data-element_type=\"column\" data-e-type=\"column\">\n\t\t\t<div class=\"elementor-widget-wrap elementor-element-populated\">\n\t\t\t\t\t\t<div class=\"elementor-element elementor-element-e44d74d elementor-widget elementor-widget-heading\" data-id=\"e44d74d\" data-element_type=\"widget\" data-e-type=\"widget\" data-widget_type=\"heading.default\">\n\t\t\t\t<div class=\"elementor-widget-container\">\n\t\t\t\t\t<h1 class=\"elementor-heading-title elementor-size-default\">Spedizione di Popper dalla Svizzera \/ servizio di ritiro<\/h1>\t\t\t\t<\/div>\n\t\t\t\t<\/div>\n\t\t\t\t\t<\/div>\n\t\t<\/div>\n\t\t\t\t\t<\/div>\n\t\t<\/section>\n\t\t\t\t<section class=\"elementor-section elementor-top-section elementor-element elementor-element-99387da elementor-section-boxed elementor-section-height-default elementor-section-height-default\" data-id=\"99387da\" data-element_type=\"section\" data-e-type=\"section\">\n\t\t\t\t\t\t<div class=\"elementor-container elementor-column-gap-default\">\n\t\t\t\t\t<div class=\"elementor-column elementor-col-100 elementor-top-column elementor-element elementor-element-f8dab93\" data-id=\"f8dab93\" data-element_type=\"column\" data-e-type=\"column\">\n\t\t\t<div class=\"elementor-widget-wrap elementor-element-populated\">\n\t\t\t\t\t\t<div class=\"elementor-element elementor-element-90f6749 elementor-widget elementor-widget-text-editor\" data-id=\"90f6749\" data-element_type=\"widget\" data-e-type=\"widget\" data-widget_type=\"text-editor.default\">\n\t\t\t\t<div class=\"elementor-widget-container\">\n\t\t\t\t\t\t\t\t\t<p>Spediamo i Popper esclusivamente dalla Svizzera tramite la Posta Svizzera. Questo garantisce che non ci siano problemi doganali e che il pacco arrivi rapidamente, entro 1-2 giorni lavorativi. Ci\u00f2 significa che invieremo il pacco il giorno in cui riceveremo il denaro. In caso di pagamento con carta di credito e TWINT, questo \u00e8 il giorno dell&#8217;ordine. Inviamo solo con Posta A, il che significa che il tempo di consegna del pacco \u00e8 di 1 giorno lavorativo. Ad esempio, se ordini con carta di credito il luned\u00ec mattina, riceverai il pacco nella cassetta del latte marted\u00ec.<\/p><p>Corriere per Popper: se la discrezione \u00e8 la tua priorit\u00e0 e non puoi ricevere un pacco di popper a casa, ti consigliamo il nostro servizio di corriere per la consegna in tutta la Svizzera: poppers-kurier.ch<\/p><p><span style=\"color: var( --e-global-color-text ); font-size: var( --e-global-typography-text-font-size ); font-weight: var( --e-global-typography-text-font-weight );\">Servizio di ritiro: se abitate a Zurigo o nell&#8217;agglomerato urbano di Zurigo, ora potete usufruire anche del nostro servizio di ritiro. Se avete fretta nel fine settimana, ad esempio, il nostro servizio di ritiro \u00e8 molto pratico (valore minimo della merce CHF 80).<\/span><\/p><p>Le spedizioni in Germania e Austria sono effettuate da DHL. Le spese di spedizione in Germania ammontano a 5,90 franchi svizzeri (tempo di consegna del pacco 1-2 giorni). Le spese di spedizione in Austria ammontano a 9,90 franchi svizzeri (tempi di consegna dei pacchi 3-4 giorni).<\/p><p>Inviamo sempre i nostri pacchi in modo neutrale, cio\u00e8 senza pubblicit\u00e0 sul Scatola di spedizione . Il mittente \u00e8 Oxymoron AG. In questo modo proteggiamo la tua privacy.<\/p>\t\t\t\t\t\t\t\t<\/div>\n\t\t\t\t<\/div>\n\t\t\t\t\t<\/div>\n\t\t<\/div>\n\t\t\t\t\t<\/div>\n\t\t<\/section>\n\t\t<div class=\"elementor-element elementor-element-dfad760 e-flex e-con-boxed e-con e-parent\" data-id=\"dfad760\" data-element_type=\"container\" data-e-type=\"container\">\n\t\t\t\t\t<div class=\"e-con-inner\">\n\t\t<div class=\"elementor-element elementor-element-0a6904b e-con-full e-flex e-con e-child\" data-id=\"0a6904b\" data-element_type=\"container\" data-e-type=\"container\">\n\t\t\t\t<div class=\"elementor-element elementor-element-f18a865 elementor-widget__width-initial elementor-widget elementor-widget-image\" data-id=\"f18a865\" data-element_type=\"widget\" data-e-type=\"widget\" data-widget_type=\"image.default\">\n\t\t\t\t<div class=\"elementor-widget-container\">\n\t\t\t\t\t\t\t\t\t\t\t\t\t\t\t<img fetchpriority=\"high\" decoding=\"async\" width=\"800\" height=\"800\" src=\"https:\/\/poppers-online.ch\/wp-content\/uploads\/poppers-versand-2.jpg\" class=\"attachment-large size-large wp-image-3308\" alt=\"poppers-spedizione-2\" srcset=\"https:\/\/poppers-online.ch\/wp-content\/uploads\/poppers-versand-2.jpg 800w, https:\/\/poppers-online.ch\/wp-content\/uploads\/poppers-versand-2-100x100.jpg 100w, https:\/\/poppers-online.ch\/wp-content\/uploads\/poppers-versand-2-64x64.jpg 64w, https:\/\/poppers-online.ch\/wp-content\/uploads\/poppers-versand-2-600x600.jpg 600w, https:\/\/poppers-online.ch\/wp-content\/uploads\/poppers-versand-2-300x300.jpg 300w, https:\/\/poppers-online.ch\/wp-content\/uploads\/poppers-versand-2-150x150.jpg 150w, https:\/\/poppers-online.ch\/wp-content\/uploads\/poppers-versand-2-768x768.jpg 768w\" sizes=\"(max-width: 800px) 100vw, 800px\" \/>\t\t\t\t\t\t\t\t\t\t\t\t\t\t\t<\/div>\n\t\t\t\t<\/div>\n\t\t\t\t<\/div>\n\t\t\t\t\t<\/div>\n\t\t\t\t<\/div>\n\t\t\t\t<section class=\"elementor-section elementor-top-section elementor-element elementor-element-5fda302 elementor-section-boxed elementor-section-height-default elementor-section-height-default\" data-id=\"5fda302\" data-element_type=\"section\" data-e-type=\"section\">\n\t\t\t\t\t\t<div class=\"elementor-container elementor-column-gap-default\">\n\t\t\t\t\t<div class=\"elementor-column elementor-col-100 elementor-top-column elementor-element elementor-element-cfbbcd4\" data-id=\"cfbbcd4\" data-element_type=\"column\" data-e-type=\"column\">\n\t\t\t<div class=\"elementor-widget-wrap elementor-element-populated\">\n\t\t\t\t\t\t<div class=\"elementor-element elementor-element-678609e elementor-widget elementor-widget-text-editor\" data-id=\"678609e\" data-element_type=\"widget\" data-e-type=\"widget\" data-widget_type=\"text-editor.default\">\n\t\t\t\t<div class=\"elementor-widget-container\">\n\t\t\t\t\t\t\t\t\t<p>I Popper sono imballati in modo sicuro in una scatola di cartone con schiuma a bolle d&#8217;aria per una buona protezione. Se dovesse fuoriuscire del liquido, la schiuma lo assorbe ed evita la formazione di cattivi odori nella cassa del latte. <\/p>\t\t\t\t\t\t\t\t<\/div>\n\t\t\t\t<\/div>\n\t\t\t\t\t<\/div>\n\t\t<\/div>\n\t\t\t\t\t<\/div>\n\t\t<\/section>\n\t\t<div class=\"elementor-element elementor-element-42bc160 e-flex e-con-boxed e-con e-parent\" data-id=\"42bc160\" data-element_type=\"container\" data-e-type=\"container\">\n\t\t\t\t\t<div class=\"e-con-inner\">\n\t\t<div class=\"elementor-element elementor-element-74c9017 e-con-full e-flex e-con e-child\" data-id=\"74c9017\" data-element_type=\"container\" data-e-type=\"container\">\n\t\t\t\t<div class=\"elementor-element elementor-element-c2f9fcb elementor-widget elementor-widget-video\" data-id=\"c2f9fcb\" data-element_type=\"widget\" data-e-type=\"widget\" data-settings=\"{&quot;youtube_url&quot;:&quot;https:\\\/\\\/youtu.be\\\/HIl0BvWJgno?si=8pgESolrfjyKWoEc&quot;,&quot;video_type&quot;:&quot;youtube&quot;,&quot;controls&quot;:&quot;yes&quot;}\" data-widget_type=\"video.default\">\n\t\t\t\t<div class=\"elementor-widget-container\">\n\t\t\t\t\t\t\t<div class=\"elementor-wrapper elementor-open-inline\">\n\t\t\t<div class=\"elementor-video\"><\/div>\t\t<\/div>\n\t\t\t\t\t\t<\/div>\n\t\t\t\t<\/div>\n\t\t\t\t<div class=\"elementor-element elementor-element-fe64e6b elementor-widget elementor-widget-video\" data-id=\"fe64e6b\" data-element_type=\"widget\" data-e-type=\"widget\" data-settings=\"{&quot;youtube_url&quot;:&quot;https:\\\/\\\/youtube.com\\\/shorts\\\/Or1FPoh-fDo?si=1IlEv7ceTwOoGj1w&quot;,&quot;video_type&quot;:&quot;youtube&quot;,&quot;controls&quot;:&quot;yes&quot;}\" data-widget_type=\"video.default\">\n\t\t\t\t<div class=\"elementor-widget-container\">\n\t\t\t\t\t\t\t<div class=\"elementor-wrapper elementor-open-inline\">\n\t\t\t<div class=\"elementor-video\"><\/div>\t\t<\/div>\n\t\t\t\t\t\t<\/div>\n\t\t\t\t<\/div>\n\t\t\t\t<\/div>\n\t\t\t\t\t<\/div>\n\t\t\t\t<\/div>\n\t\t\t\t<\/div>\n\t\t","protected":false},"excerpt":{"rendered":"<p>Spedizione di Popper dalla Svizzera \/ servizio di ritiro Spediamo i Popper esclusivamente dalla Svizzera tramite la Posta Svizzera. Questo garantisce che non ci siano problemi doganali e che il pacco arrivi rapidamente, entro 1-2 giorni lavorativi. Ci\u00f2 significa che invieremo il pacco il giorno in cui riceveremo il denaro. In caso di pagamento con [&hellip;]<\/p>\n","protected":false},"author":1,"featured_media":91284,"parent":0,"menu_order":0,"comment_status":"closed","ping_status":"closed","template":"elementor_header_footer","meta":{"_acf_changed":false,"iawp_total_views":163,"_glsr_average":0,"_glsr_ranking":0,"_glsr_reviews":0,"footnotes":""},"class_list":["post-3306","page","type-page","status-publish","has-post-thumbnail","hentry"],"acf":[],"_links":{"self":[{"href":"https:\/\/poppers-online.ch\/it\/wp-json\/wp\/v2\/pages\/3306","targetHints":{"allow":["GET"]}}],"collection":[{"href":"https:\/\/poppers-online.ch\/it\/wp-json\/wp\/v2\/pages"}],"about":[{"href":"https:\/\/poppers-online.ch\/it\/wp-json\/wp\/v2\/types\/page"}],"author":[{"embeddable":true,"href":"https:\/\/poppers-online.ch\/it\/wp-json\/wp\/v2\/users\/1"}],"replies":[{"embeddable":true,"href":"https:\/\/poppers-online.ch\/it\/wp-json\/wp\/v2\/comments?post=3306"}],"version-history":[{"count":2,"href":"https:\/\/poppers-online.ch\/it\/wp-json\/wp\/v2\/pages\/3306\/revisions"}],"predecessor-version":[{"id":143990,"href":"https:\/\/poppers-online.ch\/it\/wp-json\/wp\/v2\/pages\/3306\/revisions\/143990"}],"wp:featuredmedia":[{"embeddable":true,"href":"https:\/\/poppers-online.ch\/it\/wp-json\/wp\/v2\/media\/91284"}],"wp:attachment":[{"href":"https:\/\/poppers-online.ch\/it\/wp-json\/wp\/v2\/media?parent=3306"}],"curies":[{"name":"wp","href":"https:\/\/api.w.org\/{rel}","templated":true}]}}