{"id":3062,"date":"2021-09-22T15:52:21","date_gmt":"2021-09-22T13:52:21","guid":{"rendered":"https:\/\/poppers.novatask.biz\/privacy\/"},"modified":"2023-11-13T14:55:25","modified_gmt":"2023-11-13T13:55:25","slug":"privacy","status":"publish","type":"page","link":"https:\/\/poppers-online.ch\/it\/privacy\/","title":{"rendered":"Privacy"},"content":{"rendered":"\t\t<div data-elementor-type=\"wp-page\" data-elementor-id=\"3062\" class=\"elementor elementor-3062 elementor-266\" data-elementor-post-type=\"page\">\n\t\t\t\t\t\t<section class=\"elementor-section elementor-top-section elementor-element elementor-element-d97c948 elementor-section-boxed elementor-section-height-default elementor-section-height-default\" data-id=\"d97c948\" data-element_type=\"section\" data-e-type=\"section\">\n\t\t\t\t\t\t<div class=\"elementor-container elementor-column-gap-default\">\n\t\t\t\t\t<div class=\"elementor-column elementor-col-100 elementor-top-column elementor-element elementor-element-e0e03f2\" data-id=\"e0e03f2\" data-element_type=\"column\" data-e-type=\"column\">\n\t\t\t<div class=\"elementor-widget-wrap elementor-element-populated\">\n\t\t\t\t\t\t<div class=\"elementor-element elementor-element-b755ad1 elementor-widget elementor-widget-heading\" data-id=\"b755ad1\" data-element_type=\"widget\" data-e-type=\"widget\" data-widget_type=\"heading.default\">\n\t\t\t\t<div class=\"elementor-widget-container\">\n\t\t\t\t\t<h1 class=\"elementor-heading-title elementor-size-default\">privacy<\/h1>\t\t\t\t<\/div>\n\t\t\t\t<\/div>\n\t\t\t\t\t<\/div>\n\t\t<\/div>\n\t\t\t\t\t<\/div>\n\t\t<\/section>\n\t\t\t\t<section class=\"elementor-section elementor-top-section elementor-element elementor-element-866b82a elementor-section-boxed elementor-section-height-default elementor-section-height-default\" data-id=\"866b82a\" data-element_type=\"section\" data-e-type=\"section\">\n\t\t\t\t\t\t<div class=\"elementor-container elementor-column-gap-default\">\n\t\t\t\t\t<div class=\"elementor-column elementor-col-100 elementor-top-column elementor-element elementor-element-711b3a9\" data-id=\"711b3a9\" data-element_type=\"column\" data-e-type=\"column\">\n\t\t\t<div class=\"elementor-widget-wrap elementor-element-populated\">\n\t\t\t\t\t\t<div class=\"elementor-element elementor-element-b7dd365 elementor-widget elementor-widget-text-editor\" data-id=\"b7dd365\" data-element_type=\"widget\" data-e-type=\"widget\" data-widget_type=\"text-editor.default\">\n\t\t\t\t<div class=\"elementor-widget-container\">\n\t\t\t\t\t\t\t\t\t<p>La protezione della tua privacy e dei tuoi dati \u00e8 molto importante per noi. In tutte le procedure di elaborazione dei dati (ad es. raccolta, elaborazione e trasmissione), procediamo in conformit\u00e0 con le disposizioni di legge.<\/p>\n<p>Possiamo adattare la nostra dichiarazione sulla protezione dei dati in qualsiasi momento pubblicandola su questo sito web.<\/p>\n<p>Si accede al nostro sito web utilizzando la crittografia di trasporto (SSL \/ TLS).<\/p>\n<p>Il nostro sito web pu\u00f2 essere generalmente utilizzato senza fornire alcun dato personale. Tuttavia, se desideri utilizzare i servizi tramite il nostro sito Web, potrebbe essere necessario trattare i dati personali. I tuoi dati vengono raccolti anche quando ce li fornisci. Trattiamo i dati personali per la durata necessaria per il rispettivo scopo o scopi. Questi dati vengono parzialmente trasmessi a terzi in conformit\u00e0 con questa dichiarazione sulla protezione dei dati.<\/p>\n<p><strong>Trattamento dei dati personali <\/strong><\/p>\n<p>I dati personali sono tutte le informazioni che si riferiscono a una persona specifica o identificabile. Un interessato \u00e8 una persona di cui vengono trattati i dati personali. Il trattamento comprende tutto il trattamento dei dati personali, indipendentemente dai mezzi e dalle procedure utilizzate, in particolare la conservazione, la divulgazione, l&#8217;acquisizione, la cancellazione, la conservazione, la modifica, la distruzione e l&#8217;utilizzo dei dati personali.<\/p>\n<p>Trattiamo i dati personali in conformit\u00e0 con la legge svizzera sulla protezione dei dati. Inoltre, elaboriamo &#8211; nella misura e nella misura in cui il GDPR \u00e8 applicabile &#8211; i dati personali in conformit\u00e0 con le seguenti basi legali:<\/p>\n<ul>\n<li>6 par. 1 lit. a GDPR per il trattamento dei dati personali con il consenso dell&#8217;interessato.<\/li>\n<li>6 par. 1 lit. b GDPR per il trattamento dei dati personali necessario per adempiere a un contratto con l&#8217;interessato e per eseguire le corrispondenti misure precontrattuali.<\/li>\n<li>6 par. 1 lit. c GDPR per il trattamento necessario dei dati personali per adempiere a un obbligo legale al quale siamo soggetti in conformit\u00e0 con qualsiasi legge applicabile dell&#8217;UE o in conformit\u00e0 con qualsiasi legge applicabile di un paese in cui il GDPR \u00e8 applicabile in tutto o in parte.<\/li>\n<li>6 par. 1 lit. d GDPR per il trattamento necessario dei dati personali al fine di proteggere gli interessi vitali dell&#8217;interessato o di un&#8217;altra persona fisica.<\/li>\n<li>6 par. 1 lit. f GDPR per il trattamento necessario dei dati personali al fine di proteggere i legittimi interessi nostri o di terzi, a condizione che non prevalgano le libert\u00e0, i diritti e gli interessi fondamentali dell&#8217;interessato. Gli interessi legittimi sono in particolare i nostri interessi commerciali nel poter fornire il nostro sito Web, la sicurezza delle informazioni, l&#8217;applicazione delle nostre rivendicazioni legali e il rispetto della legge svizzera.<\/li>\n<\/ul>\n<p>Trattiamo i dati personali per la durata necessaria per il rispettivo scopo o scopi. In caso di obblighi di conservazione a lungo termine dovuti a obblighi legali e di altro tipo a cui siamo soggetti, limitiamo il trattamento di conseguenza.<\/p>\n<p><strong>Biscotti<\/strong><\/p>\n<p>Il sito web utilizza i cosiddetti cookie. I cookie non danneggiano il tuo computer e non contengono virus. I cookie servono a rendere la nostra offerta pi\u00f9 user-friendly, pi\u00f9 efficace e pi\u00f9 sicura. I cookie sono piccoli file di testo che vengono memorizzati sul tuo computer e salvati dal tuo browser.<\/p>\n<p>La maggior parte dei cookie che utilizziamo sono i cosiddetti &#8220;cookie di sessione&#8221;. Vengono automaticamente cancellati dopo la tua visita. Altri cookie rimangono memorizzati sul tuo dispositivo fino a quando non li elimini. Questi cookie ci consentono di riconoscere il tuo browser la prossima volta che visiti.<\/p>\n<p>\u00c8 possibile impostare il browser in modo da essere informati sull&#8217;impostazione dei cookie e consentire i cookie solo in singoli casi, escludere l&#8217;accettazione dei cookie in determinati casi o in generale e attivare la cancellazione automatica dei cookie alla chiusura del browser. Se i cookie sono disattivati, la funzionalit\u00e0 di questo sito Web potrebbe essere limitata.<\/p>\n<p><strong>Moduli e newsletter <\/strong><\/p>\n<p>Sul nostro sito web \u00e8 possibile compilare moduli e iscriversi a newsletter. Archiviamo le informazioni che i visitatori del nostro sito web raccolgono da soli. Inoltre, possiamo salvare l&#8217;indirizzo IP, nonch\u00e9 l&#8217;ora e la data per combattere l&#8217;uso improprio, in particolare il furto di identit\u00e0 e lo spam.<\/p>\n<p>\u00c8 possibile annullare l&#8217;iscrizione alla newsletter per ogni singola email di newsletter. Le newsletter possono contenere grafici e\/o collegamenti Web che registrano personalmente se una singola newsletter \u00e8 stata aperta in un&#8217;applicazione di posta elettronica e su quali collegamenti Web \u00e8 stato fatto clic. Tali grafici e\/o collegamenti web registrano l&#8217;utilizzo delle newsletter per garantire la qualit\u00e0 e consentire miglioramenti alla newsletter.<\/p>\n<p><strong>Servizi di terze parti <\/strong><\/p>\n<p>La newsletter viene inviata tramite &#8220;MailChimp&#8221;, una piattaforma di distribuzione di newsletter del provider statunitense Rocket Science Group, LLC, 675 Ponce De Leon Ave NE # 5000, Atlanta, GA 30308, USA.<\/p>\n<p>Gli indirizzi e-mail dei destinatari della nostra newsletter, cos\u00ec come gli altri loro dati descritti in questa informativa, sono archiviati sui server di MailChimp negli Stati Uniti. MailChimp utilizza queste informazioni per inviare e valutare la newsletter per nostro conto. Inoltre, secondo le proprie informazioni, MailChimp pu\u00f2 utilizzare questi dati per ottimizzare o migliorare i propri servizi, ad esempio per l&#8217;ottimizzazione tecnica dell&#8217;invio e della presentazione della newsletter o per scopi economici al fine di determinare da quali paesi provengono i destinatari. Tuttavia, MailChimp non utilizza i dati dei nostri destinatari della newsletter per scrivere loro stessi o per trasmetterli a terzi.<\/p>\n<p>Confidiamo nell&#8217;affidabilit\u00e0 e nella sicurezza informatica e dei dati di MailChimp. MailChimp \u00e8 soggetto all&#8217;accordo sulla protezione dei dati USA-UE \/ USA-Svizzera &#8220;<a href=\"https:\/\/www.privacyshield.gov\/participant?id=a2zt0000000TO6hAAG\" target=\"_blank\" rel=\"noopener\"> Scudo per la privacy<\/a> \u00bbCertificato e quindi si impegna a rispettare le normative svizzere e dell&#8217;UE sulla protezione dei dati. Inoltre, con MailChimp abbiamo un \u00ab<a href=\"https:\/\/us1.admin.mailchimp.com\/account\/legal\/forms\/data-processing-agreement\" target=\"_blank\" rel=\"noopener\"> Accordo sul trattamento dei dati<\/a> &#8221; Chiuso. Questo \u00e8 un contratto in cui MailChimp si impegna a proteggere i dati dei nostri utenti, a trattarli per nostro conto in conformit\u00e0 con le sue norme sulla protezione dei dati e, in particolare, a non cederli a terzi. Puoi utilizzare l&#8217;informativa sulla privacy di MailChimp<a href=\"http:\/\/mailchimp.com\/legal\/privacy\/\" target=\"_blank\" rel=\"noopener\"> Vedere qui<\/a> .<\/p>\n<p>Utilizziamo Google Fonts per incorporare i caratteri web. Google Analytics viene utilizzato per valutare il comportamento degli utenti. I servizi di Google Inc. utilizzare i cookie e le informazioni generate dal cookie sull&#8217;utilizzo di questo sito Web vengono generalmente trasferite a un server di Google negli Stati Uniti e ivi memorizzate. Ulteriori informazioni sono disponibili nella dichiarazione sulla protezione dei dati di Google.<\/p>\n<p>Se il tuo browser non supporta i caratteri web, verr\u00e0 visualizzato un carattere standard dal tuo computer.<\/p>\n<p>Il sito web \u00e8 ospitato presso Hostpoint AG su server in Svizzera. Il provider del sito web raccoglie e memorizza automaticamente le informazioni nei cosiddetti file di log del server, che il browser ci trasmette automaticamente. Questi sono: indirizzo IP, tipo e versione del browser, sistema operativo utilizzato, URL di riferimento, nome host del computer che accede e ora della richiesta al server.<\/p>\n<p>Questi dati non possono essere assegnati direttamente a una persona specifica.<\/p>\n<p><strong>Trasmissione dei dati a terzi <\/strong><\/p>\n<p>I dati verranno trasmessi a terzi al di fuori di Oxymoron AG solo se ci\u00f2 \u00e8 necessario, una disposizione legale lo richiede, hai dato il tuo consenso o i processori da noi incaricati hanno contrattualmente accettato di rispettare i requisiti del GDPR. A queste condizioni, fornitori di servizi esterni possono essere destinatari di dati personali. Ci\u00f2 pu\u00f2 essere necessario in particolare durante l&#8217;elaborazione del contratto (anche al di fuori del sito Web), ovvero l&#8217;elaborazione del tuo ordine.<\/p>\n<p><strong>Diritti dell&#8217;interessato <\/strong><\/p>\n<p>I visitatori dei nostri siti web e gli altri soggetti attraverso i quali trattiamo dati personali possono richiedere gratuitamente conferma che sia o meno in corso un trattamento da parte nostra di dati personali e, in tal caso, informazioni sul nostro trattamento dei loro dati personali, avere il trattamento dei loro dati personali limitato e il loro diritto alla portabilit\u00e0 dei dati &#8211; se e nella misura in cui \u00e8 applicabile il GDPR &#8211; percepire, correggere, cancellare (&#8220;diritto all&#8217;oblio&#8221;) o far bloccare i tuoi dati personali, revocare il tuo consenso e sollevare un&#8217;obiezione al trattamento dei tuoi dati personali dati.<\/p>\n<p>Le persone di cui trattiamo i dati personali hanno il diritto di presentare ricorso a un&#8217;autorit\u00e0 di controllo competente per la protezione dei dati. L&#8217;autorit\u00e0 di controllo per la protezione dei dati in Svizzera \u00e8 l&#8217;Incaricato federale della protezione dei dati e della informazione (IFPDT).<\/p>\n<p><strong>Indirizzo di contatto<\/strong><\/p>\n<p>Le richieste delle autorit\u00e0 di controllo e degli interessati possono essere inviate tramite e-mail o posta:<\/p>\n<p>Oxymoron AG<br \/>Grabenstrasse 15a<br \/>6340 Baar<br \/><a href=\"mailto:info@poppers-online.ch\">info@poppers-online.ch<\/a><\/p>\n<p>Baar, 16 luglio 2021<\/p>\n<div id=\"a36bb854c610d44-autofill-overlay-host\" class=\"a36bb854c610d44-autofill-overlay-host\" style=\"position: absolute; z-index: 10; top: 0px; left: 0px; width: 0;\">\n<div style=\"display: hidden;\"> <\/div>\n<\/div>\n<div id=\"a36bb854c610d44-autofill-overlay-host\" class=\"a36bb854c610d44-autofill-overlay-host\" style=\"position: absolute; z-index: 10; top: 0px; left: 0px; width: 0;\">\n<div style=\"display: hidden;\"> <\/div>\n<\/div>\n\t\t\t\t\t\t\t\t<\/div>\n\t\t\t\t<\/div>\n\t\t\t\t<div class=\"elementor-element elementor-element-ec3f121 elementor-widget elementor-widget-spacer\" data-id=\"ec3f121\" data-element_type=\"widget\" data-e-type=\"widget\" data-widget_type=\"spacer.default\">\n\t\t\t\t<div class=\"elementor-widget-container\">\n\t\t\t\t\t\t\t<div class=\"elementor-spacer\">\n\t\t\t<div class=\"elementor-spacer-inner\"><\/div>\n\t\t<\/div>\n\t\t\t\t\t\t<\/div>\n\t\t\t\t<\/div>\n\t\t\t\t\t<\/div>\n\t\t<\/div>\n\t\t\t\t\t<\/div>\n\t\t<\/section>\n\t\t\t\t<\/div>\n\t\t","protected":false},"excerpt":{"rendered":"<p>privacy La protezione della tua privacy e dei tuoi dati \u00e8 molto importante per noi. In tutte le procedure di elaborazione dei dati (ad es. raccolta, elaborazione e trasmissione), procediamo in conformit\u00e0 con le disposizioni di legge. Possiamo adattare la nostra dichiarazione sulla protezione dei dati in qualsiasi momento pubblicandola su questo sito web. Si [&hellip;]<\/p>\n","protected":false},"author":1,"featured_media":0,"parent":0,"menu_order":0,"comment_status":"closed","ping_status":"closed","template":"elementor_header_footer","meta":{"_acf_changed":false,"iawp_total_views":3,"_glsr_average":0,"_glsr_ranking":0,"_glsr_reviews":0,"footnotes":""},"class_list":["post-3062","page","type-page","status-publish","hentry"],"acf":[],"_links":{"self":[{"href":"https:\/\/poppers-online.ch\/it\/wp-json\/wp\/v2\/pages\/3062","targetHints":{"allow":["GET"]}}],"collection":[{"href":"https:\/\/poppers-online.ch\/it\/wp-json\/wp\/v2\/pages"}],"about":[{"href":"https:\/\/poppers-online.ch\/it\/wp-json\/wp\/v2\/types\/page"}],"author":[{"embeddable":true,"href":"https:\/\/poppers-online.ch\/it\/wp-json\/wp\/v2\/users\/1"}],"replies":[{"embeddable":true,"href":"https:\/\/poppers-online.ch\/it\/wp-json\/wp\/v2\/comments?post=3062"}],"version-history":[{"count":0,"href":"https:\/\/poppers-online.ch\/it\/wp-json\/wp\/v2\/pages\/3062\/revisions"}],"wp:attachment":[{"href":"https:\/\/poppers-online.ch\/it\/wp-json\/wp\/v2\/media?parent=3062"}],"curies":[{"name":"wp","href":"https:\/\/api.w.org\/{rel}","templated":true}]}}