{"id":3056,"date":"2021-09-22T15:51:10","date_gmt":"2021-09-22T13:51:10","guid":{"rendered":"https:\/\/poppers.novatask.biz\/condizioni\/"},"modified":"2024-03-07T16:35:17","modified_gmt":"2024-03-07T15:35:17","slug":"condizioni","status":"publish","type":"page","link":"https:\/\/poppers-online.ch\/it\/condizioni\/","title":{"rendered":"Condizioni"},"content":{"rendered":"\t\t<div data-elementor-type=\"wp-page\" data-elementor-id=\"3056\" class=\"elementor elementor-3056 elementor-265\" data-elementor-post-type=\"page\">\n\t\t\t\t\t\t<section class=\"elementor-section elementor-top-section elementor-element elementor-element-e15700a elementor-section-boxed elementor-section-height-default elementor-section-height-default\" data-id=\"e15700a\" data-element_type=\"section\" data-e-type=\"section\">\n\t\t\t\t\t\t<div class=\"elementor-container elementor-column-gap-default\">\n\t\t\t\t\t<div class=\"elementor-column elementor-col-100 elementor-top-column elementor-element elementor-element-08e466d\" data-id=\"08e466d\" data-element_type=\"column\" data-e-type=\"column\">\n\t\t\t<div class=\"elementor-widget-wrap elementor-element-populated\">\n\t\t\t\t\t\t<div class=\"elementor-element elementor-element-36afcfb elementor-widget elementor-widget-heading\" data-id=\"36afcfb\" data-element_type=\"widget\" data-e-type=\"widget\" data-widget_type=\"heading.default\">\n\t\t\t\t<div class=\"elementor-widget-container\">\n\t\t\t\t\t<h1 class=\"elementor-heading-title elementor-size-default\">Termini di servizio<\/h1>\t\t\t\t<\/div>\n\t\t\t\t<\/div>\n\t\t\t\t\t<\/div>\n\t\t<\/div>\n\t\t\t\t\t<\/div>\n\t\t<\/section>\n\t\t\t\t<section class=\"elementor-section elementor-top-section elementor-element elementor-element-e4a2b77 elementor-section-boxed elementor-section-height-default elementor-section-height-default\" data-id=\"e4a2b77\" data-element_type=\"section\" data-e-type=\"section\">\n\t\t\t\t\t\t<div class=\"elementor-container elementor-column-gap-default\">\n\t\t\t\t\t<div class=\"elementor-column elementor-col-100 elementor-top-column elementor-element elementor-element-645e094\" data-id=\"645e094\" data-element_type=\"column\" data-e-type=\"column\">\n\t\t\t<div class=\"elementor-widget-wrap elementor-element-populated\">\n\t\t\t\t\t\t<div class=\"elementor-element elementor-element-3dbbf61 elementor-widget elementor-widget-text-editor\" data-id=\"3dbbf61\" data-element_type=\"widget\" data-e-type=\"widget\" data-widget_type=\"text-editor.default\">\n\t\t\t\t<div class=\"elementor-widget-container\">\n\t\t\t\t\t\t\t\t\t<p>V2 giugno 2021<\/p>\n<p><br><\/p>\n<p><strong>Generale<\/strong><br>Le condizioni generali di contratto e di consegna qui presentate costituiscono la base di un ordine di Oxymoron AG, di seguito denominata Poppers-Online.ch. Ad ogni ordine si applicano le attuali condizioni generali di contratto e di consegna. Questi possono essere modificati da Poppers-Online.ch in qualsiasi momento. Poppers-Online.ch \u00e8 una societ\u00e0 svizzera con sede a Baar. Il foro competente \u00e8 Zugo, Svizzera. Gli ordini su Poppers-Online.ch sono soggetti al diritto svizzero.<\/p>\n<p><br><\/p>\n<p><strong>Rischi ed effetti collaterali<\/strong><br>Con l&#8217;acquisto il cliente conferma di aver letto e compreso le istruzioni per l&#8217;uso e le avvertenze dei prodotti e di essere a conoscenza dei rischi e degli effetti collaterali dei prodotti. In particolare, il cliente conferma di essere consapevole che anche l&#8217;inalazione di nitriti \u00e8 dannosa per la salute e che i prodotti non devono in nessun caso essere bevuti (pericolo per la vita) o consumati con Viagra, ecc. (pressione sanguigna troppo bassa).<\/p>\n<p><strong><br><\/strong><\/p>\n<p><strong>Tutela dei minori<\/strong><br>Vendiamo i nostri prodotti solo agli adulti. Per questo motivo, l&#8217;acquirente conferma ad ogni acquisto di avere almeno 18 anni e di conoscere i rischi e gli effetti collaterali dei prodotti.&nbsp;Inoltre, viene effettuato un controllo dell&#8217;et\u00e0 durante o dopo il checkout.<\/p>\n<p><br><\/p>\n<p><strong>Esclusione di responsabilit\u00e0 sull&#8217;uso del prodotto<\/strong><br>Il cliente conferma espressamente di sollevare Oxymoron AG e tutte le societ\u00e0 e persone direttamente e indirettamente collegate da qualsiasi responsabilit\u00e0 e richiesta di danni che potrebbero derivare dall&#8217;uso dei prodotti.<\/p>\n<p><strong><br><\/strong><\/p>\n<p><strong>Gamma e prezzi<\/strong><br>Poppers-Online.ch pu\u00f2 modificare la gamma e la sua disponibilit\u00e0 in qualsiasi momento e senza preavviso. Le immagini dei prodotti e i contenuti del sito Web sono il pi\u00f9 aggiornati possibile. A causa di modifiche nella confezione e nell&#8217;etichettatura, l&#8217;immagine di un prodotto sul sito Web potrebbe differire leggermente dalla confezione effettiva. I prezzi sono in CHF e incl. l&#8217;IVA di legge.<\/p>\n<p><strong><br><\/strong><\/p>\n<p><strong>Ordine<\/strong><br>Ogni ordine del cliente \u00e8 vincolante e non pu\u00f2 essere annullato. L&#8217;acquisto avviene nel momento in cui viene inviata al cliente la conferma d&#8217;ordine. La spedizione avviene al pi\u00f9 tardi il giorno lavorativo successivo all&#8217;ordine.<\/p>\n<p><strong><br><\/strong><\/p>\n<p><strong>Pagamento e ritardato pagamento<\/strong><br>Il pagamento viene effettuato tramite pagamento anticipato, carta di credito o Twint. Poppers-Online.ch pu\u00f2 anche collaborare con fornitori di servizi di acquisto su conto e quindi cedere il credito a terzi. Si applicano le condizioni standard del rispettivo fornitore di servizi.<\/p>\n<p><strong><br><\/strong><\/p>\n<p><strong>Spedizione<\/strong><br>I prodotti vengono sempre spediti dalla Svizzera con Posta A, risp. Priorit\u00e0.<\/p>\n<p><strong><br><\/strong><\/p>\n<p><strong>Cambio e garanzia<\/strong><br>\u00c8 escluso uno scambio di prodotti. In caso di evidenti danni da trasporto, verr\u00e0 effettuata una consegna sostitutiva completamente o parzialmente gratuita su presentazione di una foto. Il cliente conferma espressamente che solleva Oxymoron AG e tutte le societ\u00e0 e persone direttamente e indirettamente collegate da qualsiasi responsabilit\u00e0 e richiesta di danni che potrebbero derivare dall&#8217;uso dei prodotti o direttamente o indirettamente da un ordine su Poppers-Online.ch.<\/p><p><br><\/p><p><b>Restituzione<\/b><br><span style=\"color: var( --e-global-color-text ); font-size: var( --e-global-typography-text-font-size ); font-weight: var( --e-global-typography-text-font-weight );\">Il prodotto non pu\u00f2 essere restituito per motivi di igiene e per la natura dei prodotti.<\/span><\/p>\n<p><strong><br><\/strong><\/p>\n<p><strong>Privacy<\/strong><br>Con l&#8217;acquisto, il cliente accetta espressamente le nostre linee guida sulla protezione dei dati. Il cliente \u00e8 stato informato del tipo, dell&#8217;ambito, dell&#8217;ubicazione, dello scopo della raccolta, dell&#8217;elaborazione e dell&#8217;utilizzo dei dati personali necessari per l&#8217;esecuzione degli ordini.<\/p>\t\t\t\t\t\t\t\t<\/div>\n\t\t\t\t<\/div>\n\t\t\t\t\t<\/div>\n\t\t<\/div>\n\t\t\t\t\t<\/div>\n\t\t<\/section>\n\t\t\t\t<\/div>\n\t\t","protected":false},"excerpt":{"rendered":"<p>Termini di servizio V2 giugno 2021 GeneraleLe condizioni generali di contratto e di consegna qui presentate costituiscono la base di un ordine di Oxymoron AG, di seguito denominata Poppers-Online.ch. Ad ogni ordine si applicano le attuali condizioni generali di contratto e di consegna. Questi possono essere modificati da Poppers-Online.ch in qualsiasi momento. Poppers-Online.ch \u00e8 una [&hellip;]<\/p>\n","protected":false},"author":1,"featured_media":0,"parent":0,"menu_order":0,"comment_status":"closed","ping_status":"closed","template":"elementor_header_footer","meta":{"_acf_changed":false,"iawp_total_views":7,"_glsr_average":0,"_glsr_ranking":0,"_glsr_reviews":0,"footnotes":""},"class_list":["post-3056","page","type-page","status-publish","hentry"],"acf":[],"_links":{"self":[{"href":"https:\/\/poppers-online.ch\/it\/wp-json\/wp\/v2\/pages\/3056","targetHints":{"allow":["GET"]}}],"collection":[{"href":"https:\/\/poppers-online.ch\/it\/wp-json\/wp\/v2\/pages"}],"about":[{"href":"https:\/\/poppers-online.ch\/it\/wp-json\/wp\/v2\/types\/page"}],"author":[{"embeddable":true,"href":"https:\/\/poppers-online.ch\/it\/wp-json\/wp\/v2\/users\/1"}],"replies":[{"embeddable":true,"href":"https:\/\/poppers-online.ch\/it\/wp-json\/wp\/v2\/comments?post=3056"}],"version-history":[{"count":0,"href":"https:\/\/poppers-online.ch\/it\/wp-json\/wp\/v2\/pages\/3056\/revisions"}],"wp:attachment":[{"href":"https:\/\/poppers-online.ch\/it\/wp-json\/wp\/v2\/media?parent=3056"}],"curies":[{"name":"wp","href":"https:\/\/api.w.org\/{rel}","templated":true}]}}