{"id":99395,"date":"2024-08-12T14:19:35","date_gmt":"2024-08-12T13:04:24","guid":{"rendered":"https:\/\/poppers-online.ch\/produkt\/bator-balm-177ml-creme-de-masturbation-longue-duree-pour-gentlemen\/"},"modified":"2026-04-04T12:13:29","modified_gmt":"2026-04-04T10:13:29","slug":"bator-balm-177ml-creme-de-masturbation-longue-duree-pour-gentlemen","status":"publish","type":"product","link":"https:\/\/poppers-online.ch\/fr\/produit\/bator-balm-177ml-creme-de-masturbation-longue-duree-pour-gentlemen\/","title":{"rendered":"Bator Balm 177ml &#8211; Cr\u00e8me de masturbation longue dur\u00e9e pour gentlemen"},"content":{"rendered":"","protected":false},"excerpt":{"rendered":"<p>Prenez soin de vous afin de pouvoir mieux vous occuper du reste.<\/p>\n<p>Personne n&rsquo;en parle vraiment, mais consid\u00e9rez l&rsquo;importance de la gestion de la libido. C&rsquo;est pourquoi Bator Balm a fait l&rsquo;objet de 10 ann\u00e9es de recherche et de d\u00e9veloppement aux \u00c9tats-Unis. Le cr\u00e9ateur de Bator Balm a pass\u00e9 d&rsquo;interminables heures \u00e0 faire des tests pour obtenir la consistance et la friction parfaites. Des sessions vraiment longues ont \u00e9t\u00e9 n\u00e9cessaires. Il a d\u00e9velopp\u00e9 avec un haut degr\u00e9 d&rsquo;attention, parce que les hommes le m\u00e9ritent. <strong>Bator Balm 177ml &#8211; Gentlemans long lasting Masturbation Creme<\/strong> est la cr\u00e8me de maturation sup\u00e9rieure pour tous les \u00ab\u00a0Edgers\u00a0\u00bb exigeants. Les hommes sont comme des batteries sexuelles. Nous rechargeons notre libido naturellement et en permanence. Cela n\u00e9cessite une gestion efficace pour maintenir notre raison \u00e0 travers la reproduction ou \u00ab\u00a0auto-soin\u00a0\u00bb. Bator Balm a \u00e9t\u00e9 con\u00e7u pour prendre les choses en main. Cela peut durer aussi longtemps que vous le pouvez. Concentrez-vous sur votre divertissement sans distractions telles que l&rsquo;ass\u00e8chement fr\u00e9quent de votre meilleur morceau. Apr\u00e8s un grand d\u00e9sordre, il est facile de nettoyer avec une serviette s\u00e8che. Bator Balm laisse une sensation de propret\u00e9 et une odeur fra\u00eeche avec une l\u00e9g\u00e8re touche de bois de c\u00e8dre et de r\u00e9sine de copal. Prenez bien soin de vous pour pouvoir prendre encore mieux soin des autres.    <\/p>\n<p>Les hommes sont comme des batteries sexuelles.<br \/>\nNous rechargeons naturellement et constamment notre libido.<br \/>\nCela n\u00e9cessite une gestion efficace pour garder notre raison en se reproduisant ou en \u00ab\u00a0prenant soin de soi\u00a0\u00bb.<br \/>\nBator Balm a \u00e9t\u00e9 con\u00e7u pour vous aider \u00e0 prendre les choses en main.<br \/>\nCela peut durer aussi longtemps que vous le pouvez.<br \/>\nConcentrez-vous sur votre divertissement sans distractions telles que l&rsquo;ass\u00e8chement fr\u00e9quent de votre meilleur morceau.<br \/>\nApr\u00e8s un grand d\u00e9sordre, il est facile de nettoyer avec une serviette s\u00e8che.<br \/>\nBator Balm laisse une sensation de propret\u00e9 et une odeur fra\u00eeche avec une l\u00e9g\u00e8re touche de bois de c\u00e8dre et de r\u00e9sine de copal.<br \/>\nPrenez bien soin de vous pour pouvoir prendre encore mieux soin des autres.        <\/p>\n<p>Obtenez un verre plein de pur plaisir masculin, sp\u00e9cialement con\u00e7u pour les longues sessions de me-time. Notez que le Bator Balm se liqu\u00e9fie lorsqu&rsquo;il est conserv\u00e9 \u00e0 des temp\u00e9ratures \u00e9lev\u00e9es. Ne vous inqui\u00e9tez pas si cela se produit. Laissez le baume \u00e0 temp\u00e9rature ambiante. Il se solidifiera et sera pr\u00eat pour votre prochain self-care.    <\/p>\n","protected":false},"featured_media":99387,"comment_status":"open","ping_status":"closed","template":"","meta":{"_acf_changed":false,"iawp_total_views":98,"_glsr_average":0,"_glsr_ranking":0,"_glsr_reviews":0},"product_brand":[],"product_cat":[2067,166],"product_tag":[],"class_list":{"0":"post-99395","1":"product","2":"type-product","3":"status-publish","4":"has-post-thumbnail","6":"product_cat-lubrifiant","7":"product_cat-droguerie","9":"first","10":"instock","11":"taxable","12":"shipping-taxable","13":"purchasable","14":"product-type-simple"},"acf":[],"_links":{"self":[{"href":"https:\/\/poppers-online.ch\/fr\/wp-json\/wp\/v2\/product\/99395","targetHints":{"allow":["GET"]}}],"collection":[{"href":"https:\/\/poppers-online.ch\/fr\/wp-json\/wp\/v2\/product"}],"about":[{"href":"https:\/\/poppers-online.ch\/fr\/wp-json\/wp\/v2\/types\/product"}],"replies":[{"embeddable":true,"href":"https:\/\/poppers-online.ch\/fr\/wp-json\/wp\/v2\/comments?post=99395"}],"wp:featuredmedia":[{"embeddable":true,"href":"https:\/\/poppers-online.ch\/fr\/wp-json\/wp\/v2\/media\/99387"}],"wp:attachment":[{"href":"https:\/\/poppers-online.ch\/fr\/wp-json\/wp\/v2\/media?parent=99395"}],"wp:term":[{"taxonomy":"product_brand","embeddable":true,"href":"https:\/\/poppers-online.ch\/fr\/wp-json\/wp\/v2\/product_brand?post=99395"},{"taxonomy":"product_cat","embeddable":true,"href":"https:\/\/poppers-online.ch\/fr\/wp-json\/wp\/v2\/product_cat?post=99395"},{"taxonomy":"product_tag","embeddable":true,"href":"https:\/\/poppers-online.ch\/fr\/wp-json\/wp\/v2\/product_tag?post=99395"}],"curies":[{"name":"wp","href":"https:\/\/api.w.org\/{rel}","templated":true}]}}