{"id":99369,"date":"2024-08-12T13:05:47","date_gmt":"2024-08-12T11:05:47","guid":{"rendered":"https:\/\/poppers-online.ch\/produkt\/sniff-it-hard-city-poppers-combo\/"},"modified":"2026-03-02T13:26:35","modified_gmt":"2026-03-02T12:26:35","slug":"sniff-it-hard-city-poppers-combo","status":"publish","type":"product","link":"https:\/\/poppers-online.ch\/fr\/produit\/sniff-it-hard-city-poppers-combo\/","title":{"rendered":"Sniff It Hard City Poppers Combo"},"content":{"rendered":"","protected":false},"excerpt":{"rendered":"<p><strong>Le combo Sniff It Hard City Poppers<\/strong> se compose de deux flacons de Poppers : Berlin Ultra Strong 10ml, Paris Poppers XTRA Strong 30ml et le flacon anti-fuite XTRM Kinky SNFFR Leakproof Double Small Black.<\/p>\n<p><strong>Le Berlin Ultra Strong Poppers 10ml<\/strong> est nouveau sur le march\u00e9 suisse depuis 2022. Il est bas\u00e9 sur le nitrite de pentyle original. Ce Poppers ultra puissant vous apporte les possibilit\u00e9s sauvages et exub\u00e9rantes de la capitale queer, y compris Kitkat et Berghain Berlin, et vous permet, \u00e0 vous et \u00e0 vos amis, de vivre intens\u00e9ment les vibes berlinoises \u00e0 la maison.<\/p>\n<p>Le <strong>Paris Poppers XTRA STRONG 30ml<\/strong> est inspir\u00e9 de notre p\u00e9riode excitante et excit\u00e9e \u00e0 Paris fin 2023 et peu apr\u00e8s. Le Poppers Paris Poppers XTRA STRONG 30ml contient du nitrite d&rsquo;alkyle, appel\u00e9 nitrite d&rsquo;hexyle, qui est consid\u00e9r\u00e9 comme le moins nocif pour la sant\u00e9. Avec une intensit\u00e9 de 6 sur 6, Paris Poppers XTRA STRONG Poppers 30ml est l&rsquo;un des poppers les plus forts du march\u00e9 et est disponible dans un flacon de 30ml avec un bouchon facile \u00e0 ouvrir.   Paris est la ville de l&rsquo;amour et de la passion.<\/p>\n<p><strong>Poppers Booster Cap XTRM Kinky SNFFR Leakproof Double Small Black<\/strong> porte l&rsquo;inhalation de poppers \u00e0 un nouveau niveau ultime. Gr\u00e2ce \u00e0 son canal de kick 5 fois plus grand et \u00e0 son volume d&rsquo;air plus important, le XTRM Kinky SNFFR offre une puissance suppl\u00e9mentaire ultime. Lorsque les choses s&#8217;emballent imm\u00e9diatement apr\u00e8s avoir sniff\u00e9 des poppers, il arrive que le flacon de poppers se renverse et que l&rsquo;on se retrouve avec une fuite. Ce n&rsquo;est que lorsque vous appuyez sur le bouton-poussoir robuste situ\u00e9 sur le c\u00f4t\u00e9 de l&#8217;embout que le Poppers s&rsquo;\u00e9coule du flacon par le canal de kick. Lorsque vous rel\u00e2chez le bouton-poussoir, le sniffer est \u00e0 nouveau \u00e9tanche \u00e0 100% et le Poppers reste dans le flacon, m\u00eame si celui-ci se renverse parce qu&rsquo;il fait chaud.    <\/p>\n","protected":false},"featured_media":130020,"comment_status":"open","ping_status":"closed","template":"","meta":{"_acf_changed":false,"iawp_total_views":34,"_glsr_average":0,"_glsr_ranking":0,"_glsr_reviews":0},"product_brand":[],"product_cat":[1046,76,77,78,149,1303],"product_tag":[],"class_list":{"0":"post-99369","1":"product","2":"type-product","3":"status-publish","4":"has-post-thumbnail","6":"product_cat-poppers","7":"product_cat-paquets-economiques","8":"product_cat-grands-flacons","9":"product_cat-petits-flacons","10":"product_cat-accessoires-poppers","11":"product_cat-booster-caps","12":"pa_flaschenform-rond-petit","13":"pa_gewindegroesse-small","14":"pa_inhalt-combo","15":"pa_inhalt-30ml","16":"pa_inhalt-10ml","17":"pa_inhaltsstoffe-nitrite-de-pentyle","18":"pa_inhaltsstoffe-nitrite-dhexyle","19":"pa_marke-edition-oxy","20":"pa_marke-royal-hexagon-fr","21":"pa_staerke-91","23":"first","24":"instock","25":"sale","26":"taxable","27":"shipping-taxable","28":"purchasable","29":"product-type-simple"},"acf":[],"_links":{"self":[{"href":"https:\/\/poppers-online.ch\/fr\/wp-json\/wp\/v2\/product\/99369","targetHints":{"allow":["GET"]}}],"collection":[{"href":"https:\/\/poppers-online.ch\/fr\/wp-json\/wp\/v2\/product"}],"about":[{"href":"https:\/\/poppers-online.ch\/fr\/wp-json\/wp\/v2\/types\/product"}],"replies":[{"embeddable":true,"href":"https:\/\/poppers-online.ch\/fr\/wp-json\/wp\/v2\/comments?post=99369"}],"wp:featuredmedia":[{"embeddable":true,"href":"https:\/\/poppers-online.ch\/fr\/wp-json\/wp\/v2\/media\/130020"}],"wp:attachment":[{"href":"https:\/\/poppers-online.ch\/fr\/wp-json\/wp\/v2\/media?parent=99369"}],"wp:term":[{"taxonomy":"product_brand","embeddable":true,"href":"https:\/\/poppers-online.ch\/fr\/wp-json\/wp\/v2\/product_brand?post=99369"},{"taxonomy":"product_cat","embeddable":true,"href":"https:\/\/poppers-online.ch\/fr\/wp-json\/wp\/v2\/product_cat?post=99369"},{"taxonomy":"product_tag","embeddable":true,"href":"https:\/\/poppers-online.ch\/fr\/wp-json\/wp\/v2\/product_tag?post=99369"}],"curies":[{"name":"wp","href":"https:\/\/api.w.org\/{rel}","templated":true}]}}