{"id":99250,"date":"2024-08-10T15:15:41","date_gmt":"2024-08-10T13:15:41","guid":{"rendered":"https:\/\/poppers-online.ch\/produkt\/play-deep-poppers-combo\/"},"modified":"2026-03-02T13:07:28","modified_gmt":"2026-03-02T12:07:28","slug":"play-deep-poppers-combo","status":"publish","type":"product","link":"https:\/\/poppers-online.ch\/fr\/produit\/play-deep-poppers-combo\/","title":{"rendered":"Play Deep Poppers Combo"},"content":{"rendered":"","protected":false},"excerpt":{"rendered":"<p><strong>Le combo Play Deep Poppers<\/strong> se compose de 3 flacons de poppers : GLORY HOLE Poppers 10ml, ALL BLACK Extra Strong Poppers 30ml et BDSM ULTRA Poppers 24ml.<\/p>\n<p><strong>GLORY HOLE Poppers 10ml<\/strong> est sur le march\u00e9 depuis 2023 et contient l&rsquo;ancien vrai nitrite de pentyle. Ce poppers est destin\u00e9 \u00e0 tous les fans d&rsquo;oral dont la bouche n&rsquo;en a jamais assez. Gr\u00e2ce \u00e0 l&rsquo;<g id=\"gid_1\">intensit\u00e9 6 de<\/g> ce flacon, tu en veux toujours plus, que tu sois fan de Gloryhole ou expert en mati\u00e8re d&rsquo;hygi\u00e8ne buccale. GLORY HOLE Poppers est \u00e9galement disponible en flacon de 24 ml.   <\/p>\n<p><strong>BLACK FIST Extra Strong Poppers 30ml <\/strong>est extra fort et t\u2019excite \u00e0 ins\u00e9rer ton gode pr\u00e9f\u00e9r\u00e9 de ALL BLACK dans ton trou d\u00e9tendu et \u00e9tir\u00e9. BLACK FIST Extra Strong Poppers 30ml contient du nitrite d\u2019alkyle, appel\u00e9 nitrite d\u2019hexyle, consid\u00e9r\u00e9 comme le moins nocif pour la sant\u00e9. Avec une intensit\u00e9 de 6, BLACK FIST Extra Strong Poppers est l\u2019un des poppers les plus puissants du march\u00e9 et est disponible en flacon de 30 ml avec un bouchon facile \u00e0 ouvrir. Profite d\u2019exp\u00e9riences sexuelles sans fin avec tes godemich\u00e9s noirs ALL BLACK et de sessions Fist torrides et assure-toi une sortie vers le monde avec BLACK FIST Extra Strong Poppers.   <\/p>\n<p>Le <strong>poppers BDSM ULTRA 24ml<\/strong> est sur le march\u00e9 depuis 2023 et contient l\u2019ancien vrai pentyl nitrite. Ce poppers avanc\u00e9 n\u2019est pas destin\u00e9 \u00e0 n\u2019importe qui \u2013 chaque esclave soumis en aura pour son argent. Gr\u00e2ce \u00e0 l&rsquo;<g id=\"gid_1\">intensit\u00e9 6 de<\/g> ce flacon, toi et chaque soumis en profiterez durablement. Il est \u00e9galement disponible en flacon de 10 ml.   <\/p>\n","protected":false},"featured_media":102937,"comment_status":"open","ping_status":"closed","template":"","meta":{"_acf_changed":false,"iawp_total_views":17,"_glsr_average":0,"_glsr_ranking":0,"_glsr_reviews":0},"product_brand":[],"product_cat":[1046,76,77,78],"product_tag":[],"class_list":{"0":"post-99250","1":"product","2":"type-product","3":"status-publish","4":"has-post-thumbnail","6":"product_cat-poppers","7":"product_cat-paquets-economiques","8":"product_cat-grands-flacons","9":"product_cat-petits-flacons","10":"pa_flaschenform-rond-petit","11":"pa_gewindegroesse-small","12":"pa_inhalt-combo","13":"pa_inhalt-30ml","14":"pa_inhalt-24ml","15":"pa_inhalt-10ml","16":"pa_inhaltsstoffe-nitrite-de-pentyle","17":"pa_inhaltsstoffe-nitrite-dhexyle","18":"pa_marke-edition-oxy","19":"pa_marke-royal-hexagon-fr","20":"pa_staerke-91","22":"first","23":"instock","24":"sale","25":"taxable","26":"shipping-taxable","27":"purchasable","28":"product-type-simple"},"acf":[],"_links":{"self":[{"href":"https:\/\/poppers-online.ch\/fr\/wp-json\/wp\/v2\/product\/99250","targetHints":{"allow":["GET"]}}],"collection":[{"href":"https:\/\/poppers-online.ch\/fr\/wp-json\/wp\/v2\/product"}],"about":[{"href":"https:\/\/poppers-online.ch\/fr\/wp-json\/wp\/v2\/types\/product"}],"replies":[{"embeddable":true,"href":"https:\/\/poppers-online.ch\/fr\/wp-json\/wp\/v2\/comments?post=99250"}],"wp:featuredmedia":[{"embeddable":true,"href":"https:\/\/poppers-online.ch\/fr\/wp-json\/wp\/v2\/media\/102937"}],"wp:attachment":[{"href":"https:\/\/poppers-online.ch\/fr\/wp-json\/wp\/v2\/media?parent=99250"}],"wp:term":[{"taxonomy":"product_brand","embeddable":true,"href":"https:\/\/poppers-online.ch\/fr\/wp-json\/wp\/v2\/product_brand?post=99250"},{"taxonomy":"product_cat","embeddable":true,"href":"https:\/\/poppers-online.ch\/fr\/wp-json\/wp\/v2\/product_cat?post=99250"},{"taxonomy":"product_tag","embeddable":true,"href":"https:\/\/poppers-online.ch\/fr\/wp-json\/wp\/v2\/product_tag?post=99250"}],"curies":[{"name":"wp","href":"https:\/\/api.w.org\/{rel}","templated":true}]}}