{"id":98331,"date":"2024-07-24T17:10:46","date_gmt":"2024-07-24T15:10:46","guid":{"rendered":"https:\/\/poppers-online.ch\/produkt\/kinky-city-sex-poppers-combo\/"},"modified":"2025-10-23T13:44:45","modified_gmt":"2025-10-23T11:44:45","slug":"kinky-city-sex-poppers-combo","status":"publish","type":"product","link":"https:\/\/poppers-online.ch\/fr\/produit\/kinky-city-sex-poppers-combo\/","title":{"rendered":"Kinky City Sex Poppers Combo"},"content":{"rendered":"","protected":false},"excerpt":{"rendered":"<p>Le Kinky City Sex Poppers Combo se compose de trois flacons de poppers : <strong>Z\u00fcrich Poppers 24ml, Amsterdam Special 30ml et Paris Poppers XTRA STRONG 30ml.<\/strong> <\/p>\n<p>&nbsp;<\/p>\n<p><strong>Zurich Poppers 24ml<\/strong> est sur le march\u00e9 depuis 2023 et contient l&rsquo;ancien v\u00e9ritable nitrite de pentyle. Apr\u00e8s Amsterdam Poppers et Berlin Poppers, voici enfin Zurich Poppers. Zurich n&rsquo;est pas seulement synonyme de Zwingli, de Pestalozzi, du Sechsel\u00e4uten et du Knabenschiessen. Zurich est la m\u00e9tropole gay de Suisse et est consid\u00e9r\u00e9e comme la ville la plus gay-friendly de Suisse. C&rsquo;est pourquoi nous avons d\u00e9di\u00e9 le Poppers Zurich d&rsquo;<g id=\"gid_1\"> intensit\u00e9 6<\/g> \u00e0 cette ville que nous aimons par-dessus tout. Zurich, continue \u00e0 \u00eatre aussi ouverte envers nous tous.     <\/p>\n<p>&nbsp;<\/p>\n<p>Avec <strong>Amsterdam Special 30ml<\/strong> du fabricant canadien Lockerroom, tu n\u2019as pas besoin de te rendre \u00e0 Amsterdam pour d\u00e9couvrir le parfum excitant de la ville. Apporte chez toi un peu du style de vie n\u00e9erlandais. Depuis de nombreuses ann\u00e9es, c\u2019est l\u2019un des poppers \u00e0 base de nitrite d\u2019hexyle les plus populaires de notre assortiment.  <\/p>\n<p>&nbsp;<\/p>\n<p>Le <strong>Paris Poppers XTRA STRONG 30ml <\/strong>est inspir\u00e9 de notre p\u00e9riode excitante et excit\u00e9e \u00e0 Paris fin 2023 et peu apr\u00e8s. Ce poppers contient du nitrite d\u2019alkyle, appel\u00e9 nitrite d\u2019hexyle, consid\u00e9r\u00e9 comme le moins nocif pour la sant\u00e9. Avec une intensit\u00e9 6, ce flacon de 30ml avec bouchon facile \u00e0 ouvrir est l\u2019un des poppers les plus forts du march\u00e9. Nous l\u2019avons litt\u00e9ralement test\u00e9 lors de notre s\u00e9jour \u00e0 Paris. St\u00e9phane, 22 ans, est sp\u00e9cialement rentr\u00e9 pour te faire d\u00e9couvrir quelques superbes arrondissements parisiens. Il nous a \u00e9galement montr\u00e9 \u00e0 quel point les Parisiens sont f\u00e9tichistes, passionn\u00e9s, d\u00e9vou\u00e9s et pers\u00e9v\u00e9rants. St\u00e9phane, nous ne t\u2019oublierons jamais ! Vive Paris ! Nous reviendrons.         <\/p>\n","protected":false},"featured_media":98321,"comment_status":"open","ping_status":"closed","template":"","meta":{"_acf_changed":false,"iawp_total_views":10,"_glsr_average":0,"_glsr_ranking":0,"_glsr_reviews":0},"product_brand":[],"product_cat":[1046,76,77],"product_tag":[],"class_list":{"0":"post-98331","1":"product","2":"type-product","3":"status-publish","4":"has-post-thumbnail","6":"product_cat-poppers","7":"product_cat-paquets-economiques","8":"product_cat-grands-flacons","9":"pa_flaschenform-rond-petit","10":"pa_gewindegroesse-small","11":"pa_inhalt-combo","12":"pa_inhalt-30ml","13":"pa_inhalt-24ml","14":"pa_inhaltsstoffe-nitrite-de-pentyle","15":"pa_marke-amsterdam-poppers","16":"pa_marke-edition-oxy","17":"pa_marke-lockerroom-poppers","18":"pa_marke-royal-hexagon-fr","19":"pa_staerke-91","21":"first","22":"instock","23":"sale","24":"taxable","25":"shipping-taxable","26":"purchasable","27":"product-type-simple"},"acf":[],"_links":{"self":[{"href":"https:\/\/poppers-online.ch\/fr\/wp-json\/wp\/v2\/product\/98331","targetHints":{"allow":["GET"]}}],"collection":[{"href":"https:\/\/poppers-online.ch\/fr\/wp-json\/wp\/v2\/product"}],"about":[{"href":"https:\/\/poppers-online.ch\/fr\/wp-json\/wp\/v2\/types\/product"}],"replies":[{"embeddable":true,"href":"https:\/\/poppers-online.ch\/fr\/wp-json\/wp\/v2\/comments?post=98331"}],"wp:featuredmedia":[{"embeddable":true,"href":"https:\/\/poppers-online.ch\/fr\/wp-json\/wp\/v2\/media\/98321"}],"wp:attachment":[{"href":"https:\/\/poppers-online.ch\/fr\/wp-json\/wp\/v2\/media?parent=98331"}],"wp:term":[{"taxonomy":"product_brand","embeddable":true,"href":"https:\/\/poppers-online.ch\/fr\/wp-json\/wp\/v2\/product_brand?post=98331"},{"taxonomy":"product_cat","embeddable":true,"href":"https:\/\/poppers-online.ch\/fr\/wp-json\/wp\/v2\/product_cat?post=98331"},{"taxonomy":"product_tag","embeddable":true,"href":"https:\/\/poppers-online.ch\/fr\/wp-json\/wp\/v2\/product_tag?post=98331"}],"curies":[{"name":"wp","href":"https:\/\/api.w.org\/{rel}","templated":true}]}}