{"id":98328,"date":"2024-07-24T16:23:12","date_gmt":"2024-07-24T15:44:29","guid":{"rendered":"https:\/\/poppers-online.ch\/produkt\/combo-de-poppers-soumis\/"},"modified":"2024-10-24T17:06:41","modified_gmt":"2024-10-24T15:06:41","slug":"combo-de-poppers-soumis","status":"publish","type":"product","link":"https:\/\/poppers-online.ch\/fr\/produit\/combo-de-poppers-soumis\/","title":{"rendered":"Combo de poppers soumis"},"content":{"rendered":"","protected":false},"excerpt":{"rendered":"<p><strong>Le combo Submissive Poppers<\/strong> se compose de deux flacons de poppers : <strong>SUB ZERO Extreme Strong Poppers 30ml et PERVERT SUBBOY Poppers 10ml.<\/strong><\/p>\n<p>&nbsp;<\/p>\n<p><a href=\"https:\/\/poppers-online.ch\/produkt\/sub-zero-extreme-strong-poppers-30ml\/\"><strong>SUB ZERO Extreme Strong Poppers 30ml<\/strong><\/a> est extra fort et vous transforme en Ninja Warrier pendant les rapports sexuels. SUB ZERO Extreme Strong Poppers 30ml contient du nitrite d&rsquo;alkyle, appel\u00e9 nitrite d&rsquo;hexyle, consid\u00e9r\u00e9 comme le moins nocif pour la sant\u00e9. Avec une force de 6 sur 6, SUB ZERO Extreme Strong Poppers 30ml est l&rsquo;un des poppers les plus forts du march\u00e9. Il est disponible dans un flacon de 30ml avec un bouchon facile \u00e0 ouvrir. Aux \u00c9tats-Unis, des solvants Sub Zero contenant du nitrite d&rsquo;isobutyle, un ingr\u00e9dient canc\u00e9rig\u00e8ne, sont vendus comme nettoyants. Nous nous distan\u00e7ons de la vente de nitrite d&rsquo;isobutyle. Vainquez le froid, la glace et les r\u00e9sistances qui s&rsquo;opposent au sexe endiabl\u00e9 et d\u00e9couvrez une nouvelle dimension de plaisir avec le SUB ZERO Extreme Poppers.<\/p>\n<p>&nbsp;<\/p>\n<p><a href=\"https:\/\/poppers-online.ch\/produkt\/pervert-subboy-poppers-10ml\/\"><strong>PERVERT SUBBOY Poppers 10ml<\/strong><\/a> est sur le march\u00e9 depuis 2023 et contient l&rsquo;ancien vrai nitrite de pentyle. Ce poppers ne doit en aucun cas manquer lors de votre prochaine session DOM et SUB. Gr\u00e2ce \u00e0 la <strong>force 6 de<\/strong> ce flacon, n&rsquo;importe quel gar\u00e7on normal devient un SUBBOY soumis et d\u00e9vou\u00e9. Le poppers PERVERT SUBBOY est \u00e9galement disponible en bouteille de 24 ml.   <\/p>\n","protected":false},"featured_media":98314,"comment_status":"open","ping_status":"closed","template":"","meta":{"_acf_changed":false,"iawp_total_views":35,"_glsr_average":0,"_glsr_ranking":0,"_glsr_reviews":0},"product_brand":[],"product_cat":[1046,76,77,78],"product_tag":[],"class_list":{"0":"post-98328","1":"product","2":"type-product","3":"status-publish","4":"has-post-thumbnail","6":"product_cat-poppers","7":"product_cat-paquets-economiques","8":"product_cat-grands-flacons","9":"product_cat-petits-flacons","10":"pa_flaschenform-rond-petit","11":"pa_gewindegroesse-small","12":"pa_inhalt-combo","13":"pa_inhalt-30ml","14":"pa_inhalt-10ml","15":"pa_inhaltsstoffe-nitrite-de-pentyle","16":"pa_marke-royal-hexagon-fr","17":"pa_staerke-91","19":"first","20":"instock","21":"sale","22":"taxable","23":"shipping-taxable","24":"purchasable","25":"product-type-simple"},"acf":[],"_links":{"self":[{"href":"https:\/\/poppers-online.ch\/fr\/wp-json\/wp\/v2\/product\/98328","targetHints":{"allow":["GET"]}}],"collection":[{"href":"https:\/\/poppers-online.ch\/fr\/wp-json\/wp\/v2\/product"}],"about":[{"href":"https:\/\/poppers-online.ch\/fr\/wp-json\/wp\/v2\/types\/product"}],"replies":[{"embeddable":true,"href":"https:\/\/poppers-online.ch\/fr\/wp-json\/wp\/v2\/comments?post=98328"}],"wp:featuredmedia":[{"embeddable":true,"href":"https:\/\/poppers-online.ch\/fr\/wp-json\/wp\/v2\/media\/98314"}],"wp:attachment":[{"href":"https:\/\/poppers-online.ch\/fr\/wp-json\/wp\/v2\/media?parent=98328"}],"wp:term":[{"taxonomy":"product_brand","embeddable":true,"href":"https:\/\/poppers-online.ch\/fr\/wp-json\/wp\/v2\/product_brand?post=98328"},{"taxonomy":"product_cat","embeddable":true,"href":"https:\/\/poppers-online.ch\/fr\/wp-json\/wp\/v2\/product_cat?post=98328"},{"taxonomy":"product_tag","embeddable":true,"href":"https:\/\/poppers-online.ch\/fr\/wp-json\/wp\/v2\/product_tag?post=98328"}],"curies":[{"name":"wp","href":"https:\/\/api.w.org\/{rel}","templated":true}]}}