{"id":97890,"date":"2024-07-19T15:30:09","date_gmt":"2024-07-19T14:24:58","guid":{"rendered":"https:\/\/poppers-online.ch\/produkt\/paris-poppers-xtra-strong-30ml\/"},"modified":"2026-02-15T19:39:55","modified_gmt":"2026-02-15T18:39:55","slug":"paris-poppers-xtra-strong-30ml","status":"publish","type":"product","link":"https:\/\/poppers-online.ch\/fr\/produit\/paris-poppers-xtra-strong-30ml\/","title":{"rendered":"Paris Poppers XTRA STRONG 30ml"},"content":{"rendered":"","protected":false},"excerpt":{"rendered":"<p>Le <strong>Paris Poppers XTRA STRONG 30ml<\/strong> est inspir\u00e9 de notre p\u00e9riode excitante et excit\u00e9e \u00e0 Paris fin 2023 et peu apr\u00e8s. Paris Poppers XTRA STRONG Poppers 30ml contient du nitrite d&rsquo;alkyle, appel\u00e9 nitrite d&rsquo;hexyle, consid\u00e9r\u00e9 comme le moins nocif pour la sant\u00e9. Avec une force de 6 sur 6, Paris Poppers XTRA STRONG 30ml est l&rsquo;un des poppers les plus puissants du march\u00e9 et est disponible en flacon de 30ml avec un bouchon facile \u00e0 ouvrir.<\/p>\n<p>Paris est la ville de l&rsquo;amour et de la passion. Nous l&rsquo;avons litt\u00e9ralement exp\u00e9riment\u00e9 sur notre propre peau lors de notre s\u00e9jour \u00e0 Paris. St\u00e9phane, 22 ans, ne s&rsquo;est pas content\u00e9 de nous faire d\u00e9couvrir quelques superbes arrondissements de Paris. Il nous a \u00e9galement montr\u00e9 \u00e0 quel point les Parisiens sont r\u00e9ellement passionn\u00e9s, d\u00e9vou\u00e9s et pers\u00e9v\u00e9rants. St\u00e9phane, nous ne t&rsquo;oublierons jamais ! Vive Paris ! Nous reviendrons.<\/p>\n","protected":false},"featured_media":97864,"comment_status":"open","ping_status":"closed","template":"","meta":{"_acf_changed":false,"iawp_total_views":4,"_glsr_average":0,"_glsr_ranking":0,"_glsr_reviews":0},"product_brand":[],"product_cat":[1046,77],"product_tag":[],"class_list":{"0":"post-97890","1":"product","2":"type-product","3":"status-publish","4":"has-post-thumbnail","6":"product_cat-poppers","7":"product_cat-grands-flacons","8":"pa_flaschenform-rond-petit","9":"pa_gewindegroesse-small","10":"pa_inhalt-30ml","11":"pa_inhaltsstoffe-nitrite-dhexyle","12":"pa_marke-royal-hexagon-fr","13":"pa_staerke-91","15":"first","16":"instock","17":"taxable","18":"shipping-taxable","19":"purchasable","20":"product-type-simple"},"acf":[],"_links":{"self":[{"href":"https:\/\/poppers-online.ch\/fr\/wp-json\/wp\/v2\/product\/97890","targetHints":{"allow":["GET"]}}],"collection":[{"href":"https:\/\/poppers-online.ch\/fr\/wp-json\/wp\/v2\/product"}],"about":[{"href":"https:\/\/poppers-online.ch\/fr\/wp-json\/wp\/v2\/types\/product"}],"replies":[{"embeddable":true,"href":"https:\/\/poppers-online.ch\/fr\/wp-json\/wp\/v2\/comments?post=97890"}],"wp:featuredmedia":[{"embeddable":true,"href":"https:\/\/poppers-online.ch\/fr\/wp-json\/wp\/v2\/media\/97864"}],"wp:attachment":[{"href":"https:\/\/poppers-online.ch\/fr\/wp-json\/wp\/v2\/media?parent=97890"}],"wp:term":[{"taxonomy":"product_brand","embeddable":true,"href":"https:\/\/poppers-online.ch\/fr\/wp-json\/wp\/v2\/product_brand?post=97890"},{"taxonomy":"product_cat","embeddable":true,"href":"https:\/\/poppers-online.ch\/fr\/wp-json\/wp\/v2\/product_cat?post=97890"},{"taxonomy":"product_tag","embeddable":true,"href":"https:\/\/poppers-online.ch\/fr\/wp-json\/wp\/v2\/product_tag?post=97890"}],"curies":[{"name":"wp","href":"https:\/\/api.w.org\/{rel}","templated":true}]}}