{"id":97312,"date":"2024-07-11T16:10:35","date_gmt":"2024-07-11T14:10:35","guid":{"rendered":"https:\/\/poppers-online.ch\/produkt\/all-black-extra-strong-poppers-30ml\/"},"modified":"2026-03-01T21:45:17","modified_gmt":"2026-03-01T20:45:17","slug":"black-fist-extra-strong-poppers-30ml","status":"publish","type":"product","link":"https:\/\/poppers-online.ch\/fr\/produit\/black-fist-extra-strong-poppers-30ml\/","title":{"rendered":"BLACK FIST Extra Strong Poppers 30ml"},"content":{"rendered":"","protected":false},"excerpt":{"rendered":"<p><strong>BLACK FIST Extra Strong Poppers 30ml<\/strong> est extra fort et vous aide \u00e0 ins\u00e9rer votre gode pr\u00e9f\u00e9r\u00e9 de ALL BLACK dans votre trou d\u00e9tendu et \u00e9tir\u00e9. BLACK FIST Extra Strong Poppers 30ml contient du nitrite d&rsquo;alkyle, appel\u00e9 nitrite d&rsquo;hexyle, qui est consid\u00e9r\u00e9 comme le moins nocif pour la sant\u00e9. Avec une force de 6 sur 6, BLACK FIST Extra Strong Poppers est l&rsquo;un des poppers les plus puissants du march\u00e9 et est disponible en flacon de 30 ml avec un bouchon facile \u00e0 ouvrir. Profitez d&rsquo;exp\u00e9riences sexuelles sans fin avec les godemich\u00e9s anaux noirs de ALL BLACK et de sessions Fist torrides et assurez-vous une nuit de sexe torride avec le BLACK FIST Extra Strong Poppers.   <\/p>\n","protected":false},"featured_media":130045,"comment_status":"open","ping_status":"closed","template":"","meta":{"_acf_changed":false,"iawp_total_views":68,"_glsr_average":0,"_glsr_ranking":0,"_glsr_reviews":0},"product_brand":[],"product_cat":[1046,77],"product_tag":[],"class_list":{"0":"post-97312","1":"product","2":"type-product","3":"status-publish","4":"has-post-thumbnail","6":"product_cat-poppers","7":"product_cat-grands-flacons","8":"pa_flaschenform-rond-petit","9":"pa_gewindegroesse-small","10":"pa_inhalt-30ml","11":"pa_inhaltsstoffe-nitrite-dhexyle","12":"pa_marke-royal-hexagon-fr","13":"pa_staerke-91","15":"first","16":"instock","17":"taxable","18":"shipping-taxable","19":"purchasable","20":"product-type-simple"},"acf":[],"_links":{"self":[{"href":"https:\/\/poppers-online.ch\/fr\/wp-json\/wp\/v2\/product\/97312","targetHints":{"allow":["GET"]}}],"collection":[{"href":"https:\/\/poppers-online.ch\/fr\/wp-json\/wp\/v2\/product"}],"about":[{"href":"https:\/\/poppers-online.ch\/fr\/wp-json\/wp\/v2\/types\/product"}],"replies":[{"embeddable":true,"href":"https:\/\/poppers-online.ch\/fr\/wp-json\/wp\/v2\/comments?post=97312"}],"wp:featuredmedia":[{"embeddable":true,"href":"https:\/\/poppers-online.ch\/fr\/wp-json\/wp\/v2\/media\/130045"}],"wp:attachment":[{"href":"https:\/\/poppers-online.ch\/fr\/wp-json\/wp\/v2\/media?parent=97312"}],"wp:term":[{"taxonomy":"product_brand","embeddable":true,"href":"https:\/\/poppers-online.ch\/fr\/wp-json\/wp\/v2\/product_brand?post=97312"},{"taxonomy":"product_cat","embeddable":true,"href":"https:\/\/poppers-online.ch\/fr\/wp-json\/wp\/v2\/product_cat?post=97312"},{"taxonomy":"product_tag","embeddable":true,"href":"https:\/\/poppers-online.ch\/fr\/wp-json\/wp\/v2\/product_tag?post=97312"}],"curies":[{"name":"wp","href":"https:\/\/api.w.org\/{rel}","templated":true}]}}