{"id":96908,"date":"2024-07-04T16:18:24","date_gmt":"2024-07-04T14:18:24","guid":{"rendered":"https:\/\/poppers-online.ch\/produkt\/kinky-monster-cockring-en-acier-inoxydable-simple-rainure-largeur-15mm\/"},"modified":"2026-03-26T16:15:04","modified_gmt":"2026-03-26T15:15:04","slug":"kinky-monster-cockring-en-acier-inoxydable-simple-rainure-largeur-15mm","status":"publish","type":"product","link":"https:\/\/poppers-online.ch\/fr\/produit\/kinky-monster-cockring-en-acier-inoxydable-simple-rainure-largeur-15mm\/","title":{"rendered":"Kinky Monster Cockring en acier inoxydable &#8211; simple rainure &#8211; largeur 15mm"},"content":{"rendered":"","protected":false},"excerpt":{"rendered":"<p><strong>Le cockring Kinky Monster en acier inoxydable &#8211; simple rainure &#8211; largeur 15mm<\/strong> n&rsquo;est ni trop large ni trop lourd et a une simple rainure sur l&rsquo;ext\u00e9rieur. Cette bague cock a une largeur de c. 15mm et une \u00e9paisseur d&rsquo;environ 6mm, les bords sont agr\u00e9ablement arrondis. Ce bijou \u00e9rotique pour hommes n&rsquo;est pas pour les d\u00e9butants et permet d&rsquo;avoir des rapports sexuels plus longs et plus intenses, mais les cockrings en m\u00e9tal ne conviennent pas aux d\u00e9butants. N&rsquo;enfile jamais le cockring lorsque le p\u00e9nis est excit\u00e9. Introduis un testicule \u00e0 la fois, puis le p\u00e9nis \u00e0 la fin. Ne porte pas le cockring plus de 30 minutes et retire-le facilement avec un lubrifiant. Comment trouver la bonne taille pour toi ? Mesure la circonf\u00e9rence autour des testicules et de la queue \u00e0 l&rsquo;aide d&rsquo;une bande \u00e9lastique et divise la longueur en mm par Pi (3,14) pour obtenir le diam\u00e8tre n\u00e9cessaire. Le mieux est de prendre plusieurs mesures \u00e0 diff\u00e9rents moments de la journ\u00e9e. En cas de doute, choisis le diam\u00e8tre le plus grand. Le poids de ce cockring est de 110g. Le cockring Kinky Monster est disponible en 4 diam\u00e8tres int\u00e9rieurs diff\u00e9rents : <strong>S=40mm, M=45mm, L=50mm, XL-55mm.<\/strong><\/p>\n","protected":false},"featured_media":96895,"comment_status":"open","ping_status":"closed","template":"","meta":{"_acf_changed":false,"iawp_total_views":3,"_glsr_average":0,"_glsr_ranking":0,"_glsr_reviews":0},"product_brand":[],"product_cat":[2091,171],"product_tag":[],"class_list":{"0":"post-96908","1":"product","2":"type-product","3":"status-publish","4":"has-post-thumbnail","6":"product_cat-cock-play","7":"product_cat-sex-toys","9":"first","10":"instock","11":"taxable","12":"shipping-taxable","13":"purchasable","14":"product-type-variable","15":"has-default-attributes"},"acf":[],"_links":{"self":[{"href":"https:\/\/poppers-online.ch\/fr\/wp-json\/wp\/v2\/product\/96908","targetHints":{"allow":["GET"]}}],"collection":[{"href":"https:\/\/poppers-online.ch\/fr\/wp-json\/wp\/v2\/product"}],"about":[{"href":"https:\/\/poppers-online.ch\/fr\/wp-json\/wp\/v2\/types\/product"}],"replies":[{"embeddable":true,"href":"https:\/\/poppers-online.ch\/fr\/wp-json\/wp\/v2\/comments?post=96908"}],"wp:featuredmedia":[{"embeddable":true,"href":"https:\/\/poppers-online.ch\/fr\/wp-json\/wp\/v2\/media\/96895"}],"wp:attachment":[{"href":"https:\/\/poppers-online.ch\/fr\/wp-json\/wp\/v2\/media?parent=96908"}],"wp:term":[{"taxonomy":"product_brand","embeddable":true,"href":"https:\/\/poppers-online.ch\/fr\/wp-json\/wp\/v2\/product_brand?post=96908"},{"taxonomy":"product_cat","embeddable":true,"href":"https:\/\/poppers-online.ch\/fr\/wp-json\/wp\/v2\/product_cat?post=96908"},{"taxonomy":"product_tag","embeddable":true,"href":"https:\/\/poppers-online.ch\/fr\/wp-json\/wp\/v2\/product_tag?post=96908"}],"curies":[{"name":"wp","href":"https:\/\/api.w.org\/{rel}","templated":true}]}}