{"id":96889,"date":"2024-07-04T15:38:13","date_gmt":"2024-07-04T13:41:45","guid":{"rendered":"https:\/\/poppers-online.ch\/produkt\/euro-poppers-formule-extreme-30ml\/"},"modified":"2024-10-24T18:33:42","modified_gmt":"2024-10-24T16:33:42","slug":"euro-poppers-formule-extreme-30ml","status":"publish","type":"product","link":"https:\/\/poppers-online.ch\/fr\/produit\/euro-poppers-formule-extreme-30ml\/","title":{"rendered":"EURO-POPPERS Formule extr\u00eame 30ml"},"content":{"rendered":"","protected":false},"excerpt":{"rendered":"<p><strong>EURO-POPPERS Extreme Formula 30ml<\/strong> repr\u00e9sente la monnaie commune de l&rsquo;Union europ\u00e9enne et le grand football en Europe. Avec EURO-POPPERS, montrez que vous faites partie de l&rsquo;Europe et de la communaut\u00e9 europ\u00e9enne qui compte plus de 450 millions d&rsquo;habitants et de nombreuses villes passionnantes et vibrantes. EURO-POPPERS Extreme Formula 30ml contient du nitrite d&rsquo;alkyle class\u00e9 comme le moins dangereux pour la sant\u00e9, appel\u00e9 nitrite d&rsquo;hexyle. Il fait partie des vari\u00e9t\u00e9s les plus fortes du march\u00e9 avec une force de 5 et est disponible en flacon de 30 ml avec un bouchon facile \u00e0 ouvrir. Achetez en exclusivit\u00e9 chez nous EURO-POPPERS Extreme Formula 30ml. Nous envoyons des EURO-POPPERS dans les 27 pays de l&rsquo;UE et dans les 47 pays du continent europ\u00e9en. Nous exp\u00e9dions bien entendu l&rsquo;EURO-POPPERS Extreme Formula 30ml &#8211; comme tous les autres poppers &#8211; dans le monde entier.<\/p>\n","protected":false},"featured_media":96881,"comment_status":"open","ping_status":"closed","template":"","meta":{"_acf_changed":false,"iawp_total_views":1,"_glsr_average":0,"_glsr_ranking":0,"_glsr_reviews":0},"product_brand":[],"product_cat":[1046,77],"product_tag":[],"class_list":{"0":"post-96889","1":"product","2":"type-product","3":"status-publish","4":"has-post-thumbnail","6":"product_cat-poppers","7":"product_cat-grands-flacons","8":"pa_flaschenform-rond-petit","9":"pa_gewindegroesse-small","10":"pa_inhalt-30ml","11":"pa_inhaltsstoffe-nitrite-dhexyle","12":"pa_marke-royal-hexagon-fr","13":"pa_staerke-90","15":"first","16":"instock","17":"taxable","18":"shipping-taxable","19":"purchasable","20":"product-type-simple"},"acf":[],"_links":{"self":[{"href":"https:\/\/poppers-online.ch\/fr\/wp-json\/wp\/v2\/product\/96889","targetHints":{"allow":["GET"]}}],"collection":[{"href":"https:\/\/poppers-online.ch\/fr\/wp-json\/wp\/v2\/product"}],"about":[{"href":"https:\/\/poppers-online.ch\/fr\/wp-json\/wp\/v2\/types\/product"}],"replies":[{"embeddable":true,"href":"https:\/\/poppers-online.ch\/fr\/wp-json\/wp\/v2\/comments?post=96889"}],"wp:featuredmedia":[{"embeddable":true,"href":"https:\/\/poppers-online.ch\/fr\/wp-json\/wp\/v2\/media\/96881"}],"wp:attachment":[{"href":"https:\/\/poppers-online.ch\/fr\/wp-json\/wp\/v2\/media?parent=96889"}],"wp:term":[{"taxonomy":"product_brand","embeddable":true,"href":"https:\/\/poppers-online.ch\/fr\/wp-json\/wp\/v2\/product_brand?post=96889"},{"taxonomy":"product_cat","embeddable":true,"href":"https:\/\/poppers-online.ch\/fr\/wp-json\/wp\/v2\/product_cat?post=96889"},{"taxonomy":"product_tag","embeddable":true,"href":"https:\/\/poppers-online.ch\/fr\/wp-json\/wp\/v2\/product_tag?post=96889"}],"curies":[{"name":"wp","href":"https:\/\/api.w.org\/{rel}","templated":true}]}}